{"id":393,"date":"2022-10-19T13:58:34","date_gmt":"2022-10-19T13:58:34","guid":{"rendered":"https:\/\/demo.athemes.com\/botiga-beauty-el\/?page_id=393"},"modified":"2025-06-25T02:38:33","modified_gmt":"2025-06-25T02:38:33","slug":"contato","status":"publish","type":"page","link":"https:\/\/agriomac.com.br\/loja\/contato\/","title":{"rendered":"Contato"},"content":{"rendered":"\t\t<div data-elementor-type=\"wp-page\" data-elementor-id=\"393\" class=\"elementor elementor-393\">\n\t\t\t\t\t\t<section class=\"elementor-section elementor-top-section elementor-element elementor-element-d680740 elementor-section-content-middle elementor-section-boxed elementor-section-height-default elementor-section-height-default\" data-id=\"d680740\" data-element_type=\"section\" data-e-type=\"section\" data-settings=\"{&quot;background_background&quot;:&quot;video&quot;,&quot;background_video_link&quot;:&quot;https:\\\/\\\/www.youtube.com\\\/watch?v=7Xoc9XtDg1w&amp;ab_channel=RecursosDigitalesGratis&quot;}\">\n\t\t\t\t\t\t\t\t<div class=\"elementor-background-video-container elementor-hidden-mobile\">\n\t\t\t\t\t\t\t\t\t\t\t\t\t<div class=\"elementor-background-video-embed\" role=\"presentation\"><\/div>\n\t\t\t\t\t\t\t\t\t\t\t\t<\/div>\n\t\t\t\t\t\t\t\t\t<div class=\"elementor-background-overlay\"><\/div>\n\t\t\t\t\t\t\t<div class=\"elementor-container elementor-column-gap-default\">\n\t\t\t\t\t<div class=\"elementor-column elementor-col-100 elementor-top-column elementor-element elementor-element-51dfc07\" data-id=\"51dfc07\" data-element_type=\"column\" data-e-type=\"column\">\n\t\t\t<div class=\"elementor-widget-wrap elementor-element-populated\">\n\t\t\t\t\t\t<section class=\"elementor-section elementor-inner-section elementor-element elementor-element-5c380fb elementor-section-boxed elementor-section-height-default elementor-section-height-default\" data-id=\"5c380fb\" data-element_type=\"section\" data-e-type=\"section\">\n\t\t\t\t\t\t<div class=\"elementor-container elementor-column-gap-default\">\n\t\t\t\t\t<div class=\"elementor-column elementor-col-100 elementor-inner-column elementor-element elementor-element-b5ab317\" data-id=\"b5ab317\" data-element_type=\"column\" data-e-type=\"column\">\n\t\t\t<div class=\"elementor-widget-wrap elementor-element-populated\">\n\t\t\t\t\t\t<div class=\"elementor-element elementor-element-aa2da48 e-transform elementor-invisible elementor-widget elementor-widget-heading\" data-id=\"aa2da48\" data-element_type=\"widget\" data-e-type=\"widget\" data-settings=\"{&quot;_animation&quot;:&quot;fadeInDown&quot;,&quot;_transform_scale_effect_hover&quot;:{&quot;unit&quot;:&quot;px&quot;,&quot;size&quot;:1.1,&quot;sizes&quot;:[]},&quot;_transform_scale_effect_hover_tablet&quot;:{&quot;unit&quot;:&quot;px&quot;,&quot;size&quot;:&quot;&quot;,&quot;sizes&quot;:[]},&quot;_transform_scale_effect_hover_mobile&quot;:{&quot;unit&quot;:&quot;px&quot;,&quot;size&quot;:&quot;&quot;,&quot;sizes&quot;:[]}}\" data-widget_type=\"heading.default\">\n\t\t\t\t<div class=\"elementor-widget-container\">\n\t\t\t\t\t<h1 class=\"elementor-heading-title elementor-size-default\">ENTRE EM CONTATO CONOSCO<\/h1>\t\t\t\t<\/div>\n\t\t\t\t<\/div>\n\t\t\t\t\t<\/div>\n\t\t<\/div>\n\t\t\t\t\t<\/div>\n\t\t<\/section>\n\t\t\t\t<section class=\"elementor-section elementor-inner-section elementor-element elementor-element-e2f97ff elementor-section-boxed elementor-section-height-default elementor-section-height-default\" data-id=\"e2f97ff\" data-element_type=\"section\" data-e-type=\"section\">\n\t\t\t\t\t\t<div class=\"elementor-container elementor-column-gap-default\">\n\t\t\t\t\t<div class=\"elementor-column elementor-col-100 elementor-inner-column elementor-element elementor-element-683dd04\" data-id=\"683dd04\" data-element_type=\"column\" data-e-type=\"column\">\n\t\t\t<div class=\"elementor-widget-wrap elementor-element-populated\">\n\t\t\t\t\t\t<div class=\"elementor-element elementor-element-c0a42a9 e-transform elementor-widget elementor-widget-text-editor\" data-id=\"c0a42a9\" data-element_type=\"widget\" data-e-type=\"widget\" data-settings=\"{&quot;_transform_scale_effect_hover&quot;:{&quot;unit&quot;:&quot;px&quot;,&quot;size&quot;:1.03,&quot;sizes&quot;:[]},&quot;_transform_scale_effect_hover_tablet&quot;:{&quot;unit&quot;:&quot;px&quot;,&quot;size&quot;:&quot;&quot;,&quot;sizes&quot;:[]},&quot;_transform_scale_effect_hover_mobile&quot;:{&quot;unit&quot;:&quot;px&quot;,&quot;size&quot;:&quot;&quot;,&quot;sizes&quot;:[]}}\" data-widget_type=\"text-editor.default\">\n\t\t\t\t<div class=\"elementor-widget-container\">\n\t\t\t\t\t\t\t\t\t<p>Preencha o formul\u00e1rio de contato abaixo ou nos chame no WhatsApp!<\/p>\t\t\t\t\t\t\t\t<\/div>\n\t\t\t\t<\/div>\n\t\t\t\t\t<\/div>\n\t\t<\/div>\n\t\t\t\t\t<\/div>\n\t\t<\/section>\n\t\t\t\t\t<\/div>\n\t\t<\/div>\n\t\t\t\t\t<\/div>\n\t\t<\/section>\n\t\t\t\t<section class=\"elementor-section elementor-top-section elementor-element elementor-element-c275639 elementor-section-boxed elementor-section-height-default elementor-section-height-default\" data-id=\"c275639\" data-element_type=\"section\" data-e-type=\"section\">\n\t\t\t\t\t\t<div class=\"elementor-container elementor-column-gap-default\">\n\t\t\t\t\t<div class=\"elementor-column elementor-col-100 elementor-top-column elementor-element elementor-element-0d095d2\" data-id=\"0d095d2\" data-element_type=\"column\" data-e-type=\"column\">\n\t\t\t<div class=\"elementor-widget-wrap\">\n\t\t\t\t\t\t\t<\/div>\n\t\t<\/div>\n\t\t\t\t\t<\/div>\n\t\t<\/section>\n\t\t<div class=\"elementor-element elementor-element-47eb02d e-flex e-con-boxed e-con e-parent\" data-id=\"47eb02d\" data-element_type=\"container\" data-e-type=\"container\" data-settings=\"{&quot;background_background&quot;:&quot;gradient&quot;}\">\n\t\t\t\t\t<div class=\"e-con-inner\">\n\t\t\t\t<div class=\"elementor-element elementor-element-5f53438 elementor-tablet-align-center elementor-widget__width-initial elementor-align-center elementor-invisible elementor-widget elementor-widget-button\" data-id=\"5f53438\" data-element_type=\"widget\" data-e-type=\"widget\" data-settings=\"{&quot;_animation&quot;:&quot;fadeInLeft&quot;}\" data-widget_type=\"button.default\">\n\t\t\t\t<div class=\"elementor-widget-container\">\n\t\t\t\t\t\t\t\t\t<div class=\"elementor-button-wrapper\">\n\t\t\t\t\t<a class=\"elementor-button elementor-button-link elementor-size-sm\" href=\"http:\/\/wa.me\/5549998032703\">\n\t\t\t\t\t\t<span class=\"elementor-button-content-wrapper\">\n\t\t\t\t\t\t<span class=\"elementor-button-icon\">\n\t\t\t\t<svg aria-hidden=\"true\" class=\"e-font-icon-svg e-fab-whatsapp\" viewBox=\"0 0 448 512\" xmlns=\"http:\/\/www.w3.org\/2000\/svg\"><path d=\"M380.9 97.1C339 55.1 283.2 32 223.9 32c-122.4 0-222 99.6-222 222 0 39.1 10.2 77.3 29.6 111L0 480l117.7-30.9c32.4 17.7 68.9 27 106.1 27h.1c122.3 0 224.1-99.6 224.1-222 0-59.3-25.2-115-67.1-157zm-157 341.6c-33.2 0-65.7-8.9-94-25.7l-6.7-4-69.8 18.3L72 359.2l-4.4-7c-18.5-29.4-28.2-63.3-28.2-98.2 0-101.7 82.8-184.5 184.6-184.5 49.3 0 95.6 19.2 130.4 54.1 34.8 34.9 56.2 81.2 56.1 130.5 0 101.8-84.9 184.6-186.6 184.6zm101.2-138.2c-5.5-2.8-32.8-16.2-37.9-18-5.1-1.9-8.8-2.8-12.5 2.8-3.7 5.6-14.3 18-17.6 21.8-3.2 3.7-6.5 4.2-12 1.4-32.6-16.3-54-29.1-75.5-66-5.7-9.8 5.7-9.1 16.3-30.3 1.8-3.7.9-6.9-.5-9.7-1.4-2.8-12.5-30.1-17.1-41.2-4.5-10.8-9.1-9.3-12.5-9.5-3.2-.2-6.9-.2-10.6-.2-3.7 0-9.7 1.4-14.8 6.9-5.1 5.6-19.4 19-19.4 46.3 0 27.3 19.9 53.7 22.6 57.4 2.8 3.7 39.1 59.7 94.8 83.8 35.2 15.2 49 16.5 66.6 13.9 10.7-1.6 32.8-13.4 37.4-26.4 4.6-13 4.6-24.1 3.2-26.4-1.3-2.5-5-3.9-10.5-6.6z\"><\/path><\/svg>\t\t\t<\/span>\n\t\t\t\t\t\t\t\t\t<span class=\"elementor-button-text\">Chamar WhatsApp<\/span>\n\t\t\t\t\t<\/span>\n\t\t\t\t\t<\/a>\n\t\t\t\t<\/div>\n\t\t\t\t\t\t\t\t<\/div>\n\t\t\t\t<\/div>\n\t\t\t\t\t<\/div>\n\t\t\t\t<\/div>\n\t\t\t\t<section class=\"elementor-section elementor-top-section elementor-element elementor-element-963138c elementor-section-boxed elementor-section-height-default elementor-section-height-default elementor-invisible\" data-id=\"963138c\" data-element_type=\"section\" data-e-type=\"section\" data-settings=\"{&quot;animation&quot;:&quot;fadeInUpShorter&quot;,&quot;animation_delay&quot;:600,&quot;background_background&quot;:&quot;gradient&quot;}\">\n\t\t\t\t\t\t<div class=\"elementor-container elementor-column-gap-default\">\n\t\t\t\t\t<div class=\"elementor-column elementor-col-100 elementor-top-column elementor-element elementor-element-dfa68f3\" data-id=\"dfa68f3\" data-element_type=\"column\" data-e-type=\"column\">\n\t\t\t<div class=\"elementor-widget-wrap elementor-element-populated\">\n\t\t\t\t\t\t<div class=\"elementor-element elementor-element-449cc41 elementor-widget elementor-widget-heading\" data-id=\"449cc41\" data-element_type=\"widget\" data-e-type=\"widget\" data-widget_type=\"heading.default\">\n\t\t\t\t<div class=\"elementor-widget-container\">\n\t\t\t\t\t<h2 class=\"elementor-heading-title elementor-size-default\">Nossa Sede<\/h2>\t\t\t\t<\/div>\n\t\t\t\t<\/div>\n\t\t\t\t<div class=\"elementor-element elementor-element-87e82a1 elementor-widget elementor-widget-text-editor\" data-id=\"87e82a1\" data-element_type=\"widget\" data-e-type=\"widget\" data-widget_type=\"text-editor.default\">\n\t\t\t\t<div class=\"elementor-widget-container\">\n\t\t\t\t\t\t\t\t\t<p style=\"box-sizing: inherit; margin-bottom: 40px; color: #212121;\"><span style=\"box-sizing: inherit; font-weight: bold;\">Endere\u00e7o:<\/span><br style=\"box-sizing: inherit;\" \/>BR-282, km 345 \u2013 Ernesto Zortea<br style=\"box-sizing: inherit;\" \/>Campos Novos \u2013 SC, 89620-000<\/p><p style=\"box-sizing: inherit; margin-bottom: 40px; color: #212121;\"><span style=\"box-sizing: inherit; font-weight: bold;\">Telefone:<\/span><br style=\"box-sizing: inherit;\" \/>(49) 99803-2703<\/p><p style=\"box-sizing: inherit; margin-bottom: 40px; color: #212121;\"><span style=\"box-sizing: inherit; font-weight: bold;\">E-mails:<\/span><br style=\"box-sizing: inherit;\" \/><a style=\"box-sizing: inherit; text-decoration-line: underline;\">contato@agriomac.com.br<\/a><br style=\"box-sizing: inherit;\" \/><a style=\"box-sizing: inherit; text-decoration-line: underline;\">financeiro@agriomac.com.br<\/a><\/p>\t\t\t\t\t\t\t\t<\/div>\n\t\t\t\t<\/div>\n\t\t\t\t<div class=\"elementor-element elementor-element-cbfd614 elementor-widget elementor-widget-heading\" data-id=\"cbfd614\" data-element_type=\"widget\" data-e-type=\"widget\" data-widget_type=\"heading.default\">\n\t\t\t\t<div class=\"elementor-widget-container\">\n\t\t\t\t\t<h2 class=\"elementor-heading-title elementor-size-default\">Hor\u00e1rio de atendimento<\/h2>\t\t\t\t<\/div>\n\t\t\t\t<\/div>\n\t\t\t\t<div class=\"elementor-element elementor-element-769cb96 elementor-widget elementor-widget-text-editor\" data-id=\"769cb96\" data-element_type=\"widget\" data-e-type=\"widget\" data-widget_type=\"text-editor.default\">\n\t\t\t\t<div class=\"elementor-widget-container\">\n\t\t\t\t\t\t\t\t\t<p>Segunda-feira \u00e0 Sexta-feira: 8h \u00e0s 12h &amp; 13h30 \u00e0s 18h\u00a0 \u00a0 \u00a0 \u00a0 \u00a0 \u00a0S\u00e1bado: 8h \u00e0s 12h\u00a0 \u00a0 \u00a0 \u00a0 \u00a0 \u00a0Domingo: Fechado<\/p>\t\t\t\t\t\t\t\t<\/div>\n\t\t\t\t<\/div>\n\t\t\t\t<div class=\"elementor-element elementor-element-a491092 elementor-widget elementor-widget-google_maps\" data-id=\"a491092\" data-element_type=\"widget\" data-e-type=\"widget\" data-widget_type=\"google_maps.default\">\n\t\t\t\t<div class=\"elementor-widget-container\">\n\t\t\t\t\t\t\t<div class=\"elementor-custom-embed\">\n\t\t\t<iframe loading=\"lazy\"\n\t\t\t\t\tsrc=\"https:\/\/maps.google.com\/maps?q=AgrioMac%2C%20BR-282%2C%20km%20345%20-%20Ernesto%20Zortea%2C%20Campos%20Novos%20-%20SC%2C%2089620-000&#038;t=m&#038;z=15&#038;output=embed&#038;iwloc=near\"\n\t\t\t\t\ttitle=\"AgrioMac, BR-282, km 345 - Ernesto Zortea, Campos Novos - SC, 89620-000\"\n\t\t\t\t\taria-label=\"AgrioMac, BR-282, km 345 - Ernesto Zortea, Campos Novos - SC, 89620-000\"\n\t\t\t><\/iframe>\n\t\t<\/div>\n\t\t\t\t\t\t<\/div>\n\t\t\t\t<\/div>\n\t\t\t\t<div class=\"elementor-element elementor-element-a3d805b elementor-widget elementor-widget-wpforms\" data-id=\"a3d805b\" data-element_type=\"widget\" data-e-type=\"widget\" data-widget_type=\"wpforms.default\">\n\t\t\t\t<div class=\"elementor-widget-container\">\n\t\t\t\t\t<div class=\"wpforms-container wpforms-container-full\" id=\"wpforms-1299\"><form id=\"wpforms-form-1299\" class=\"wpforms-validate wpforms-form wpforms-ajax-form\" data-formid=\"1299\" method=\"post\" enctype=\"multipart\/form-data\" action=\"\/loja\/wp-json\/wp\/v2\/pages\/393\" data-token=\"c6e98d4e0c40e93717100f6cf9f9c930\" data-token-time=\"1778171779\"><noscript class=\"wpforms-error-noscript\">Ative o JavaScript no seu navegador para preencher este formul\u00e1rio.<\/noscript><div class=\"wpforms-field-container\"><div id=\"wpforms-1299-field_4-container\" class=\"wpforms-field wpforms-field-radio wpforms-list-inline\" data-field-id=\"4\"><label class=\"wpforms-field-label\">Informe abaixo se voc\u00ea \u00e9? <span class=\"wpforms-required-label\">*<\/span><\/label><ul id=\"wpforms-1299-field_4\" class=\"wpforms-field-required wpforms-icon-choices wpforms-icon-choices-default wpforms-icon-choices-large\" style=\"--wpforms-icon-choices-color: #279e19;\"><li class=\"choice-1 depth-1 wpforms-icon-choices-item\"><label class=\"wpforms-field-label-inline\" for=\"wpforms-1299-field_4_1\">\n\t\t\t\t<span class=\"wpforms-icon-choices-icon\">\n\t\t\t\t\t<svg xmlns=\"http:\/\/www.w3.org\/2000\/svg\" width=\"80\" height=\"64\" viewBox=\"0 0 640 512\"><!--! Font Awesome Free 6.4.0 by @fontawesome - https:\/\/fontawesome.com License - https:\/\/fontawesome.com\/license\/free (Icons: CC BY 4.0, Fonts: SIL OFL 1.1, Code: MIT License) Copyright 2023 Fonticons, Inc. --><path d=\"M36.8 192H603.2c20.3 0 36.8-16.5 36.8-36.8c0-7.3-2.2-14.4-6.2-20.4L558.2 21.4C549.3 8 534.4 0 518.3 0H121.7c-16 0-31 8-39.9 21.4L6.2 134.7c-4 6.1-6.2 13.2-6.2 20.4C0 175.5 16.5 192 36.8 192zM64 224V384v80c0 26.5 21.5 48 48 48H336c26.5 0 48-21.5 48-48V384 224H320V384H128V224H64zm448 0V480c0 17.7 14.3 32 32 32s32-14.3 32-32V224H512z\"\/><\/svg>\n\t\t\t\t\t<span class=\"wpforms-icon-choices-icon-bg\"><\/span>\n\t\t\t\t<\/span>\n\t\t\t\t<input type=\"radio\" id=\"wpforms-1299-field_4_1\" class=\"wpforms-screen-reader-element\" name=\"wpforms[fields][4]\" value=\"Revenda\" required >\n\t\t\t\t<span class=\"wpforms-icon-choices-label\">Revenda<\/span>\n\t\t\t<\/label><\/li><li class=\"choice-2 depth-1 wpforms-icon-choices-item\"><label class=\"wpforms-field-label-inline\" for=\"wpforms-1299-field_4_2\">\n\t\t\t\t<span class=\"wpforms-icon-choices-icon\">\n\t\t\t\t\t<svg xmlns=\"http:\/\/www.w3.org\/2000\/svg\" width=\"80\" height=\"64\" viewBox=\"0 0 640 512\"><!--! Font Awesome Free 6.4.0 by @fontawesome - https:\/\/fontawesome.com License - https:\/\/fontawesome.com\/license\/free (Icons: CC BY 4.0, Fonts: SIL OFL 1.1, Code: MIT License) Copyright 2023 Fonticons, Inc. --><path d=\"M160 0c-6.3 0-12 3.7-14.6 9.5L120.6 64.9 63.9 43.2c-5.9-2.3-12.6-.8-17 3.6s-5.9 11.1-3.6 17l21.7 56.7L9.5 145.4C3.7 148 0 153.7 0 160s3.7 12 9.5 14.6l55.4 24.8L43.2 256.1c-2.3 5.9-.8 12.6 3.6 17s11.1 5.9 17 3.6l56.7-21.7 24.8 55.4c2.6 5.8 8.3 9.5 14.6 9.5s12-3.7 14.6-9.5l24.8-55.4 56.7 21.7c5.9 2.3 12.6 .8 17-3.6s5.9-11.1 3.6-17l-21.7-56.7 55.4-24.8c5.8-2.6 9.5-8.3 9.5-14.6s-3.7-12-9.5-14.6l-55.4-24.8 21.7-56.7c2.3-5.9 .8-12.6-3.6-17s-11.1-5.9-17-3.6L199.4 64.9 174.6 9.5C172 3.7 166.3 0 160 0zm0 96a64 64 0 1 1 0 128 64 64 0 1 1 0-128zm32 64a32 32 0 1 0 -64 0 32 32 0 1 0 64 0zm312 16c0-17.7 14.3-32 32-32s32 14.3 32 32v53.4c-14.8 7.7-24 23.1-24 44.6c0 16.8 16 44 37.4 67.2c5.8 6.2 15.5 6.2 21.2 0C624 318 640 290.7 640 274c0-21.5-9.2-37-24-44.6V176c0-44.2-35.8-80-80-80s-80 35.8-80 80v22.7c-9.8-4.3-20.6-6.7-32-6.7c-44.2 0-80 35.8-80 80v21.4c-14.8 7.7-24 23.1-24 44.6c0 16.8 16 44 37.4 67.2c5.8 6.2 15.5 6.2 21.2 0C400 382 416 354.7 416 338c0-21.5-9.2-37-24-44.6V272c0-17.7 14.3-32 32-32s32 14.3 32 32v8V448H32c-17.7 0-32 14.3-32 32s14.3 32 32 32H608c17.7 0 32-14.3 32-32s-14.3-32-32-32H504V280v-8V176z\"\/><\/svg>\n\t\t\t\t\t<span class=\"wpforms-icon-choices-icon-bg\"><\/span>\n\t\t\t\t<\/span>\n\t\t\t\t<input type=\"radio\" id=\"wpforms-1299-field_4_2\" class=\"wpforms-screen-reader-element\" name=\"wpforms[fields][4]\" value=\"Agricultor\" required >\n\t\t\t\t<span class=\"wpforms-icon-choices-label\">Agricultor<\/span>\n\t\t\t<\/label><\/li><\/ul><div class=\"wpforms-field-description\">Clique sobre a op\u00e7\u00e3o que define o que voc\u00ea \u00e9. Isso ir\u00e1 definir o colaborar respons\u00e1vel para retornar contato.<\/div><\/div><div id=\"wpforms-1299-field_1-container\" class=\"wpforms-field wpforms-field-name\" data-field-id=\"1\"><label class=\"wpforms-field-label\">Informe seu nome\/raz\u00e3o social <span class=\"wpforms-required-label\">*<\/span><\/label><div class=\"wpforms-field-row wpforms-field-medium\"><div class=\"wpforms-field-row-block wpforms-first wpforms-one-half\"><input type=\"text\" id=\"wpforms-1299-field_1\" class=\"wpforms-field-name-first wpforms-field-required\" name=\"wpforms[fields][1][first]\" required><label for=\"wpforms-1299-field_1\" class=\"wpforms-field-sublabel after\">Nome<\/label><\/div><div class=\"wpforms-field-row-block wpforms-one-half\"><input type=\"text\" id=\"wpforms-1299-field_1-last\" class=\"wpforms-field-name-last wpforms-field-required\" name=\"wpforms[fields][1][last]\" required><label for=\"wpforms-1299-field_1-last\" class=\"wpforms-field-sublabel after\">Sobrenome<\/label><\/div><\/div><\/div>\t\t<div id=\"wpforms-1299-field_2-container\"\n\t\t\tclass=\"wpforms-field wpforms-field-text\"\n\t\t\tdata-field-type=\"text\"\n\t\t\tdata-field-id=\"2\"\n\t\t\t>\n\t\t\t<label class=\"wpforms-field-label\" for=\"wpforms-1299-field_2\" >Motivo o voc\u00ea<\/label>\n\t\t\t<input type=\"text\" id=\"wpforms-1299-field_2\" class=\"wpforms-field-medium\" name=\"wpforms[fields][2]\" >\n\t\t<\/div>\n\t\t<div id=\"wpforms-1299-field_9-container\" class=\"wpforms-field wpforms-field-number\" data-field-id=\"9\"><label class=\"wpforms-field-label\" for=\"wpforms-1299-field_9\">Telefone\/Celular para contato <span class=\"wpforms-required-label\">*<\/span><\/label><input type=\"number\" id=\"wpforms-1299-field_9\" class=\"wpforms-field-medium wpforms-field-required\" name=\"wpforms[fields][9]\" step=\"any\" required><div class=\"wpforms-field-description\">Retornaremos pelo n\u00famero informado neste campo.<\/div><\/div><div id=\"wpforms-1299-field_8-container\" class=\"wpforms-field wpforms-field-email\" data-field-id=\"8\"><label class=\"wpforms-field-label\" for=\"wpforms-1299-field_8\">Email <span class=\"wpforms-required-label\">*<\/span><\/label><input type=\"email\" id=\"wpforms-1299-field_8\" class=\"wpforms-field-medium wpforms-field-required\" name=\"wpforms[fields][8]\" spellcheck=\"false\" required><\/div><div id=\"wpforms-1299-field_6-container\" class=\"wpforms-field wpforms-field-select wpforms-field-select-style-classic\" data-field-id=\"6\"><label class=\"wpforms-field-label\" for=\"wpforms-1299-field_6\">Motivo do contato <span class=\"wpforms-required-label\">*<\/span><\/label><select id=\"wpforms-1299-field_6\" class=\"wpforms-field-medium wpforms-field-required\" name=\"wpforms[fields][6]\" required=\"required\"><option value=\"Quero um or\u00e7amento sem compromisso para uma pe\u00e7a agr\u00edcola sob medida.\"  class=\"choice-4 depth-1\"  >Quero um or\u00e7amento sem compromisso para uma pe\u00e7a agr\u00edcola sob medida.<\/option><option value=\"Quero um or\u00e7amento sem compromisso para compra em lote de pe\u00e7as\"  class=\"choice-1 depth-1\"  >Quero um or\u00e7amento sem compromisso para compra em lote de pe\u00e7as<\/option><option value=\"Quero me tornar um parceiro\"  class=\"choice-2 depth-1\"  >Quero me tornar um parceiro<\/option><\/select><\/div><div id=\"wpforms-1299-field_7-container\" class=\"wpforms-field wpforms-field-textarea\" data-field-id=\"7\"><label class=\"wpforms-field-label\" for=\"wpforms-1299-field_7\">Quer acrescentar algum coment\u00e1rio sobre o motivo para contato?<\/label><textarea id=\"wpforms-1299-field_7\" class=\"wpforms-field-medium\" name=\"wpforms[fields][7]\" ><\/textarea><\/div><script>\n\t\t\t\t( function() {\n\t\t\t\t\tconst style = document.createElement( 'style' );\n\t\t\t\t\tstyle.appendChild( document.createTextNode( '#wpforms-1299-field_2-container { position: absolute !important; overflow: hidden !important; display: inline !important; height: 1px !important; width: 1px !important; z-index: -1000 !important; padding: 0 !important; } #wpforms-1299-field_2-container input { visibility: hidden; } #wpforms-conversational-form-page #wpforms-1299-field_2-container label { counter-increment: none; }' ) );\n\t\t\t\t\tdocument.head.appendChild( style );\n\t\t\t\t\tdocument.currentScript?.remove();\n\t\t\t\t} )();\n\t\t\t<\/script><\/div><!-- .wpforms-field-container --><div class=\"wpforms-submit-container\" ><input type=\"hidden\" name=\"wpforms[id]\" value=\"1299\"><input type=\"hidden\" name=\"page_title\" value=\"\"><input type=\"hidden\" name=\"page_url\" value=\"https:\/\/agriomac.com.br\/loja\/wp-json\/wp\/v2\/pages\/393\"><input type=\"hidden\" name=\"url_referer\" value=\"\"><button type=\"submit\" name=\"wpforms[submit]\" id=\"wpforms-submit-1299\" class=\"wpforms-submit\" data-alt-text=\"Enviando...\" data-submit-text=\"Enviar mensagem\" aria-live=\"assertive\" value=\"wpforms-submit\">Enviar mensagem<\/button><img decoding=\"async\" src=\"https:\/\/agriomac.com.br\/loja\/wp-content\/plugins\/wpforms-lite\/assets\/images\/submit-spin.svg\" class=\"wpforms-submit-spinner\" style=\"display: none;\" width=\"26\" height=\"26\" alt=\"Carregando\"><\/div><\/form><\/div>  <!-- .wpforms-container -->\t\t\t\t<\/div>\n\t\t\t\t<\/div>\n\t\t\t\t\t<\/div>\n\t\t<\/div>\n\t\t\t\t\t<\/div>\n\t\t<\/section>\n\t\t\t\t<\/div>\n\t\t","protected":false},"excerpt":{"rendered":"<p>ENTRE EM CONTATO CONOSCO Preencha o formul\u00e1rio de contato abaixo ou nos [&hellip;]<\/p>\n","protected":false},"author":1,"featured_media":0,"parent":0,"menu_order":0,"comment_status":"closed","ping_status":"closed","template":"elementor_header_footer","meta":{"_price":"","_stock":"","_tribe_ticket_header":"","_tribe_default_ticket_provider":"","_tribe_ticket_capacity":"0","_ticket_start_date":"","_ticket_end_date":"","_tribe_ticket_show_description":"","_tribe_ticket_show_not_going":false,"_tribe_ticket_use_global_stock":"","_tribe_ticket_global_stock_level":"","_global_stock_mode":"","_global_stock_cap":"","_tribe_rsvp_for_event":"","_tribe_ticket_going_count":"","_tribe_ticket_not_going_count":"","_tribe_tickets_list":"[]","_tribe_ticket_has_attendee_info_fields":false,"_EventAllDay":false,"_EventTimezone":"","_EventStartDate":"","_EventEndDate":"","_EventStartDateUTC":"","_EventEndDateUTC":"","_EventShowMap":false,"_EventShowMapLink":false,"_EventURL":"","_EventCost":"","_EventCostDescription":"","_EventCurrencySymbol":"","_EventCurrencyCode":"","_EventCurrencyPosition":"","_EventDateTimeSeparator":"","_EventTimeRangeSeparator":"","_EventOrganizerID":[],"_EventVenueID":[],"_OrganizerEmail":"","_OrganizerPhone":"","_OrganizerWebsite":"","_VenueAddress":"","_VenueCity":"","_VenueCountry":"","_VenueProvince":"","_VenueState":"","_VenueZip":"","_VenuePhone":"","_VenueURL":"","_VenueStateProvince":"","_VenueLat":"","_VenueLng":"","_VenueShowMap":false,"_VenueShowMapLink":false,"footnotes":"","_tec_slr_enabled":"","_tec_slr_layout":""},"class_list":["post-393","page","type-page","status-publish","hentry"],"jetpack_sharing_enabled":true,"ticketed":false,"_links":{"self":[{"href":"https:\/\/agriomac.com.br\/loja\/wp-json\/wp\/v2\/pages\/393","targetHints":{"allow":["GET"]}}],"collection":[{"href":"https:\/\/agriomac.com.br\/loja\/wp-json\/wp\/v2\/pages"}],"about":[{"href":"https:\/\/agriomac.com.br\/loja\/wp-json\/wp\/v2\/types\/page"}],"author":[{"embeddable":true,"href":"https:\/\/agriomac.com.br\/loja\/wp-json\/wp\/v2\/users\/1"}],"replies":[{"embeddable":true,"href":"https:\/\/agriomac.com.br\/loja\/wp-json\/wp\/v2\/comments?post=393"}],"version-history":[{"count":22,"href":"https:\/\/agriomac.com.br\/loja\/wp-json\/wp\/v2\/pages\/393\/revisions"}],"predecessor-version":[{"id":2327,"href":"https:\/\/agriomac.com.br\/loja\/wp-json\/wp\/v2\/pages\/393\/revisions\/2327"}],"wp:attachment":[{"href":"https:\/\/agriomac.com.br\/loja\/wp-json\/wp\/v2\/media?parent=393"}],"curies":[{"name":"wp","href":"https:\/\/api.w.org\/{rel}","templated":true}]}}