{"id":1705,"date":"2025-06-01T02:20:33","date_gmt":"2025-06-01T02:20:33","guid":{"rendered":"https:\/\/agriomac.com.br\/loja\/?post_type=product&#038;p=1705"},"modified":"2025-06-02T23:18:37","modified_gmt":"2025-06-02T23:18:37","slug":"terminal-luva-cc22","status":"publish","type":"product","link":"https:\/\/agriomac.com.br\/loja\/produto\/terminal-luva-cc22\/","title":{"rendered":"TERMINAL LUVA CC22"},"content":{"rendered":"<p data-start=\"4748\" data-end=\"4960\">Utilizado em aplica\u00e7\u00f5es agr\u00edcolas diversas, o Terminal Luva CC22 oferece encaixe seguro com eixos e hastes. Seu acabamento refor\u00e7ado prolonga a vida \u00fatil em ambientes de trabalho severo.<\/p>\n<p data-start=\"4962\" data-end=\"4991\"><strong data-start=\"4962\" data-end=\"4991\">Caracter\u00edsticas t\u00e9cnicas:<\/strong><\/p>\n<ul data-start=\"4993\" data-end=\"5191\">\n<li data-start=\"4993\" data-end=\"5020\">\n<p data-start=\"4995\" data-end=\"5020\"><strong data-start=\"4995\" data-end=\"5004\">Tipo:<\/strong> Terminal luva<\/p>\n<\/li>\n<li data-start=\"5021\" data-end=\"5041\">\n<p data-start=\"5023\" data-end=\"5041\"><strong data-start=\"5023\" data-end=\"5034\">C\u00f3digo:<\/strong> CC22<\/p>\n<\/li>\n<li data-start=\"5042\" data-end=\"5077\">\n<p data-start=\"5044\" data-end=\"5077\"><strong data-start=\"5044\" data-end=\"5057\">Material:<\/strong> A\u00e7o de m\u00e9dia liga<\/p>\n<\/li>\n<li data-start=\"5078\" data-end=\"5119\">\n<p data-start=\"5080\" data-end=\"5119\"><strong data-start=\"5080\" data-end=\"5095\">Acabamento:<\/strong> Pintura anticorrosiva<\/p>\n<\/li>\n<li data-start=\"5120\" data-end=\"5191\">\n<p data-start=\"5122\" data-end=\"5191\"><strong data-start=\"5122\" data-end=\"5137\">Aplica\u00e7\u00f5es:<\/strong> Implementos agr\u00edcolas, eixos, conex\u00f5es de transmiss\u00e3o<\/p>\n<\/li>\n<\/ul>\n","protected":false},"excerpt":{"rendered":"<p data-start=\"4634\" data-end=\"4746\">Terminal luva CC22 \u2013 Pe\u00e7a para conex\u00e3o axial em m\u00e1quinas agr\u00edcolas, com \u00f3timo desempenho.<\/p>\n<p data-start=\"4748\" data-end=\"4960\">\n","protected":false},"featured_media":1689,"comment_status":"open","ping_status":"closed","template":"","meta":{"_price":"154","_stock":"3","_tribe_ticket_header":"","_tribe_default_ticket_provider":"","_tribe_ticket_capacity":"0","_ticket_start_date":"","_ticket_end_date":"","_tribe_ticket_show_description":"","_tribe_ticket_show_not_going":false,"_tribe_ticket_use_global_stock":"","_tribe_ticket_global_stock_level":"","_global_stock_mode":"","_global_stock_cap":"","_tribe_rsvp_for_event":"","_tribe_ticket_going_count":"","_tribe_ticket_not_going_count":"","_tribe_tickets_list":"[]","_tribe_ticket_has_attendee_info_fields":false,"_EventAllDay":false,"_EventTimezone":"","_EventStartDate":"","_EventEndDate":"","_EventStartDateUTC":"","_EventEndDateUTC":"","_EventShowMap":false,"_EventShowMapLink":false,"_EventURL":"","_EventCost":"","_EventCostDescription":"","_EventCurrencySymbol":"","_EventCurrencyCode":"","_EventCurrencyPosition":"","_EventDateTimeSeparator":"","_EventTimeRangeSeparator":"","_EventOrganizerID":[],"_EventVenueID":[],"_OrganizerEmail":"","_OrganizerPhone":"","_OrganizerWebsite":"","_VenueAddress":"","_VenueCity":"","_VenueCountry":"","_VenueProvince":"","_VenueState":"","_VenueZip":"","_VenuePhone":"","_VenueURL":"","_VenueStateProvince":"","_VenueLat":"","_VenueLng":"","_VenueShowMap":false,"_VenueShowMapLink":false},"product_brand":[],"product_cat":[44],"product_tag":[],"class_list":{"0":"post-1705","1":"product","2":"type-product","3":"status-publish","4":"has-post-thumbnail","6":"product_cat-pecasimplementosagricolas","8":"first","9":"instock","10":"shipping-taxable","11":"purchasable","12":"product-type-simple"},"jetpack_sharing_enabled":true,"_links":{"self":[{"href":"https:\/\/agriomac.com.br\/loja\/wp-json\/wp\/v2\/product\/1705","targetHints":{"allow":["GET"]}}],"collection":[{"href":"https:\/\/agriomac.com.br\/loja\/wp-json\/wp\/v2\/product"}],"about":[{"href":"https:\/\/agriomac.com.br\/loja\/wp-json\/wp\/v2\/types\/product"}],"replies":[{"embeddable":true,"href":"https:\/\/agriomac.com.br\/loja\/wp-json\/wp\/v2\/comments?post=1705"}],"version-history":[{"count":1,"href":"https:\/\/agriomac.com.br\/loja\/wp-json\/wp\/v2\/product\/1705\/revisions"}],"predecessor-version":[{"id":1706,"href":"https:\/\/agriomac.com.br\/loja\/wp-json\/wp\/v2\/product\/1705\/revisions\/1706"}],"wp:featuredmedia":[{"embeddable":true,"href":"https:\/\/agriomac.com.br\/loja\/wp-json\/wp\/v2\/media\/1689"}],"wp:attachment":[{"href":"https:\/\/agriomac.com.br\/loja\/wp-json\/wp\/v2\/media?parent=1705"}],"wp:term":[{"taxonomy":"product_brand","embeddable":true,"href":"https:\/\/agriomac.com.br\/loja\/wp-json\/wp\/v2\/product_brand?post=1705"},{"taxonomy":"product_cat","embeddable":true,"href":"https:\/\/agriomac.com.br\/loja\/wp-json\/wp\/v2\/product_cat?post=1705"},{"taxonomy":"product_tag","embeddable":true,"href":"https:\/\/agriomac.com.br\/loja\/wp-json\/wp\/v2\/product_tag?post=1705"}],"curies":[{"name":"wp","href":"https:\/\/api.w.org\/{rel}","templated":true}]}}