{"id":1707,"date":"2025-06-01T02:25:22","date_gmt":"2025-06-01T02:25:22","guid":{"rendered":"https:\/\/agriomac.com.br\/loja\/?post_type=product&#038;p=1707"},"modified":"2025-06-02T23:18:33","modified_gmt":"2025-06-02T23:18:33","slug":"terminal-luva-cc23","status":"publish","type":"product","link":"https:\/\/agriomac.com.br\/loja\/produto\/terminal-luva-cc23\/","title":{"rendered":"TERMINAL LUVA CC23"},"content":{"rendered":"<p data-start=\"5340\" data-end=\"5510\">O Terminal Luva CC23 \u00e9 indicado para o acoplamento de eixos e hastes em maquin\u00e1rios agr\u00edcolas, garantindo conex\u00e3o est\u00e1vel em condi\u00e7\u00f5es adversas.<\/p>\n<p data-start=\"5512\" data-end=\"5541\"><strong data-start=\"5512\" data-end=\"5541\">Caracter\u00edsticas t\u00e9cnicas:<\/strong><\/p>\n<ul data-start=\"5543\" data-end=\"5746\">\n<li data-start=\"5543\" data-end=\"5570\">\n<p data-start=\"5545\" data-end=\"5570\"><strong data-start=\"5545\" data-end=\"5554\">Tipo:<\/strong> Terminal luva<\/p>\n<\/li>\n<li data-start=\"5571\" data-end=\"5591\">\n<p data-start=\"5573\" data-end=\"5591\"><strong data-start=\"5573\" data-end=\"5584\">C\u00f3digo:<\/strong> CC23<\/p>\n<\/li>\n<li data-start=\"5592\" data-end=\"5632\">\n<p data-start=\"5594\" data-end=\"5632\"><strong data-start=\"5594\" data-end=\"5607\">Material:<\/strong> A\u00e7o usinado ou forjado<\/p>\n<\/li>\n<li data-start=\"5633\" data-end=\"5675\">\n<p data-start=\"5635\" data-end=\"5675\"><strong data-start=\"5635\" data-end=\"5650\">Acabamento:<\/strong> Pintado ou galvanizado<\/p>\n<\/li>\n<li data-start=\"5676\" data-end=\"5746\">\n<p data-start=\"5678\" data-end=\"5746\"><strong data-start=\"5678\" data-end=\"5693\">Aplica\u00e7\u00f5es:<\/strong> Cardans, tratores, implementos de colheita e plantio<\/p>\n<\/li>\n<\/ul>\n","protected":false},"excerpt":{"rendered":"<p data-start=\"5228\" data-end=\"5338\">Terminal luva CC23 \u2013 Acoplamento eficiente para sistemas agr\u00edcolas de tra\u00e7\u00e3o e rota\u00e7\u00e3o.<\/p>\n<p data-start=\"5340\" data-end=\"5510\">\n","protected":false},"featured_media":1690,"comment_status":"open","ping_status":"closed","template":"","meta":{"_price":"147.22","_stock":"6","_tribe_ticket_header":"","_tribe_default_ticket_provider":"","_tribe_ticket_capacity":"0","_ticket_start_date":"","_ticket_end_date":"","_tribe_ticket_show_description":"","_tribe_ticket_show_not_going":false,"_tribe_ticket_use_global_stock":"","_tribe_ticket_global_stock_level":"","_global_stock_mode":"","_global_stock_cap":"","_tribe_rsvp_for_event":"","_tribe_ticket_going_count":"","_tribe_ticket_not_going_count":"","_tribe_tickets_list":"[]","_tribe_ticket_has_attendee_info_fields":false,"_EventAllDay":false,"_EventTimezone":"","_EventStartDate":"","_EventEndDate":"","_EventStartDateUTC":"","_EventEndDateUTC":"","_EventShowMap":false,"_EventShowMapLink":false,"_EventURL":"","_EventCost":"","_EventCostDescription":"","_EventCurrencySymbol":"","_EventCurrencyCode":"","_EventCurrencyPosition":"","_EventDateTimeSeparator":"","_EventTimeRangeSeparator":"","_EventOrganizerID":[],"_EventVenueID":[],"_OrganizerEmail":"","_OrganizerPhone":"","_OrganizerWebsite":"","_VenueAddress":"","_VenueCity":"","_VenueCountry":"","_VenueProvince":"","_VenueState":"","_VenueZip":"","_VenuePhone":"","_VenueURL":"","_VenueStateProvince":"","_VenueLat":"","_VenueLng":"","_VenueShowMap":false,"_VenueShowMapLink":false},"product_brand":[],"product_cat":[44],"product_tag":[],"class_list":{"0":"post-1707","1":"product","2":"type-product","3":"status-publish","4":"has-post-thumbnail","6":"product_cat-pecasimplementosagricolas","8":"first","9":"instock","10":"shipping-taxable","11":"purchasable","12":"product-type-simple"},"jetpack_sharing_enabled":true,"_links":{"self":[{"href":"https:\/\/agriomac.com.br\/loja\/wp-json\/wp\/v2\/product\/1707","targetHints":{"allow":["GET"]}}],"collection":[{"href":"https:\/\/agriomac.com.br\/loja\/wp-json\/wp\/v2\/product"}],"about":[{"href":"https:\/\/agriomac.com.br\/loja\/wp-json\/wp\/v2\/types\/product"}],"replies":[{"embeddable":true,"href":"https:\/\/agriomac.com.br\/loja\/wp-json\/wp\/v2\/comments?post=1707"}],"version-history":[{"count":1,"href":"https:\/\/agriomac.com.br\/loja\/wp-json\/wp\/v2\/product\/1707\/revisions"}],"predecessor-version":[{"id":1708,"href":"https:\/\/agriomac.com.br\/loja\/wp-json\/wp\/v2\/product\/1707\/revisions\/1708"}],"wp:featuredmedia":[{"embeddable":true,"href":"https:\/\/agriomac.com.br\/loja\/wp-json\/wp\/v2\/media\/1690"}],"wp:attachment":[{"href":"https:\/\/agriomac.com.br\/loja\/wp-json\/wp\/v2\/media?parent=1707"}],"wp:term":[{"taxonomy":"product_brand","embeddable":true,"href":"https:\/\/agriomac.com.br\/loja\/wp-json\/wp\/v2\/product_brand?post=1707"},{"taxonomy":"product_cat","embeddable":true,"href":"https:\/\/agriomac.com.br\/loja\/wp-json\/wp\/v2\/product_cat?post=1707"},{"taxonomy":"product_tag","embeddable":true,"href":"https:\/\/agriomac.com.br\/loja\/wp-json\/wp\/v2\/product_tag?post=1707"}],"curies":[{"name":"wp","href":"https:\/\/api.w.org\/{rel}","templated":true}]}}