{"id":1709,"date":"2025-06-01T02:27:36","date_gmt":"2025-06-01T02:27:36","guid":{"rendered":"https:\/\/agriomac.com.br\/loja\/?post_type=product&#038;p=1709"},"modified":"2025-06-02T23:18:30","modified_gmt":"2025-06-02T23:18:30","slug":"terminal-luva-cc21","status":"publish","type":"product","link":"https:\/\/agriomac.com.br\/loja\/produto\/terminal-luva-cc21\/","title":{"rendered":"TERMINAL LUVA CC21"},"content":{"rendered":"<p data-start=\"5902\" data-end=\"6136\">O Terminal Luva CC21 \u00e9 uma pe\u00e7a utilizada em sistemas de transmiss\u00e3o de torque em ambientes agr\u00edcolas. Projetado para acoplamento seguro e resistente, \u00e9 ideal para equipamentos que operam sob carga constante.<\/p>\n<p data-start=\"6138\" data-end=\"6167\"><strong data-start=\"6138\" data-end=\"6167\">Caracter\u00edsticas t\u00e9cnicas:<\/strong><\/p>\n<ul data-start=\"6169\" data-end=\"6367\">\n<li data-start=\"6169\" data-end=\"6196\">\n<p data-start=\"6171\" data-end=\"6196\"><strong data-start=\"6171\" data-end=\"6180\">Tipo:<\/strong> Terminal luva<\/p>\n<\/li>\n<li data-start=\"6197\" data-end=\"6217\">\n<p data-start=\"6199\" data-end=\"6217\"><strong data-start=\"6199\" data-end=\"6210\">C\u00f3digo:<\/strong> CC21<\/p>\n<\/li>\n<li data-start=\"6218\" data-end=\"6257\">\n<p data-start=\"6220\" data-end=\"6257\"><strong data-start=\"6220\" data-end=\"6233\">Material:<\/strong> A\u00e7o carbono refor\u00e7ado<\/p>\n<\/li>\n<li data-start=\"6258\" data-end=\"6301\">\n<p data-start=\"6260\" data-end=\"6301\"><strong data-start=\"6260\" data-end=\"6275\">Acabamento:<\/strong> Tratamento antiferrugem<\/p>\n<\/li>\n<li data-start=\"6302\" data-end=\"6367\">\n<p data-start=\"6304\" data-end=\"6367\"><strong data-start=\"6304\" data-end=\"6319\">Aplica\u00e7\u00f5es:<\/strong> Implementos agr\u00edcolas, tratores, colheitadeiras<\/p>\n<\/li>\n<\/ul>\n","protected":false},"excerpt":{"rendered":"<p data-start=\"5783\" data-end=\"5900\">Terminal luva CC21 \u2013 Conex\u00e3o refor\u00e7ada para implementos agr\u00edcolas com alta exig\u00eancia mec\u00e2nica.<\/p>\n<p data-start=\"5902\" data-end=\"6136\">\n","protected":false},"featured_media":1688,"comment_status":"open","ping_status":"closed","template":"","meta":{"_price":"170","_stock":"2","_tribe_ticket_header":"","_tribe_default_ticket_provider":"","_tribe_ticket_capacity":"0","_ticket_start_date":"","_ticket_end_date":"","_tribe_ticket_show_description":"","_tribe_ticket_show_not_going":false,"_tribe_ticket_use_global_stock":"","_tribe_ticket_global_stock_level":"","_global_stock_mode":"","_global_stock_cap":"","_tribe_rsvp_for_event":"","_tribe_ticket_going_count":"","_tribe_ticket_not_going_count":"","_tribe_tickets_list":"[]","_tribe_ticket_has_attendee_info_fields":false,"_EventAllDay":false,"_EventTimezone":"","_EventStartDate":"","_EventEndDate":"","_EventStartDateUTC":"","_EventEndDateUTC":"","_EventShowMap":false,"_EventShowMapLink":false,"_EventURL":"","_EventCost":"","_EventCostDescription":"","_EventCurrencySymbol":"","_EventCurrencyCode":"","_EventCurrencyPosition":"","_EventDateTimeSeparator":"","_EventTimeRangeSeparator":"","_EventOrganizerID":[],"_EventVenueID":[],"_OrganizerEmail":"","_OrganizerPhone":"","_OrganizerWebsite":"","_VenueAddress":"","_VenueCity":"","_VenueCountry":"","_VenueProvince":"","_VenueState":"","_VenueZip":"","_VenuePhone":"","_VenueURL":"","_VenueStateProvince":"","_VenueLat":"","_VenueLng":"","_VenueShowMap":false,"_VenueShowMapLink":false},"product_brand":[],"product_cat":[44],"product_tag":[],"class_list":{"0":"post-1709","1":"product","2":"type-product","3":"status-publish","4":"has-post-thumbnail","6":"product_cat-pecasimplementosagricolas","8":"first","9":"instock","10":"shipping-taxable","11":"purchasable","12":"product-type-simple"},"jetpack_sharing_enabled":true,"_links":{"self":[{"href":"https:\/\/agriomac.com.br\/loja\/wp-json\/wp\/v2\/product\/1709","targetHints":{"allow":["GET"]}}],"collection":[{"href":"https:\/\/agriomac.com.br\/loja\/wp-json\/wp\/v2\/product"}],"about":[{"href":"https:\/\/agriomac.com.br\/loja\/wp-json\/wp\/v2\/types\/product"}],"replies":[{"embeddable":true,"href":"https:\/\/agriomac.com.br\/loja\/wp-json\/wp\/v2\/comments?post=1709"}],"version-history":[{"count":1,"href":"https:\/\/agriomac.com.br\/loja\/wp-json\/wp\/v2\/product\/1709\/revisions"}],"predecessor-version":[{"id":1710,"href":"https:\/\/agriomac.com.br\/loja\/wp-json\/wp\/v2\/product\/1709\/revisions\/1710"}],"wp:featuredmedia":[{"embeddable":true,"href":"https:\/\/agriomac.com.br\/loja\/wp-json\/wp\/v2\/media\/1688"}],"wp:attachment":[{"href":"https:\/\/agriomac.com.br\/loja\/wp-json\/wp\/v2\/media?parent=1709"}],"wp:term":[{"taxonomy":"product_brand","embeddable":true,"href":"https:\/\/agriomac.com.br\/loja\/wp-json\/wp\/v2\/product_brand?post=1709"},{"taxonomy":"product_cat","embeddable":true,"href":"https:\/\/agriomac.com.br\/loja\/wp-json\/wp\/v2\/product_cat?post=1709"},{"taxonomy":"product_tag","embeddable":true,"href":"https:\/\/agriomac.com.br\/loja\/wp-json\/wp\/v2\/product_tag?post=1709"}],"curies":[{"name":"wp","href":"https:\/\/api.w.org\/{rel}","templated":true}]}}