{"id":1712,"date":"2025-06-01T19:02:22","date_gmt":"2025-06-01T19:02:22","guid":{"rendered":"https:\/\/agriomac.com.br\/loja\/?post_type=product&#038;p=1712"},"modified":"2025-06-02T23:15:35","modified_gmt":"2025-06-02T23:15:35","slug":"mola-disco-de-corte-3207-5311","status":"publish","type":"product","link":"https:\/\/agriomac.com.br\/loja\/produto\/mola-disco-de-corte-3207-5311\/","title":{"rendered":"MOLA DISCO DE CORTE 3207\/5311"},"content":{"rendered":"<p data-start=\"296\" data-end=\"559\">A Mola Disco de Corte 3207\/5311 \u00e9 usada em conjuntos de discos agr\u00edcolas, oferecendo amortecimento e flexibilidade durante o corte do solo. Fabricada com a\u00e7o de alta resist\u00eancia, proporciona durabilidade em ambientes de trabalho intenso.<\/p>\n<p data-start=\"561\" data-end=\"590\"><strong data-start=\"561\" data-end=\"590\">Caracter\u00edsticas t\u00e9cnicas:<\/strong><\/p>\n<ul data-start=\"592\" data-end=\"908\">\n<li data-start=\"592\" data-end=\"644\">\n<p data-start=\"594\" data-end=\"644\"><strong data-start=\"594\" data-end=\"603\">Tipo:<\/strong> Mola de compress\u00e3o para disco de corte<\/p>\n<\/li>\n<li data-start=\"645\" data-end=\"670\">\n<p data-start=\"647\" data-end=\"670\"><strong data-start=\"647\" data-end=\"658\">C\u00f3digo:<\/strong> 05070001A<\/p>\n<\/li>\n<li data-start=\"671\" data-end=\"717\">\n<p data-start=\"673\" data-end=\"717\"><strong data-start=\"673\" data-end=\"686\">Material:<\/strong> A\u00e7o mola de alta resist\u00eancia<\/p>\n<\/li>\n<li data-start=\"718\" data-end=\"782\">\n<p data-start=\"720\" data-end=\"782\"><strong data-start=\"720\" data-end=\"741\">Di\u00e2metro externo:<\/strong> Compat\u00edvel com discos agr\u00edcolas padr\u00e3o<\/p>\n<\/li>\n<li data-start=\"783\" data-end=\"827\">\n<p data-start=\"785\" data-end=\"827\"><strong data-start=\"785\" data-end=\"800\">Acabamento:<\/strong> Tratamento anticorrosivo<\/p>\n<\/li>\n<li data-start=\"828\" data-end=\"908\">\n<p data-start=\"830\" data-end=\"908\"><strong data-start=\"830\" data-end=\"845\">Aplica\u00e7\u00f5es:<\/strong> Conjuntos de discos em plantadeiras, arados e grades agr\u00edcolas<\/p>\n<\/li>\n<\/ul>\n","protected":false},"excerpt":{"rendered":"<p data-start=\"166\" data-end=\"294\">Mola disco de corte 3207\/5311 \u2013 Ideal para absorver impactos em discos de corte de implementos agr\u00edcolas.<\/p>\n<p data-start=\"296\" data-end=\"559\">\n","protected":false},"featured_media":1768,"comment_status":"open","ping_status":"closed","template":"","meta":{"_price":"126.22","_stock":"2","_tribe_ticket_header":"","_tribe_default_ticket_provider":"","_tribe_ticket_capacity":"2","_ticket_start_date":"","_ticket_end_date":"","_tribe_ticket_show_description":"","_tribe_ticket_show_not_going":false,"_tribe_ticket_use_global_stock":"","_tribe_ticket_global_stock_level":"","_global_stock_mode":"","_global_stock_cap":"","_tribe_rsvp_for_event":"","_tribe_ticket_going_count":"","_tribe_ticket_not_going_count":"","_tribe_tickets_list":"[]","_tribe_ticket_has_attendee_info_fields":false,"_EventAllDay":false,"_EventTimezone":"","_EventStartDate":"","_EventEndDate":"","_EventStartDateUTC":"","_EventEndDateUTC":"","_EventShowMap":false,"_EventShowMapLink":false,"_EventURL":"","_EventCost":"","_EventCostDescription":"","_EventCurrencySymbol":"","_EventCurrencyCode":"","_EventCurrencyPosition":"","_EventDateTimeSeparator":"","_EventTimeRangeSeparator":"","_EventOrganizerID":[],"_EventVenueID":[],"_OrganizerEmail":"","_OrganizerPhone":"","_OrganizerWebsite":"","_VenueAddress":"","_VenueCity":"","_VenueCountry":"","_VenueProvince":"","_VenueState":"","_VenueZip":"","_VenuePhone":"","_VenueURL":"","_VenueStateProvince":"","_VenueLat":"","_VenueLng":"","_VenueShowMap":false,"_VenueShowMapLink":false},"product_brand":[],"product_cat":[44],"product_tag":[],"class_list":{"0":"post-1712","1":"product","2":"type-product","3":"status-publish","4":"has-post-thumbnail","6":"product_cat-pecasimplementosagricolas","8":"first","9":"instock","10":"shipping-taxable","11":"purchasable","12":"product-type-simple"},"jetpack_sharing_enabled":true,"_links":{"self":[{"href":"https:\/\/agriomac.com.br\/loja\/wp-json\/wp\/v2\/product\/1712","targetHints":{"allow":["GET"]}}],"collection":[{"href":"https:\/\/agriomac.com.br\/loja\/wp-json\/wp\/v2\/product"}],"about":[{"href":"https:\/\/agriomac.com.br\/loja\/wp-json\/wp\/v2\/types\/product"}],"replies":[{"embeddable":true,"href":"https:\/\/agriomac.com.br\/loja\/wp-json\/wp\/v2\/comments?post=1712"}],"version-history":[{"count":1,"href":"https:\/\/agriomac.com.br\/loja\/wp-json\/wp\/v2\/product\/1712\/revisions"}],"predecessor-version":[{"id":1713,"href":"https:\/\/agriomac.com.br\/loja\/wp-json\/wp\/v2\/product\/1712\/revisions\/1713"}],"wp:featuredmedia":[{"embeddable":true,"href":"https:\/\/agriomac.com.br\/loja\/wp-json\/wp\/v2\/media\/1768"}],"wp:attachment":[{"href":"https:\/\/agriomac.com.br\/loja\/wp-json\/wp\/v2\/media?parent=1712"}],"wp:term":[{"taxonomy":"product_brand","embeddable":true,"href":"https:\/\/agriomac.com.br\/loja\/wp-json\/wp\/v2\/product_brand?post=1712"},{"taxonomy":"product_cat","embeddable":true,"href":"https:\/\/agriomac.com.br\/loja\/wp-json\/wp\/v2\/product_cat?post=1712"},{"taxonomy":"product_tag","embeddable":true,"href":"https:\/\/agriomac.com.br\/loja\/wp-json\/wp\/v2\/product_tag?post=1712"}],"curies":[{"name":"wp","href":"https:\/\/api.w.org\/{rel}","templated":true}]}}