{"id":1714,"date":"2025-06-01T19:02:35","date_gmt":"2025-06-01T19:02:35","guid":{"rendered":"https:\/\/agriomac.com.br\/loja\/?post_type=product&#038;p=1714"},"modified":"2025-06-02T23:15:21","modified_gmt":"2025-06-02T23:15:21","slug":"mola-externa-maior-20070022","status":"publish","type":"product","link":"https:\/\/agriomac.com.br\/loja\/produto\/mola-externa-maior-20070022\/","title":{"rendered":"MOLA EXTERNA MAIOR 20070022"},"content":{"rendered":"<p data-start=\"1067\" data-end=\"1303\">A Mola Externa Maior 20070022 \u00e9 utilizada em sistemas agr\u00edcolas que necessitam de resist\u00eancia \u00e0 compress\u00e3o com maior di\u00e2metro externo. Oferece desempenho confi\u00e1vel em implementos como semeadoras e cultivadores.<\/p>\n<p data-start=\"1305\" data-end=\"1334\"><strong data-start=\"1305\" data-end=\"1334\">Caracter\u00edsticas t\u00e9cnicas:<\/strong><\/p>\n<ul data-start=\"1336\" data-end=\"1607\">\n<li data-start=\"1336\" data-end=\"1376\">\n<p data-start=\"1338\" data-end=\"1376\"><strong data-start=\"1338\" data-end=\"1347\">Tipo:<\/strong> Mola de compress\u00e3o externa<\/p>\n<\/li>\n<li data-start=\"1377\" data-end=\"1401\">\n<p data-start=\"1379\" data-end=\"1401\"><strong data-start=\"1379\" data-end=\"1390\">C\u00f3digo:<\/strong> 20070022<\/p>\n<\/li>\n<li data-start=\"1402\" data-end=\"1443\">\n<p data-start=\"1404\" data-end=\"1443\"><strong data-start=\"1404\" data-end=\"1417\">Material:<\/strong> A\u00e7o especial para molas<\/p>\n<\/li>\n<li data-start=\"1444\" data-end=\"1492\">\n<p data-start=\"1446\" data-end=\"1492\"><strong data-start=\"1446\" data-end=\"1462\">Comprimento:<\/strong> Conforme aplica\u00e7\u00e3o original<\/p>\n<\/li>\n<li data-start=\"1493\" data-end=\"1531\">\n<p data-start=\"1495\" data-end=\"1531\"><strong data-start=\"1495\" data-end=\"1510\">Acabamento:<\/strong> Zincado ou pintado<\/p>\n<\/li>\n<li data-start=\"1532\" data-end=\"1607\">\n<p data-start=\"1534\" data-end=\"1607\"><strong data-start=\"1534\" data-end=\"1549\">Aplica\u00e7\u00f5es:<\/strong> Cultivadores, semeadoras, equipamentos de preparo de solo<\/p>\n<\/li>\n<\/ul>\n","protected":false},"excerpt":{"rendered":"<p data-start=\"954\" data-end=\"1065\">Mola externa maior 20070022 \u2013 Pe\u00e7a de reposi\u00e7\u00e3o para sistemas de amortecimento agr\u00edcola.<\/p>\n<p data-start=\"1067\" data-end=\"1303\">\n","protected":false},"featured_media":1781,"comment_status":"open","ping_status":"closed","template":"","meta":{"_price":"379.58","_stock":"2","_tribe_ticket_header":"","_tribe_default_ticket_provider":"","_tribe_ticket_capacity":"2","_ticket_start_date":"","_ticket_end_date":"","_tribe_ticket_show_description":"","_tribe_ticket_show_not_going":false,"_tribe_ticket_use_global_stock":"","_tribe_ticket_global_stock_level":"","_global_stock_mode":"","_global_stock_cap":"","_tribe_rsvp_for_event":"","_tribe_ticket_going_count":"","_tribe_ticket_not_going_count":"","_tribe_tickets_list":"[]","_tribe_ticket_has_attendee_info_fields":false,"_EventAllDay":false,"_EventTimezone":"","_EventStartDate":"","_EventEndDate":"","_EventStartDateUTC":"","_EventEndDateUTC":"","_EventShowMap":false,"_EventShowMapLink":false,"_EventURL":"","_EventCost":"","_EventCostDescription":"","_EventCurrencySymbol":"","_EventCurrencyCode":"","_EventCurrencyPosition":"","_EventDateTimeSeparator":"","_EventTimeRangeSeparator":"","_EventOrganizerID":[],"_EventVenueID":[],"_OrganizerEmail":"","_OrganizerPhone":"","_OrganizerWebsite":"","_VenueAddress":"","_VenueCity":"","_VenueCountry":"","_VenueProvince":"","_VenueState":"","_VenueZip":"","_VenuePhone":"","_VenueURL":"","_VenueStateProvince":"","_VenueLat":"","_VenueLng":"","_VenueShowMap":false,"_VenueShowMapLink":false},"product_brand":[],"product_cat":[44],"product_tag":[],"class_list":{"0":"post-1714","1":"product","2":"type-product","3":"status-publish","4":"has-post-thumbnail","6":"product_cat-pecasimplementosagricolas","8":"first","9":"instock","10":"shipping-taxable","11":"purchasable","12":"product-type-simple"},"jetpack_sharing_enabled":true,"_links":{"self":[{"href":"https:\/\/agriomac.com.br\/loja\/wp-json\/wp\/v2\/product\/1714","targetHints":{"allow":["GET"]}}],"collection":[{"href":"https:\/\/agriomac.com.br\/loja\/wp-json\/wp\/v2\/product"}],"about":[{"href":"https:\/\/agriomac.com.br\/loja\/wp-json\/wp\/v2\/types\/product"}],"replies":[{"embeddable":true,"href":"https:\/\/agriomac.com.br\/loja\/wp-json\/wp\/v2\/comments?post=1714"}],"version-history":[{"count":1,"href":"https:\/\/agriomac.com.br\/loja\/wp-json\/wp\/v2\/product\/1714\/revisions"}],"predecessor-version":[{"id":1715,"href":"https:\/\/agriomac.com.br\/loja\/wp-json\/wp\/v2\/product\/1714\/revisions\/1715"}],"wp:featuredmedia":[{"embeddable":true,"href":"https:\/\/agriomac.com.br\/loja\/wp-json\/wp\/v2\/media\/1781"}],"wp:attachment":[{"href":"https:\/\/agriomac.com.br\/loja\/wp-json\/wp\/v2\/media?parent=1714"}],"wp:term":[{"taxonomy":"product_brand","embeddable":true,"href":"https:\/\/agriomac.com.br\/loja\/wp-json\/wp\/v2\/product_brand?post=1714"},{"taxonomy":"product_cat","embeddable":true,"href":"https:\/\/agriomac.com.br\/loja\/wp-json\/wp\/v2\/product_cat?post=1714"},{"taxonomy":"product_tag","embeddable":true,"href":"https:\/\/agriomac.com.br\/loja\/wp-json\/wp\/v2\/product_tag?post=1714"}],"curies":[{"name":"wp","href":"https:\/\/api.w.org\/{rel}","templated":true}]}}