{"id":1718,"date":"2025-06-01T19:05:55","date_gmt":"2025-06-01T19:05:55","guid":{"rendered":"https:\/\/agriomac.com.br\/loja\/?post_type=product&#038;p=1718"},"modified":"2025-06-02T23:14:58","modified_gmt":"2025-06-02T23:14:58","slug":"mola-de-compressao-oe-14xl0-30","status":"publish","type":"product","link":"https:\/\/agriomac.com.br\/loja\/produto\/mola-de-compressao-oe-14xl0-30\/","title":{"rendered":"MOLA DE COMPRESS\u00c3O OE 14XL0 30"},"content":{"rendered":"<p data-start=\"2440\" data-end=\"2647\">A Mola de Compress\u00e3o OE 14XL0 30 \u00e9 projetada para aplica\u00e7\u00f5es que exigem for\u00e7a de retorno eficiente em espa\u00e7o reduzido. Sua constru\u00e7\u00e3o robusta em a\u00e7o permite grande n\u00famero de ciclos.<\/p>\n<p data-start=\"2649\" data-end=\"2678\"><strong data-start=\"2649\" data-end=\"2678\">Caracter\u00edsticas t\u00e9cnicas:<\/strong><\/p>\n<ul data-start=\"2680\" data-end=\"2915\">\n<li data-start=\"2680\" data-end=\"2712\">\n<p data-start=\"2682\" data-end=\"2712\"><strong data-start=\"2682\" data-end=\"2691\">Tipo:<\/strong> Mola de compress\u00e3o<\/p>\n<\/li>\n<li data-start=\"2713\" data-end=\"2740\">\n<p data-start=\"2715\" data-end=\"2740\"><strong data-start=\"2715\" data-end=\"2726\">C\u00f3digo:<\/strong> 205203<\/p>\n<\/li>\n<li data-start=\"2741\" data-end=\"2764\">\n<p data-start=\"2743\" data-end=\"2764\"><strong data-start=\"2743\" data-end=\"2756\">Di\u00e2metro:<\/strong> 14 mm<\/p>\n<\/li>\n<li data-start=\"2765\" data-end=\"2791\">\n<p data-start=\"2767\" data-end=\"2791\"><strong data-start=\"2767\" data-end=\"2783\">Comprimento:<\/strong> 30 mm<\/p>\n<\/li>\n<li data-start=\"2792\" data-end=\"2818\">\n<p data-start=\"2794\" data-end=\"2818\"><strong data-start=\"2794\" data-end=\"2807\">Material:<\/strong> A\u00e7o mola<\/p>\n<\/li>\n<li data-start=\"2819\" data-end=\"2915\">\n<p data-start=\"2821\" data-end=\"2915\"><strong data-start=\"2821\" data-end=\"2836\">Aplica\u00e7\u00f5es:<\/strong> Retornos de pe\u00e7as m\u00f3veis, suportes, mecanismos de tra\u00e7\u00e3o em m\u00e1quinas agr\u00edcolas<\/p>\n<\/li>\n<\/ul>\n","protected":false},"excerpt":{"rendered":"<p data-start=\"2318\" data-end=\"2438\">Mola de compress\u00e3o OE 14XL0 30 \u2013 Compacta e resistente, ideal para sistemas de retorno e suporte.<\/p>\n<p data-start=\"2440\" data-end=\"2647\">\n","protected":false},"featured_media":1767,"comment_status":"open","ping_status":"closed","template":"","meta":{"_price":"102.60","_stock":"2","_tribe_ticket_header":"","_tribe_default_ticket_provider":"","_tribe_ticket_capacity":"2","_ticket_start_date":"","_ticket_end_date":"","_tribe_ticket_show_description":"","_tribe_ticket_show_not_going":false,"_tribe_ticket_use_global_stock":"","_tribe_ticket_global_stock_level":"","_global_stock_mode":"","_global_stock_cap":"","_tribe_rsvp_for_event":"","_tribe_ticket_going_count":"","_tribe_ticket_not_going_count":"","_tribe_tickets_list":"[]","_tribe_ticket_has_attendee_info_fields":false,"_EventAllDay":false,"_EventTimezone":"","_EventStartDate":"","_EventEndDate":"","_EventStartDateUTC":"","_EventEndDateUTC":"","_EventShowMap":false,"_EventShowMapLink":false,"_EventURL":"","_EventCost":"","_EventCostDescription":"","_EventCurrencySymbol":"","_EventCurrencyCode":"","_EventCurrencyPosition":"","_EventDateTimeSeparator":"","_EventTimeRangeSeparator":"","_EventOrganizerID":[],"_EventVenueID":[],"_OrganizerEmail":"","_OrganizerPhone":"","_OrganizerWebsite":"","_VenueAddress":"","_VenueCity":"","_VenueCountry":"","_VenueProvince":"","_VenueState":"","_VenueZip":"","_VenuePhone":"","_VenueURL":"","_VenueStateProvince":"","_VenueLat":"","_VenueLng":"","_VenueShowMap":false,"_VenueShowMapLink":false},"product_brand":[],"product_cat":[44],"product_tag":[],"class_list":{"0":"post-1718","1":"product","2":"type-product","3":"status-publish","4":"has-post-thumbnail","6":"product_cat-pecasimplementosagricolas","8":"first","9":"instock","10":"shipping-taxable","11":"purchasable","12":"product-type-simple"},"jetpack_sharing_enabled":true,"_links":{"self":[{"href":"https:\/\/agriomac.com.br\/loja\/wp-json\/wp\/v2\/product\/1718","targetHints":{"allow":["GET"]}}],"collection":[{"href":"https:\/\/agriomac.com.br\/loja\/wp-json\/wp\/v2\/product"}],"about":[{"href":"https:\/\/agriomac.com.br\/loja\/wp-json\/wp\/v2\/types\/product"}],"replies":[{"embeddable":true,"href":"https:\/\/agriomac.com.br\/loja\/wp-json\/wp\/v2\/comments?post=1718"}],"version-history":[{"count":1,"href":"https:\/\/agriomac.com.br\/loja\/wp-json\/wp\/v2\/product\/1718\/revisions"}],"predecessor-version":[{"id":1719,"href":"https:\/\/agriomac.com.br\/loja\/wp-json\/wp\/v2\/product\/1718\/revisions\/1719"}],"wp:featuredmedia":[{"embeddable":true,"href":"https:\/\/agriomac.com.br\/loja\/wp-json\/wp\/v2\/media\/1767"}],"wp:attachment":[{"href":"https:\/\/agriomac.com.br\/loja\/wp-json\/wp\/v2\/media?parent=1718"}],"wp:term":[{"taxonomy":"product_brand","embeddable":true,"href":"https:\/\/agriomac.com.br\/loja\/wp-json\/wp\/v2\/product_brand?post=1718"},{"taxonomy":"product_cat","embeddable":true,"href":"https:\/\/agriomac.com.br\/loja\/wp-json\/wp\/v2\/product_cat?post=1718"},{"taxonomy":"product_tag","embeddable":true,"href":"https:\/\/agriomac.com.br\/loja\/wp-json\/wp\/v2\/product_tag?post=1718"}],"curies":[{"name":"wp","href":"https:\/\/api.w.org\/{rel}","templated":true}]}}