{"id":1727,"date":"2025-06-01T19:09:56","date_gmt":"2025-06-01T19:09:56","guid":{"rendered":"https:\/\/agriomac.com.br\/loja\/?post_type=product&#038;p=1727"},"modified":"2025-06-02T23:13:48","modified_gmt":"2025-06-02T23:13:48","slug":"mola-catraca-12050009","status":"publish","type":"product","link":"https:\/\/agriomac.com.br\/loja\/produto\/mola-catraca-12050009\/","title":{"rendered":"MOLA CATRACA 12050009"},"content":{"rendered":"<p data-start=\"885\" data-end=\"1064\">A Mola Catraca 12050009 atua em mecanismos de catraca, promovendo retorno autom\u00e1tico e tens\u00e3o adequada para o travamento ou ajuste de componentes m\u00f3veis.<\/p>\n<p data-start=\"1066\" data-end=\"1095\"><strong data-start=\"1066\" data-end=\"1095\">Caracter\u00edsticas t\u00e9cnicas:<\/strong><\/p>\n<ul data-start=\"1097\" data-end=\"1300\">\n<li data-start=\"1097\" data-end=\"1126\">\n<p data-start=\"1099\" data-end=\"1126\"><strong data-start=\"1099\" data-end=\"1108\">Tipo:<\/strong> Mola helicoidal<\/p>\n<\/li>\n<li data-start=\"1127\" data-end=\"1151\">\n<p data-start=\"1129\" data-end=\"1151\"><strong data-start=\"1129\" data-end=\"1140\">C\u00f3digo:<\/strong> 12050009<\/p>\n<\/li>\n<li data-start=\"1152\" data-end=\"1183\">\n<p data-start=\"1154\" data-end=\"1183\"><strong data-start=\"1154\" data-end=\"1167\">Material:<\/strong> A\u00e7o temperado<\/p>\n<\/li>\n<li data-start=\"1184\" data-end=\"1211\">\n<p data-start=\"1186\" data-end=\"1211\"><strong data-start=\"1186\" data-end=\"1201\">Acabamento:<\/strong> Zincado<\/p>\n<\/li>\n<li data-start=\"1212\" data-end=\"1300\">\n<p data-start=\"1214\" data-end=\"1300\"><strong data-start=\"1214\" data-end=\"1229\">Aplica\u00e7\u00f5es:<\/strong> Mecanismos de catraca, ajustadores de altura ou tens\u00e3o em plantadeiras<\/p>\n<\/li>\n<\/ul>\n","protected":false},"excerpt":{"rendered":"<p data-start=\"770\" data-end=\"883\">Mola catraca 12050009 \u2013 Respons\u00e1vel pelo retorno e tens\u00e3o em sistemas de catraca agr\u00edcola.<\/p>\n<p data-start=\"885\" data-end=\"1064\">\n","protected":false},"featured_media":1774,"comment_status":"open","ping_status":"closed","template":"","meta":{"_price":"10.24","_stock":"1","_tribe_ticket_header":"","_tribe_default_ticket_provider":"","_tribe_ticket_capacity":"1","_ticket_start_date":"","_ticket_end_date":"","_tribe_ticket_show_description":"","_tribe_ticket_show_not_going":false,"_tribe_ticket_use_global_stock":"","_tribe_ticket_global_stock_level":"","_global_stock_mode":"","_global_stock_cap":"","_tribe_rsvp_for_event":"","_tribe_ticket_going_count":"","_tribe_ticket_not_going_count":"","_tribe_tickets_list":"[]","_tribe_ticket_has_attendee_info_fields":false,"_EventAllDay":false,"_EventTimezone":"","_EventStartDate":"","_EventEndDate":"","_EventStartDateUTC":"","_EventEndDateUTC":"","_EventShowMap":false,"_EventShowMapLink":false,"_EventURL":"","_EventCost":"","_EventCostDescription":"","_EventCurrencySymbol":"","_EventCurrencyCode":"","_EventCurrencyPosition":"","_EventDateTimeSeparator":"","_EventTimeRangeSeparator":"","_EventOrganizerID":[],"_EventVenueID":[],"_OrganizerEmail":"","_OrganizerPhone":"","_OrganizerWebsite":"","_VenueAddress":"","_VenueCity":"","_VenueCountry":"","_VenueProvince":"","_VenueState":"","_VenueZip":"","_VenuePhone":"","_VenueURL":"","_VenueStateProvince":"","_VenueLat":"","_VenueLng":"","_VenueShowMap":false,"_VenueShowMapLink":false},"product_brand":[],"product_cat":[44],"product_tag":[],"class_list":{"0":"post-1727","1":"product","2":"type-product","3":"status-publish","4":"has-post-thumbnail","6":"product_cat-pecasimplementosagricolas","8":"first","9":"instock","10":"shipping-taxable","11":"purchasable","12":"product-type-simple"},"jetpack_sharing_enabled":true,"_links":{"self":[{"href":"https:\/\/agriomac.com.br\/loja\/wp-json\/wp\/v2\/product\/1727","targetHints":{"allow":["GET"]}}],"collection":[{"href":"https:\/\/agriomac.com.br\/loja\/wp-json\/wp\/v2\/product"}],"about":[{"href":"https:\/\/agriomac.com.br\/loja\/wp-json\/wp\/v2\/types\/product"}],"replies":[{"embeddable":true,"href":"https:\/\/agriomac.com.br\/loja\/wp-json\/wp\/v2\/comments?post=1727"}],"version-history":[{"count":1,"href":"https:\/\/agriomac.com.br\/loja\/wp-json\/wp\/v2\/product\/1727\/revisions"}],"predecessor-version":[{"id":1728,"href":"https:\/\/agriomac.com.br\/loja\/wp-json\/wp\/v2\/product\/1727\/revisions\/1728"}],"wp:featuredmedia":[{"embeddable":true,"href":"https:\/\/agriomac.com.br\/loja\/wp-json\/wp\/v2\/media\/1774"}],"wp:attachment":[{"href":"https:\/\/agriomac.com.br\/loja\/wp-json\/wp\/v2\/media?parent=1727"}],"wp:term":[{"taxonomy":"product_brand","embeddable":true,"href":"https:\/\/agriomac.com.br\/loja\/wp-json\/wp\/v2\/product_brand?post=1727"},{"taxonomy":"product_cat","embeddable":true,"href":"https:\/\/agriomac.com.br\/loja\/wp-json\/wp\/v2\/product_cat?post=1727"},{"taxonomy":"product_tag","embeddable":true,"href":"https:\/\/agriomac.com.br\/loja\/wp-json\/wp\/v2\/product_tag?post=1727"}],"curies":[{"name":"wp","href":"https:\/\/api.w.org\/{rel}","templated":true}]}}