{"id":1729,"date":"2025-06-01T19:10:45","date_gmt":"2025-06-01T19:10:45","guid":{"rendered":"https:\/\/agriomac.com.br\/loja\/?post_type=product&#038;p=1729"},"modified":"2025-06-02T23:13:44","modified_gmt":"2025-06-02T23:13:44","slug":"mola-de-tracao-mc-001","status":"publish","type":"product","link":"https:\/\/agriomac.com.br\/loja\/produto\/mola-de-tracao-mc-001\/","title":{"rendered":"MOLA DE TRA\u00c7\u00c3O MC-001"},"content":{"rendered":"<p data-start=\"1442\" data-end=\"1649\">A Mola de Tra\u00e7\u00e3o MC-001 \u00e9 utilizada para puxar e retornar pe\u00e7as m\u00f3veis ap\u00f3s acionamento. Sua constru\u00e7\u00e3o garante resist\u00eancia \u00e0 fadiga mesmo sob uso constante em ambientes agressivos.<\/p>\n<p data-start=\"1651\" data-end=\"1680\"><strong data-start=\"1651\" data-end=\"1680\">Caracter\u00edsticas t\u00e9cnicas:<\/strong><\/p>\n<ul data-start=\"1682\" data-end=\"1881\">\n<li data-start=\"1682\" data-end=\"1710\">\n<p data-start=\"1684\" data-end=\"1710\"><strong data-start=\"1684\" data-end=\"1693\">Tipo:<\/strong> Mola de tra\u00e7\u00e3o<\/p>\n<\/li>\n<li data-start=\"1711\" data-end=\"1733\">\n<p data-start=\"1713\" data-end=\"1733\"><strong data-start=\"1713\" data-end=\"1724\">C\u00f3digo:<\/strong> 391600027<\/p>\n<\/li>\n<li data-start=\"1734\" data-end=\"1760\">\n<p data-start=\"1736\" data-end=\"1760\"><strong data-start=\"1736\" data-end=\"1749\">Material:<\/strong> A\u00e7o mola<\/p>\n<\/li>\n<li data-start=\"1761\" data-end=\"1798\">\n<p data-start=\"1763\" data-end=\"1798\"><strong data-start=\"1763\" data-end=\"1778\">Acabamento:<\/strong> Pintura protetiva<\/p>\n<\/li>\n<li data-start=\"1799\" data-end=\"1881\">\n<p data-start=\"1801\" data-end=\"1881\"><strong data-start=\"1801\" data-end=\"1816\">Aplica\u00e7\u00f5es:<\/strong> Retorno de bra\u00e7os, engates, mecanismos em tratores e implementos<\/p>\n<\/li>\n<\/ul>\n","protected":false},"excerpt":{"rendered":"<p data-start=\"1340\" data-end=\"1440\">Mola de tra\u00e7\u00e3o MC-001 \u2013 Alta elasticidade para retorno de componentes m\u00f3veis.<\/p>\n<p data-start=\"1442\" data-end=\"1649\">\n","protected":false},"featured_media":1770,"comment_status":"open","ping_status":"closed","template":"","meta":{"_price":"288","_stock":"1","_tribe_ticket_header":"","_tribe_default_ticket_provider":"","_tribe_ticket_capacity":"1","_ticket_start_date":"","_ticket_end_date":"","_tribe_ticket_show_description":"","_tribe_ticket_show_not_going":false,"_tribe_ticket_use_global_stock":"","_tribe_ticket_global_stock_level":"","_global_stock_mode":"","_global_stock_cap":"","_tribe_rsvp_for_event":"","_tribe_ticket_going_count":"","_tribe_ticket_not_going_count":"","_tribe_tickets_list":"[]","_tribe_ticket_has_attendee_info_fields":false,"_EventAllDay":false,"_EventTimezone":"","_EventStartDate":"","_EventEndDate":"","_EventStartDateUTC":"","_EventEndDateUTC":"","_EventShowMap":false,"_EventShowMapLink":false,"_EventURL":"","_EventCost":"","_EventCostDescription":"","_EventCurrencySymbol":"","_EventCurrencyCode":"","_EventCurrencyPosition":"","_EventDateTimeSeparator":"","_EventTimeRangeSeparator":"","_EventOrganizerID":[],"_EventVenueID":[],"_OrganizerEmail":"","_OrganizerPhone":"","_OrganizerWebsite":"","_VenueAddress":"","_VenueCity":"","_VenueCountry":"","_VenueProvince":"","_VenueState":"","_VenueZip":"","_VenuePhone":"","_VenueURL":"","_VenueStateProvince":"","_VenueLat":"","_VenueLng":"","_VenueShowMap":false,"_VenueShowMapLink":false},"product_brand":[],"product_cat":[44],"product_tag":[],"class_list":{"0":"post-1729","1":"product","2":"type-product","3":"status-publish","4":"has-post-thumbnail","6":"product_cat-pecasimplementosagricolas","8":"first","9":"instock","10":"shipping-taxable","11":"purchasable","12":"product-type-simple"},"jetpack_sharing_enabled":true,"_links":{"self":[{"href":"https:\/\/agriomac.com.br\/loja\/wp-json\/wp\/v2\/product\/1729","targetHints":{"allow":["GET"]}}],"collection":[{"href":"https:\/\/agriomac.com.br\/loja\/wp-json\/wp\/v2\/product"}],"about":[{"href":"https:\/\/agriomac.com.br\/loja\/wp-json\/wp\/v2\/types\/product"}],"replies":[{"embeddable":true,"href":"https:\/\/agriomac.com.br\/loja\/wp-json\/wp\/v2\/comments?post=1729"}],"version-history":[{"count":1,"href":"https:\/\/agriomac.com.br\/loja\/wp-json\/wp\/v2\/product\/1729\/revisions"}],"predecessor-version":[{"id":1730,"href":"https:\/\/agriomac.com.br\/loja\/wp-json\/wp\/v2\/product\/1729\/revisions\/1730"}],"wp:featuredmedia":[{"embeddable":true,"href":"https:\/\/agriomac.com.br\/loja\/wp-json\/wp\/v2\/media\/1770"}],"wp:attachment":[{"href":"https:\/\/agriomac.com.br\/loja\/wp-json\/wp\/v2\/media?parent=1729"}],"wp:term":[{"taxonomy":"product_brand","embeddable":true,"href":"https:\/\/agriomac.com.br\/loja\/wp-json\/wp\/v2\/product_brand?post=1729"},{"taxonomy":"product_cat","embeddable":true,"href":"https:\/\/agriomac.com.br\/loja\/wp-json\/wp\/v2\/product_cat?post=1729"},{"taxonomy":"product_tag","embeddable":true,"href":"https:\/\/agriomac.com.br\/loja\/wp-json\/wp\/v2\/product_tag?post=1729"}],"curies":[{"name":"wp","href":"https:\/\/api.w.org\/{rel}","templated":true}]}}