{"id":1731,"date":"2025-06-01T19:12:16","date_gmt":"2025-06-01T19:12:16","guid":{"rendered":"https:\/\/agriomac.com.br\/loja\/?post_type=product&#038;p=1731"},"modified":"2025-06-02T23:13:39","modified_gmt":"2025-06-02T23:13:39","slug":"mola-de-compressao-0e32x","status":"publish","type":"product","link":"https:\/\/agriomac.com.br\/loja\/produto\/mola-de-compressao-0e32x\/","title":{"rendered":"MOLA DE COMPRESS\u00c3O 0E=32X"},"content":{"rendered":"<p data-start=\"2055\" data-end=\"2264\">Com estrutura refor\u00e7ada, a Mola OE=32X \u00e9 utilizada em pontos cr\u00edticos que exigem amortecimento e absor\u00e7\u00e3o de carga em implementos. Seu di\u00e2metro de 32 mm oferece excelente resist\u00eancia.<\/p>\n<p data-start=\"2266\" data-end=\"2295\"><strong data-start=\"2266\" data-end=\"2295\">Caracter\u00edsticas t\u00e9cnicas:<\/strong><\/p>\n<ul data-start=\"2297\" data-end=\"2509\">\n<li data-start=\"2297\" data-end=\"2329\">\n<p data-start=\"2299\" data-end=\"2329\"><strong data-start=\"2299\" data-end=\"2308\">Tipo:<\/strong> Mola de compress\u00e3o<\/p>\n<\/li>\n<li data-start=\"2330\" data-end=\"2352\">\n<p data-start=\"2332\" data-end=\"2352\"><strong data-start=\"2332\" data-end=\"2343\">C\u00f3digo:<\/strong> 425280<\/p>\n<\/li>\n<li data-start=\"2353\" data-end=\"2384\">\n<p data-start=\"2355\" data-end=\"2384\"><strong data-start=\"2355\" data-end=\"2376\">Di\u00e2metro externo:<\/strong> 32 mm<\/p>\n<\/li>\n<li data-start=\"2385\" data-end=\"2426\">\n<p data-start=\"2387\" data-end=\"2426\"><strong data-start=\"2387\" data-end=\"2400\">Material:<\/strong> A\u00e7o de alta resist\u00eancia<\/p>\n<\/li>\n<li data-start=\"2427\" data-end=\"2509\">\n<p data-start=\"2429\" data-end=\"2509\"><strong data-start=\"2429\" data-end=\"2444\">Aplica\u00e7\u00f5es:<\/strong> Compactadores, suportes de plantadeiras, amortecedores mec\u00e2nicos<\/p>\n<\/li>\n<\/ul>\n","protected":false},"excerpt":{"rendered":"<p data-start=\"1925\" data-end=\"2053\">Mola de compress\u00e3o OE=32X \u2013 Potente e compacta, ideal para absor\u00e7\u00e3o de impacto em equipamentos agr\u00edcolas.<\/p>\n<p data-start=\"2055\" data-end=\"2264\">\n","protected":false},"featured_media":1766,"comment_status":"open","ping_status":"closed","template":"","meta":{"_price":"21.44","_stock":"1","_tribe_ticket_header":"","_tribe_default_ticket_provider":"","_tribe_ticket_capacity":"1","_ticket_start_date":"","_ticket_end_date":"","_tribe_ticket_show_description":"","_tribe_ticket_show_not_going":false,"_tribe_ticket_use_global_stock":"","_tribe_ticket_global_stock_level":"","_global_stock_mode":"","_global_stock_cap":"","_tribe_rsvp_for_event":"","_tribe_ticket_going_count":"","_tribe_ticket_not_going_count":"","_tribe_tickets_list":"[]","_tribe_ticket_has_attendee_info_fields":false,"_EventAllDay":false,"_EventTimezone":"","_EventStartDate":"","_EventEndDate":"","_EventStartDateUTC":"","_EventEndDateUTC":"","_EventShowMap":false,"_EventShowMapLink":false,"_EventURL":"","_EventCost":"","_EventCostDescription":"","_EventCurrencySymbol":"","_EventCurrencyCode":"","_EventCurrencyPosition":"","_EventDateTimeSeparator":"","_EventTimeRangeSeparator":"","_EventOrganizerID":[],"_EventVenueID":[],"_OrganizerEmail":"","_OrganizerPhone":"","_OrganizerWebsite":"","_VenueAddress":"","_VenueCity":"","_VenueCountry":"","_VenueProvince":"","_VenueState":"","_VenueZip":"","_VenuePhone":"","_VenueURL":"","_VenueStateProvince":"","_VenueLat":"","_VenueLng":"","_VenueShowMap":false,"_VenueShowMapLink":false},"product_brand":[],"product_cat":[44],"product_tag":[],"class_list":{"0":"post-1731","1":"product","2":"type-product","3":"status-publish","4":"has-post-thumbnail","6":"product_cat-pecasimplementosagricolas","8":"first","9":"instock","10":"shipping-taxable","11":"purchasable","12":"product-type-simple"},"jetpack_sharing_enabled":true,"_links":{"self":[{"href":"https:\/\/agriomac.com.br\/loja\/wp-json\/wp\/v2\/product\/1731","targetHints":{"allow":["GET"]}}],"collection":[{"href":"https:\/\/agriomac.com.br\/loja\/wp-json\/wp\/v2\/product"}],"about":[{"href":"https:\/\/agriomac.com.br\/loja\/wp-json\/wp\/v2\/types\/product"}],"replies":[{"embeddable":true,"href":"https:\/\/agriomac.com.br\/loja\/wp-json\/wp\/v2\/comments?post=1731"}],"version-history":[{"count":1,"href":"https:\/\/agriomac.com.br\/loja\/wp-json\/wp\/v2\/product\/1731\/revisions"}],"predecessor-version":[{"id":1732,"href":"https:\/\/agriomac.com.br\/loja\/wp-json\/wp\/v2\/product\/1731\/revisions\/1732"}],"wp:featuredmedia":[{"embeddable":true,"href":"https:\/\/agriomac.com.br\/loja\/wp-json\/wp\/v2\/media\/1766"}],"wp:attachment":[{"href":"https:\/\/agriomac.com.br\/loja\/wp-json\/wp\/v2\/media?parent=1731"}],"wp:term":[{"taxonomy":"product_brand","embeddable":true,"href":"https:\/\/agriomac.com.br\/loja\/wp-json\/wp\/v2\/product_brand?post=1731"},{"taxonomy":"product_cat","embeddable":true,"href":"https:\/\/agriomac.com.br\/loja\/wp-json\/wp\/v2\/product_cat?post=1731"},{"taxonomy":"product_tag","embeddable":true,"href":"https:\/\/agriomac.com.br\/loja\/wp-json\/wp\/v2\/product_tag?post=1731"}],"curies":[{"name":"wp","href":"https:\/\/api.w.org\/{rel}","templated":true}]}}