{"id":1733,"date":"2025-06-01T19:16:08","date_gmt":"2025-06-01T19:16:08","guid":{"rendered":"https:\/\/agriomac.com.br\/loja\/?post_type=product&#038;p=1733"},"modified":"2025-07-30T12:44:32","modified_gmt":"2025-07-30T12:44:32","slug":"mola-da-barra-40066728","status":"publish","type":"product","link":"https:\/\/agriomac.com.br\/loja\/produto\/mola-da-barra-40066728\/","title":{"rendered":"MOLA DA BARRA KHUM MONTANA 40066728"},"content":{"rendered":"<p data-start=\"2672\" data-end=\"2875\">Aplicada na sustenta\u00e7\u00e3o de barras m\u00f3veis em pulverizadores ou plantadeiras, a Mola 40066728 evita deslocamentos bruscos e absorve vibra\u00e7\u00f5es, prolongando a vida \u00fatil do conjunto.<\/p>\n<p data-start=\"2877\" data-end=\"2906\"><strong data-start=\"2877\" data-end=\"2906\">Caracter\u00edsticas t\u00e9cnicas:<\/strong><\/p>\n<ul data-start=\"2908\" data-end=\"3125\">\n<li data-start=\"2908\" data-end=\"2951\">\n<p data-start=\"2910\" data-end=\"2951\"><strong data-start=\"2910\" data-end=\"2919\">Tipo:<\/strong> Mola helicoidal de compress\u00e3o<\/p>\n<\/li>\n<li data-start=\"2952\" data-end=\"2976\">\n<p data-start=\"2954\" data-end=\"2976\"><strong data-start=\"2954\" data-end=\"2965\">C\u00f3digo:<\/strong> 40066728<\/p>\n<\/li>\n<li data-start=\"2977\" data-end=\"3006\">\n<p data-start=\"2979\" data-end=\"3006\"><strong data-start=\"2979\" data-end=\"2992\">Material:<\/strong> A\u00e7o carbono<\/p>\n<\/li>\n<li data-start=\"3007\" data-end=\"3052\">\n<p data-start=\"3009\" data-end=\"3052\"><strong data-start=\"3009\" data-end=\"3024\">Acabamento:<\/strong> Revestimento antiferrugem<\/p>\n<\/li>\n<li data-start=\"3053\" data-end=\"3125\">\n<p data-start=\"3055\" data-end=\"3125\"><strong data-start=\"3055\" data-end=\"3070\">Aplica\u00e7\u00f5es:<\/strong> Sustenta\u00e7\u00e3o de barras, bra\u00e7os m\u00f3veis de pulverizadores<\/p>\n<\/li>\n<\/ul>\n","protected":false},"excerpt":{"rendered":"<p data-start=\"2550\" data-end=\"2670\">Mola da barra 40066728 \u2013 Estabiliza a estrutura de barras agr\u00edcolas com flexibilidade controlada.<\/p>\n<p data-start=\"2672\" data-end=\"2875\">\n","protected":false},"featured_media":1779,"comment_status":"open","ping_status":"closed","template":"","meta":{"_price":"98.12","_stock":"5","_tribe_ticket_header":"","_tribe_default_ticket_provider":"","_tribe_ticket_capacity":"6","_ticket_start_date":"","_ticket_end_date":"","_tribe_ticket_show_description":"","_tribe_ticket_show_not_going":false,"_tribe_ticket_use_global_stock":"","_tribe_ticket_global_stock_level":"","_global_stock_mode":"","_global_stock_cap":"","_tribe_rsvp_for_event":"","_tribe_ticket_going_count":"","_tribe_ticket_not_going_count":"","_tribe_tickets_list":"[]","_tribe_ticket_has_attendee_info_fields":false,"_EventAllDay":false,"_EventTimezone":"","_EventStartDate":"","_EventEndDate":"","_EventStartDateUTC":"","_EventEndDateUTC":"","_EventShowMap":false,"_EventShowMapLink":false,"_EventURL":"","_EventCost":"","_EventCostDescription":"","_EventCurrencySymbol":"","_EventCurrencyCode":"","_EventCurrencyPosition":"","_EventDateTimeSeparator":"","_EventTimeRangeSeparator":"","_EventOrganizerID":[],"_EventVenueID":[],"_OrganizerEmail":"","_OrganizerPhone":"","_OrganizerWebsite":"","_VenueAddress":"","_VenueCity":"","_VenueCountry":"","_VenueProvince":"","_VenueState":"","_VenueZip":"","_VenuePhone":"","_VenueURL":"","_VenueStateProvince":"","_VenueLat":"","_VenueLng":"","_VenueShowMap":false,"_VenueShowMapLink":false},"product_brand":[],"product_cat":[44],"product_tag":[],"class_list":{"0":"post-1733","1":"product","2":"type-product","3":"status-publish","4":"has-post-thumbnail","6":"product_cat-pecasimplementosagricolas","8":"first","9":"instock","10":"shipping-taxable","11":"purchasable","12":"product-type-simple"},"jetpack_sharing_enabled":true,"_links":{"self":[{"href":"https:\/\/agriomac.com.br\/loja\/wp-json\/wp\/v2\/product\/1733","targetHints":{"allow":["GET"]}}],"collection":[{"href":"https:\/\/agriomac.com.br\/loja\/wp-json\/wp\/v2\/product"}],"about":[{"href":"https:\/\/agriomac.com.br\/loja\/wp-json\/wp\/v2\/types\/product"}],"replies":[{"embeddable":true,"href":"https:\/\/agriomac.com.br\/loja\/wp-json\/wp\/v2\/comments?post=1733"}],"version-history":[{"count":3,"href":"https:\/\/agriomac.com.br\/loja\/wp-json\/wp\/v2\/product\/1733\/revisions"}],"predecessor-version":[{"id":2840,"href":"https:\/\/agriomac.com.br\/loja\/wp-json\/wp\/v2\/product\/1733\/revisions\/2840"}],"wp:featuredmedia":[{"embeddable":true,"href":"https:\/\/agriomac.com.br\/loja\/wp-json\/wp\/v2\/media\/1779"}],"wp:attachment":[{"href":"https:\/\/agriomac.com.br\/loja\/wp-json\/wp\/v2\/media?parent=1733"}],"wp:term":[{"taxonomy":"product_brand","embeddable":true,"href":"https:\/\/agriomac.com.br\/loja\/wp-json\/wp\/v2\/product_brand?post=1733"},{"taxonomy":"product_cat","embeddable":true,"href":"https:\/\/agriomac.com.br\/loja\/wp-json\/wp\/v2\/product_cat?post=1733"},{"taxonomy":"product_tag","embeddable":true,"href":"https:\/\/agriomac.com.br\/loja\/wp-json\/wp\/v2\/product_tag?post=1733"}],"curies":[{"name":"wp","href":"https:\/\/api.w.org\/{rel}","templated":true}]}}