{"id":1735,"date":"2025-06-01T19:17:31","date_gmt":"2025-06-01T19:17:31","guid":{"rendered":"https:\/\/agriomac.com.br\/loja\/?post_type=product&#038;p=1735"},"modified":"2025-06-02T23:13:28","modified_gmt":"2025-06-02T23:13:28","slug":"mola-regulador-de-profundidade-32403070","status":"publish","type":"product","link":"https:\/\/agriomac.com.br\/loja\/produto\/mola-regulador-de-profundidade-32403070\/","title":{"rendered":"MOLA REGULADOR DE PROFUNDIDADE 32403070"},"content":{"rendered":"<p data-start=\"3309\" data-end=\"3507\">Essa mola \u00e9 essencial no sistema de regula\u00e7\u00e3o de profundidade de plantadeiras, garantindo que as sementes sejam depositadas de forma uniforme mesmo em terrenos irregulares.<\/p>\n<p data-start=\"3509\" data-end=\"3538\"><strong data-start=\"3509\" data-end=\"3538\">Caracter\u00edsticas t\u00e9cnicas:<\/strong><\/p>\n<ul data-start=\"3540\" data-end=\"3744\">\n<li data-start=\"3540\" data-end=\"3572\">\n<p data-start=\"3542\" data-end=\"3572\"><strong data-start=\"3542\" data-end=\"3551\">Tipo:<\/strong> Mola de compress\u00e3o<\/p>\n<\/li>\n<li data-start=\"3573\" data-end=\"3597\">\n<p data-start=\"3575\" data-end=\"3597\"><strong data-start=\"3575\" data-end=\"3586\">C\u00f3digo:<\/strong> 32403070<\/p>\n<\/li>\n<li data-start=\"3598\" data-end=\"3634\">\n<p data-start=\"3600\" data-end=\"3634\"><strong data-start=\"3600\" data-end=\"3613\">Material:<\/strong> A\u00e7o mola refor\u00e7ado<\/p>\n<\/li>\n<li data-start=\"3635\" data-end=\"3662\">\n<p data-start=\"3637\" data-end=\"3662\"><strong data-start=\"3637\" data-end=\"3652\">Acabamento:<\/strong> Zincado<\/p>\n<\/li>\n<li data-start=\"3663\" data-end=\"3744\">\n<p data-start=\"3665\" data-end=\"3744\"><strong data-start=\"3665\" data-end=\"3680\">Aplica\u00e7\u00f5es:<\/strong> Reguladores de profundidade, sistemas de discos em plantadeiras<\/p>\n<\/li>\n<\/ul>\n","protected":false},"excerpt":{"rendered":"<p data-start=\"3183\" data-end=\"3307\">Mola regulador de profundidade 32403070 \u2013 Auxilia no controle de profundidade em sistemas de plantio.<\/p>\n<p data-start=\"3309\" data-end=\"3507\">\n","protected":false},"featured_media":1784,"comment_status":"open","ping_status":"closed","template":"","meta":{"_price":"10.08","_stock":"1","_tribe_ticket_header":"","_tribe_default_ticket_provider":"","_tribe_ticket_capacity":"1","_ticket_start_date":"","_ticket_end_date":"","_tribe_ticket_show_description":"","_tribe_ticket_show_not_going":false,"_tribe_ticket_use_global_stock":"","_tribe_ticket_global_stock_level":"","_global_stock_mode":"","_global_stock_cap":"","_tribe_rsvp_for_event":"","_tribe_ticket_going_count":"","_tribe_ticket_not_going_count":"","_tribe_tickets_list":"[]","_tribe_ticket_has_attendee_info_fields":false,"_EventAllDay":false,"_EventTimezone":"","_EventStartDate":"","_EventEndDate":"","_EventStartDateUTC":"","_EventEndDateUTC":"","_EventShowMap":false,"_EventShowMapLink":false,"_EventURL":"","_EventCost":"","_EventCostDescription":"","_EventCurrencySymbol":"","_EventCurrencyCode":"","_EventCurrencyPosition":"","_EventDateTimeSeparator":"","_EventTimeRangeSeparator":"","_EventOrganizerID":[],"_EventVenueID":[],"_OrganizerEmail":"","_OrganizerPhone":"","_OrganizerWebsite":"","_VenueAddress":"","_VenueCity":"","_VenueCountry":"","_VenueProvince":"","_VenueState":"","_VenueZip":"","_VenuePhone":"","_VenueURL":"","_VenueStateProvince":"","_VenueLat":"","_VenueLng":"","_VenueShowMap":false,"_VenueShowMapLink":false},"product_brand":[],"product_cat":[44],"product_tag":[],"class_list":{"0":"post-1735","1":"product","2":"type-product","3":"status-publish","4":"has-post-thumbnail","6":"product_cat-pecasimplementosagricolas","8":"first","9":"instock","10":"shipping-taxable","11":"purchasable","12":"product-type-simple"},"jetpack_sharing_enabled":true,"_links":{"self":[{"href":"https:\/\/agriomac.com.br\/loja\/wp-json\/wp\/v2\/product\/1735","targetHints":{"allow":["GET"]}}],"collection":[{"href":"https:\/\/agriomac.com.br\/loja\/wp-json\/wp\/v2\/product"}],"about":[{"href":"https:\/\/agriomac.com.br\/loja\/wp-json\/wp\/v2\/types\/product"}],"replies":[{"embeddable":true,"href":"https:\/\/agriomac.com.br\/loja\/wp-json\/wp\/v2\/comments?post=1735"}],"version-history":[{"count":1,"href":"https:\/\/agriomac.com.br\/loja\/wp-json\/wp\/v2\/product\/1735\/revisions"}],"predecessor-version":[{"id":1736,"href":"https:\/\/agriomac.com.br\/loja\/wp-json\/wp\/v2\/product\/1735\/revisions\/1736"}],"wp:featuredmedia":[{"embeddable":true,"href":"https:\/\/agriomac.com.br\/loja\/wp-json\/wp\/v2\/media\/1784"}],"wp:attachment":[{"href":"https:\/\/agriomac.com.br\/loja\/wp-json\/wp\/v2\/media?parent=1735"}],"wp:term":[{"taxonomy":"product_brand","embeddable":true,"href":"https:\/\/agriomac.com.br\/loja\/wp-json\/wp\/v2\/product_brand?post=1735"},{"taxonomy":"product_cat","embeddable":true,"href":"https:\/\/agriomac.com.br\/loja\/wp-json\/wp\/v2\/product_cat?post=1735"},{"taxonomy":"product_tag","embeddable":true,"href":"https:\/\/agriomac.com.br\/loja\/wp-json\/wp\/v2\/product_tag?post=1735"}],"curies":[{"name":"wp","href":"https:\/\/api.w.org\/{rel}","templated":true}]}}