{"id":1737,"date":"2025-06-01T19:20:33","date_gmt":"2025-06-01T19:20:33","guid":{"rendered":"https:\/\/agriomac.com.br\/loja\/?post_type=product&#038;p=1737"},"modified":"2025-06-02T23:13:24","modified_gmt":"2025-06-02T23:13:24","slug":"mola-de-catraca-p-a-40066474","status":"publish","type":"product","link":"https:\/\/agriomac.com.br\/loja\/produto\/mola-de-catraca-p-a-40066474\/","title":{"rendered":"MOLA DE CATRACA P.A. 40066474"},"content":{"rendered":"<p data-start=\"3908\" data-end=\"4090\">A Mola de Catraca P.A. 40066474 \u00e9 utilizada em mecanismos com catraca para garantir retorno preciso, ideal para sistemas de ajuste em implementos agr\u00edcolas.<\/p>\n<p data-start=\"4092\" data-end=\"4121\"><strong data-start=\"4092\" data-end=\"4121\">Caracter\u00edsticas t\u00e9cnicas:<\/strong><\/p>\n<ul data-start=\"4123\" data-end=\"4344\">\n<li data-start=\"4123\" data-end=\"4152\">\n<p data-start=\"4125\" data-end=\"4152\"><strong data-start=\"4125\" data-end=\"4134\">Tipo:<\/strong> Mola helicoidal<\/p>\n<\/li>\n<li data-start=\"4153\" data-end=\"4177\">\n<p data-start=\"4155\" data-end=\"4177\"><strong data-start=\"4155\" data-end=\"4166\">C\u00f3digo:<\/strong> 40066474<\/p>\n<\/li>\n<li data-start=\"4178\" data-end=\"4220\">\n<p data-start=\"4180\" data-end=\"4220\"><strong data-start=\"4180\" data-end=\"4193\">Material:<\/strong> A\u00e7o de alta elasticidade<\/p>\n<\/li>\n<li data-start=\"4221\" data-end=\"4265\">\n<p data-start=\"4223\" data-end=\"4265\"><strong data-start=\"4223\" data-end=\"4238\">Acabamento:<\/strong> Prote\u00e7\u00e3o contra corros\u00e3o<\/p>\n<\/li>\n<li data-start=\"4266\" data-end=\"4344\">\n<p data-start=\"4268\" data-end=\"4344\"><strong data-start=\"4268\" data-end=\"4283\">Aplica\u00e7\u00f5es:<\/strong> Catracas de regulagem, ajustadores de profundidade ou altura<\/p>\n<\/li>\n<\/ul>\n","protected":false},"excerpt":{"rendered":"<p data-start=\"3792\" data-end=\"3906\">Mola de catraca P.A. 40066474 \u2013 Usada para retorno autom\u00e1tico e travamento de pe\u00e7as m\u00f3veis.<\/p>\n<p data-start=\"3908\" data-end=\"4090\">\n","protected":false},"featured_media":1775,"comment_status":"open","ping_status":"closed","template":"","meta":{"_price":"25.70","_stock":"3","_tribe_ticket_header":"","_tribe_default_ticket_provider":"","_tribe_ticket_capacity":"3","_ticket_start_date":"","_ticket_end_date":"","_tribe_ticket_show_description":"","_tribe_ticket_show_not_going":false,"_tribe_ticket_use_global_stock":"","_tribe_ticket_global_stock_level":"","_global_stock_mode":"","_global_stock_cap":"","_tribe_rsvp_for_event":"","_tribe_ticket_going_count":"","_tribe_ticket_not_going_count":"","_tribe_tickets_list":"[]","_tribe_ticket_has_attendee_info_fields":false,"_EventAllDay":false,"_EventTimezone":"","_EventStartDate":"","_EventEndDate":"","_EventStartDateUTC":"","_EventEndDateUTC":"","_EventShowMap":false,"_EventShowMapLink":false,"_EventURL":"","_EventCost":"","_EventCostDescription":"","_EventCurrencySymbol":"","_EventCurrencyCode":"","_EventCurrencyPosition":"","_EventDateTimeSeparator":"","_EventTimeRangeSeparator":"","_EventOrganizerID":[],"_EventVenueID":[],"_OrganizerEmail":"","_OrganizerPhone":"","_OrganizerWebsite":"","_VenueAddress":"","_VenueCity":"","_VenueCountry":"","_VenueProvince":"","_VenueState":"","_VenueZip":"","_VenuePhone":"","_VenueURL":"","_VenueStateProvince":"","_VenueLat":"","_VenueLng":"","_VenueShowMap":false,"_VenueShowMapLink":false},"product_brand":[],"product_cat":[44],"product_tag":[],"class_list":{"0":"post-1737","1":"product","2":"type-product","3":"status-publish","4":"has-post-thumbnail","6":"product_cat-pecasimplementosagricolas","8":"first","9":"instock","10":"shipping-taxable","11":"purchasable","12":"product-type-simple"},"jetpack_sharing_enabled":true,"_links":{"self":[{"href":"https:\/\/agriomac.com.br\/loja\/wp-json\/wp\/v2\/product\/1737","targetHints":{"allow":["GET"]}}],"collection":[{"href":"https:\/\/agriomac.com.br\/loja\/wp-json\/wp\/v2\/product"}],"about":[{"href":"https:\/\/agriomac.com.br\/loja\/wp-json\/wp\/v2\/types\/product"}],"replies":[{"embeddable":true,"href":"https:\/\/agriomac.com.br\/loja\/wp-json\/wp\/v2\/comments?post=1737"}],"version-history":[{"count":1,"href":"https:\/\/agriomac.com.br\/loja\/wp-json\/wp\/v2\/product\/1737\/revisions"}],"predecessor-version":[{"id":1738,"href":"https:\/\/agriomac.com.br\/loja\/wp-json\/wp\/v2\/product\/1737\/revisions\/1738"}],"wp:featuredmedia":[{"embeddable":true,"href":"https:\/\/agriomac.com.br\/loja\/wp-json\/wp\/v2\/media\/1775"}],"wp:attachment":[{"href":"https:\/\/agriomac.com.br\/loja\/wp-json\/wp\/v2\/media?parent=1737"}],"wp:term":[{"taxonomy":"product_brand","embeddable":true,"href":"https:\/\/agriomac.com.br\/loja\/wp-json\/wp\/v2\/product_brand?post=1737"},{"taxonomy":"product_cat","embeddable":true,"href":"https:\/\/agriomac.com.br\/loja\/wp-json\/wp\/v2\/product_cat?post=1737"},{"taxonomy":"product_tag","embeddable":true,"href":"https:\/\/agriomac.com.br\/loja\/wp-json\/wp\/v2\/product_tag?post=1737"}],"curies":[{"name":"wp","href":"https:\/\/api.w.org\/{rel}","templated":true}]}}