{"id":1742,"date":"2025-06-01T19:23:05","date_gmt":"2025-06-01T19:23:05","guid":{"rendered":"https:\/\/agriomac.com.br\/loja\/?post_type=product&#038;p=1742"},"modified":"2025-06-02T23:13:12","modified_gmt":"2025-06-02T23:13:12","slug":"mola-linha-shm-26100057","status":"publish","type":"product","link":"https:\/\/agriomac.com.br\/loja\/produto\/mola-linha-shm-26100057\/","title":{"rendered":"MOLA LINHA SHM 26100057"},"content":{"rendered":"<p data-start=\"5057\" data-end=\"5236\">Projetada para manter a press\u00e3o adequada sobre os sulcadores, a Mola SHM 26100057 melhora a uniformidade do plantio e evita falhas no contato com o solo.<\/p>\n<p data-start=\"5238\" data-end=\"5267\"><strong data-start=\"5238\" data-end=\"5267\">Caracter\u00edsticas t\u00e9cnicas:<\/strong><\/p>\n<ul data-start=\"5269\" data-end=\"5447\">\n<li data-start=\"5269\" data-end=\"5301\">\n<p data-start=\"5271\" data-end=\"5301\"><strong data-start=\"5271\" data-end=\"5280\">Tipo:<\/strong> Mola de compress\u00e3o<\/p>\n<\/li>\n<li data-start=\"5302\" data-end=\"5326\">\n<p data-start=\"5304\" data-end=\"5326\"><strong data-start=\"5304\" data-end=\"5315\">C\u00f3digo:<\/strong> 26100057<\/p>\n<\/li>\n<li data-start=\"5327\" data-end=\"5378\">\n<p data-start=\"5329\" data-end=\"5378\"><strong data-start=\"5329\" data-end=\"5342\">Material:<\/strong> A\u00e7o mola com resist\u00eancia \u00e0 fadiga<\/p>\n<\/li>\n<li data-start=\"5379\" data-end=\"5447\">\n<p data-start=\"5381\" data-end=\"5447\"><strong data-start=\"5381\" data-end=\"5396\">Aplica\u00e7\u00f5es:<\/strong> Linhas de plantio, sulcadores, rodas compactadoras<\/p>\n<\/li>\n<\/ul>\n","protected":false},"excerpt":{"rendered":"<p data-start=\"4961\" data-end=\"5055\">Mola linha SHM 26100057 \u2013 Estabiliza\u00e7\u00e3o e press\u00e3o em linhas de plantio.<\/p>\n<p data-start=\"5057\" data-end=\"5236\">\n","protected":false},"featured_media":1785,"comment_status":"open","ping_status":"closed","template":"","meta":{"_price":"69.10","_stock":"2","_tribe_ticket_header":"","_tribe_default_ticket_provider":"","_tribe_ticket_capacity":"2","_ticket_start_date":"","_ticket_end_date":"","_tribe_ticket_show_description":"","_tribe_ticket_show_not_going":false,"_tribe_ticket_use_global_stock":"","_tribe_ticket_global_stock_level":"","_global_stock_mode":"","_global_stock_cap":"","_tribe_rsvp_for_event":"","_tribe_ticket_going_count":"","_tribe_ticket_not_going_count":"","_tribe_tickets_list":"[]","_tribe_ticket_has_attendee_info_fields":false,"_EventAllDay":false,"_EventTimezone":"","_EventStartDate":"","_EventEndDate":"","_EventStartDateUTC":"","_EventEndDateUTC":"","_EventShowMap":false,"_EventShowMapLink":false,"_EventURL":"","_EventCost":"","_EventCostDescription":"","_EventCurrencySymbol":"","_EventCurrencyCode":"","_EventCurrencyPosition":"","_EventDateTimeSeparator":"","_EventTimeRangeSeparator":"","_EventOrganizerID":[],"_EventVenueID":[],"_OrganizerEmail":"","_OrganizerPhone":"","_OrganizerWebsite":"","_VenueAddress":"","_VenueCity":"","_VenueCountry":"","_VenueProvince":"","_VenueState":"","_VenueZip":"","_VenuePhone":"","_VenueURL":"","_VenueStateProvince":"","_VenueLat":"","_VenueLng":"","_VenueShowMap":false,"_VenueShowMapLink":false},"product_brand":[],"product_cat":[44],"product_tag":[],"class_list":{"0":"post-1742","1":"product","2":"type-product","3":"status-publish","4":"has-post-thumbnail","6":"product_cat-pecasimplementosagricolas","8":"first","9":"instock","10":"shipping-taxable","11":"purchasable","12":"product-type-simple"},"jetpack_sharing_enabled":true,"_links":{"self":[{"href":"https:\/\/agriomac.com.br\/loja\/wp-json\/wp\/v2\/product\/1742","targetHints":{"allow":["GET"]}}],"collection":[{"href":"https:\/\/agriomac.com.br\/loja\/wp-json\/wp\/v2\/product"}],"about":[{"href":"https:\/\/agriomac.com.br\/loja\/wp-json\/wp\/v2\/types\/product"}],"replies":[{"embeddable":true,"href":"https:\/\/agriomac.com.br\/loja\/wp-json\/wp\/v2\/comments?post=1742"}],"version-history":[{"count":1,"href":"https:\/\/agriomac.com.br\/loja\/wp-json\/wp\/v2\/product\/1742\/revisions"}],"predecessor-version":[{"id":1743,"href":"https:\/\/agriomac.com.br\/loja\/wp-json\/wp\/v2\/product\/1742\/revisions\/1743"}],"wp:featuredmedia":[{"embeddable":true,"href":"https:\/\/agriomac.com.br\/loja\/wp-json\/wp\/v2\/media\/1785"}],"wp:attachment":[{"href":"https:\/\/agriomac.com.br\/loja\/wp-json\/wp\/v2\/media?parent=1742"}],"wp:term":[{"taxonomy":"product_brand","embeddable":true,"href":"https:\/\/agriomac.com.br\/loja\/wp-json\/wp\/v2\/product_brand?post=1742"},{"taxonomy":"product_cat","embeddable":true,"href":"https:\/\/agriomac.com.br\/loja\/wp-json\/wp\/v2\/product_cat?post=1742"},{"taxonomy":"product_tag","embeddable":true,"href":"https:\/\/agriomac.com.br\/loja\/wp-json\/wp\/v2\/product_tag?post=1742"}],"curies":[{"name":"wp","href":"https:\/\/api.w.org\/{rel}","templated":true}]}}