{"id":1744,"date":"2025-06-01T19:24:41","date_gmt":"2025-06-01T19:24:41","guid":{"rendered":"https:\/\/agriomac.com.br\/loja\/?post_type=product&#038;p=1744"},"modified":"2025-06-02T23:13:08","modified_gmt":"2025-06-02T23:13:08","slug":"mola-tracao-retorno-ace-955112","status":"publish","type":"product","link":"https:\/\/agriomac.com.br\/loja\/produto\/mola-tracao-retorno-ace-955112\/","title":{"rendered":"MOLA TRA\u00c7\u00c3O RETORNO ACE 955112"},"content":{"rendered":"<p data-start=\"5611\" data-end=\"5805\">A Mola de Tra\u00e7\u00e3o ACE 955112 \u00e9 ideal para sistemas que exigem retorno autom\u00e1tico de componentes ap\u00f3s acionamento, mantendo a funcionalidade mesmo sob condi\u00e7\u00f5es intensas.<\/p>\n<p data-start=\"5807\" data-end=\"5836\"><strong data-start=\"5807\" data-end=\"5836\">Caracter\u00edsticas t\u00e9cnicas:<\/strong><\/p>\n<ul data-start=\"5838\" data-end=\"6006\">\n<li data-start=\"5838\" data-end=\"5866\">\n<p data-start=\"5840\" data-end=\"5866\"><strong data-start=\"5840\" data-end=\"5849\">Tipo:<\/strong> Mola de tra\u00e7\u00e3o<\/p>\n<\/li>\n<li data-start=\"5867\" data-end=\"5893\">\n<p data-start=\"5869\" data-end=\"5893\"><strong data-start=\"5869\" data-end=\"5880\">C\u00f3digo:<\/strong> 955112<\/p>\n<\/li>\n<li data-start=\"5894\" data-end=\"5938\">\n<p data-start=\"5896\" data-end=\"5938\"><strong data-start=\"5896\" data-end=\"5909\">Material:<\/strong> A\u00e7o com tratamento t\u00e9rmico<\/p>\n<\/li>\n<li data-start=\"5939\" data-end=\"6006\">\n<p data-start=\"5941\" data-end=\"6006\"><strong data-start=\"5941\" data-end=\"5956\">Aplica\u00e7\u00f5es:<\/strong> Retorno de bra\u00e7os m\u00f3veis, v\u00e1lvulas, articuladores<\/p>\n<\/li>\n<\/ul>\n","protected":false},"excerpt":{"rendered":"<p data-start=\"5496\" data-end=\"5609\">Mola tra\u00e7\u00e3o retorno ACE 955112 \u2013 Para retorno de pe\u00e7as m\u00f3veis com precis\u00e3o e durabilidade.<\/p>\n<p data-start=\"5611\" data-end=\"5805\">\n","protected":false},"featured_media":1791,"comment_status":"open","ping_status":"closed","template":"","meta":{"_price":"74.32","_stock":"5","_tribe_ticket_header":"","_tribe_default_ticket_provider":"","_tribe_ticket_capacity":"5","_ticket_start_date":"","_ticket_end_date":"","_tribe_ticket_show_description":"","_tribe_ticket_show_not_going":false,"_tribe_ticket_use_global_stock":"","_tribe_ticket_global_stock_level":"","_global_stock_mode":"","_global_stock_cap":"","_tribe_rsvp_for_event":"","_tribe_ticket_going_count":"","_tribe_ticket_not_going_count":"","_tribe_tickets_list":"[]","_tribe_ticket_has_attendee_info_fields":false,"_EventAllDay":false,"_EventTimezone":"","_EventStartDate":"","_EventEndDate":"","_EventStartDateUTC":"","_EventEndDateUTC":"","_EventShowMap":false,"_EventShowMapLink":false,"_EventURL":"","_EventCost":"","_EventCostDescription":"","_EventCurrencySymbol":"","_EventCurrencyCode":"","_EventCurrencyPosition":"","_EventDateTimeSeparator":"","_EventTimeRangeSeparator":"","_EventOrganizerID":[],"_EventVenueID":[],"_OrganizerEmail":"","_OrganizerPhone":"","_OrganizerWebsite":"","_VenueAddress":"","_VenueCity":"","_VenueCountry":"","_VenueProvince":"","_VenueState":"","_VenueZip":"","_VenuePhone":"","_VenueURL":"","_VenueStateProvince":"","_VenueLat":"","_VenueLng":"","_VenueShowMap":false,"_VenueShowMapLink":false},"product_brand":[],"product_cat":[44],"product_tag":[],"class_list":{"0":"post-1744","1":"product","2":"type-product","3":"status-publish","4":"has-post-thumbnail","6":"product_cat-pecasimplementosagricolas","8":"first","9":"instock","10":"shipping-taxable","11":"purchasable","12":"product-type-simple"},"jetpack_sharing_enabled":true,"_links":{"self":[{"href":"https:\/\/agriomac.com.br\/loja\/wp-json\/wp\/v2\/product\/1744","targetHints":{"allow":["GET"]}}],"collection":[{"href":"https:\/\/agriomac.com.br\/loja\/wp-json\/wp\/v2\/product"}],"about":[{"href":"https:\/\/agriomac.com.br\/loja\/wp-json\/wp\/v2\/types\/product"}],"replies":[{"embeddable":true,"href":"https:\/\/agriomac.com.br\/loja\/wp-json\/wp\/v2\/comments?post=1744"}],"version-history":[{"count":2,"href":"https:\/\/agriomac.com.br\/loja\/wp-json\/wp\/v2\/product\/1744\/revisions"}],"predecessor-version":[{"id":1752,"href":"https:\/\/agriomac.com.br\/loja\/wp-json\/wp\/v2\/product\/1744\/revisions\/1752"}],"wp:featuredmedia":[{"embeddable":true,"href":"https:\/\/agriomac.com.br\/loja\/wp-json\/wp\/v2\/media\/1791"}],"wp:attachment":[{"href":"https:\/\/agriomac.com.br\/loja\/wp-json\/wp\/v2\/media?parent=1744"}],"wp:term":[{"taxonomy":"product_brand","embeddable":true,"href":"https:\/\/agriomac.com.br\/loja\/wp-json\/wp\/v2\/product_brand?post=1744"},{"taxonomy":"product_cat","embeddable":true,"href":"https:\/\/agriomac.com.br\/loja\/wp-json\/wp\/v2\/product_cat?post=1744"},{"taxonomy":"product_tag","embeddable":true,"href":"https:\/\/agriomac.com.br\/loja\/wp-json\/wp\/v2\/product_tag?post=1744"}],"curies":[{"name":"wp","href":"https:\/\/api.w.org\/{rel}","templated":true}]}}