{"id":1746,"date":"2025-06-01T19:26:49","date_gmt":"2025-06-01T19:26:49","guid":{"rendered":"https:\/\/agriomac.com.br\/loja\/?post_type=product&#038;p=1746"},"modified":"2025-07-22T14:25:50","modified_gmt":"2025-07-22T14:25:50","slug":"mola-compactador-60001005","status":"publish","type":"product","link":"https:\/\/agriomac.com.br\/loja\/produto\/mola-compactador-60001005\/","title":{"rendered":"MOLA COMPACTADOR 60001005"},"content":{"rendered":"<p data-start=\"6174\" data-end=\"6360\">A Mola Compactador 60001005 assegura que a roda compactadora exer\u00e7a for\u00e7a uniforme sobre a semente, promovendo melhor contato com o solo e germina\u00e7\u00e3o eficiente.<\/p>\n<p data-start=\"6362\" data-end=\"6391\"><strong data-start=\"6362\" data-end=\"6391\">Caracter\u00edsticas t\u00e9cnicas:<\/strong><\/p>\n<ul data-start=\"6393\" data-end=\"6547\">\n<li data-start=\"6393\" data-end=\"6436\">\n<p data-start=\"6395\" data-end=\"6436\"><strong data-start=\"6395\" data-end=\"6404\">Tipo:<\/strong> Mola helicoidal de compress\u00e3o<\/p>\n<\/li>\n<li data-start=\"6437\" data-end=\"6461\">\n<p data-start=\"6439\" data-end=\"6461\"><strong data-start=\"6439\" data-end=\"6450\">C\u00f3digo:<\/strong> 60001005<\/p>\n<\/li>\n<li data-start=\"6462\" data-end=\"6493\">\n<p data-start=\"6464\" data-end=\"6493\"><strong data-start=\"6464\" data-end=\"6477\">Material:<\/strong> A\u00e7o refor\u00e7ado<\/p>\n<\/li>\n<li data-start=\"6494\" data-end=\"6547\">\n<p data-start=\"6496\" data-end=\"6547\"><strong data-start=\"6496\" data-end=\"6511\">Aplica\u00e7\u00f5es:<\/strong> Rodas compactadoras de plantadeiras<\/p>\n<\/li>\n<\/ul>\n","protected":false},"excerpt":{"rendered":"<p data-start=\"6050\" data-end=\"6172\">Mola compactador 60001005 \u2013 Utilizada para manter press\u00e3o constante sobre o solo durante o plantio.<\/p>\n<p data-start=\"6174\" data-end=\"6360\">\n","protected":false},"featured_media":1780,"comment_status":"open","ping_status":"closed","template":"","meta":{"_price":"20.05","_stock":"5","_tribe_ticket_header":"","_tribe_default_ticket_provider":"","_tribe_ticket_capacity":"7","_ticket_start_date":"","_ticket_end_date":"","_tribe_ticket_show_description":"","_tribe_ticket_show_not_going":false,"_tribe_ticket_use_global_stock":"","_tribe_ticket_global_stock_level":"","_global_stock_mode":"","_global_stock_cap":"","_tribe_rsvp_for_event":"","_tribe_ticket_going_count":"","_tribe_ticket_not_going_count":"","_tribe_tickets_list":"[]","_tribe_ticket_has_attendee_info_fields":false,"_EventAllDay":false,"_EventTimezone":"","_EventStartDate":"","_EventEndDate":"","_EventStartDateUTC":"","_EventEndDateUTC":"","_EventShowMap":false,"_EventShowMapLink":false,"_EventURL":"","_EventCost":"","_EventCostDescription":"","_EventCurrencySymbol":"","_EventCurrencyCode":"","_EventCurrencyPosition":"","_EventDateTimeSeparator":"","_EventTimeRangeSeparator":"","_EventOrganizerID":[],"_EventVenueID":[],"_OrganizerEmail":"","_OrganizerPhone":"","_OrganizerWebsite":"","_VenueAddress":"","_VenueCity":"","_VenueCountry":"","_VenueProvince":"","_VenueState":"","_VenueZip":"","_VenuePhone":"","_VenueURL":"","_VenueStateProvince":"","_VenueLat":"","_VenueLng":"","_VenueShowMap":false,"_VenueShowMapLink":false},"product_brand":[],"product_cat":[44],"product_tag":[],"class_list":{"0":"post-1746","1":"product","2":"type-product","3":"status-publish","4":"has-post-thumbnail","6":"product_cat-pecasimplementosagricolas","8":"first","9":"instock","10":"shipping-taxable","11":"purchasable","12":"product-type-simple"},"jetpack_sharing_enabled":true,"_links":{"self":[{"href":"https:\/\/agriomac.com.br\/loja\/wp-json\/wp\/v2\/product\/1746","targetHints":{"allow":["GET"]}}],"collection":[{"href":"https:\/\/agriomac.com.br\/loja\/wp-json\/wp\/v2\/product"}],"about":[{"href":"https:\/\/agriomac.com.br\/loja\/wp-json\/wp\/v2\/types\/product"}],"replies":[{"embeddable":true,"href":"https:\/\/agriomac.com.br\/loja\/wp-json\/wp\/v2\/comments?post=1746"}],"version-history":[{"count":1,"href":"https:\/\/agriomac.com.br\/loja\/wp-json\/wp\/v2\/product\/1746\/revisions"}],"predecessor-version":[{"id":1747,"href":"https:\/\/agriomac.com.br\/loja\/wp-json\/wp\/v2\/product\/1746\/revisions\/1747"}],"wp:featuredmedia":[{"embeddable":true,"href":"https:\/\/agriomac.com.br\/loja\/wp-json\/wp\/v2\/media\/1780"}],"wp:attachment":[{"href":"https:\/\/agriomac.com.br\/loja\/wp-json\/wp\/v2\/media?parent=1746"}],"wp:term":[{"taxonomy":"product_brand","embeddable":true,"href":"https:\/\/agriomac.com.br\/loja\/wp-json\/wp\/v2\/product_brand?post=1746"},{"taxonomy":"product_cat","embeddable":true,"href":"https:\/\/agriomac.com.br\/loja\/wp-json\/wp\/v2\/product_cat?post=1746"},{"taxonomy":"product_tag","embeddable":true,"href":"https:\/\/agriomac.com.br\/loja\/wp-json\/wp\/v2\/product_tag?post=1746"}],"curies":[{"name":"wp","href":"https:\/\/api.w.org\/{rel}","templated":true}]}}