{"id":1748,"date":"2025-06-01T19:27:55","date_gmt":"2025-06-01T19:27:55","guid":{"rendered":"https:\/\/agriomac.com.br\/loja\/?post_type=product&#038;p=1748"},"modified":"2025-06-02T23:13:00","modified_gmt":"2025-06-02T23:13:00","slug":"mola-land-master-58080017","status":"publish","type":"product","link":"https:\/\/agriomac.com.br\/loja\/produto\/mola-land-master-58080017\/","title":{"rendered":"MOLA LAND MASTER 58080017"},"content":{"rendered":"<p data-start=\"6708\" data-end=\"6868\">A Mola 58080017 \u00e9 utilizada em implementos da linha Land Master, fornecendo a for\u00e7a necess\u00e1ria para retorno ou amortecimento mec\u00e2nico.<\/p>\n<p data-start=\"6870\" data-end=\"6899\"><strong data-start=\"6870\" data-end=\"6899\">Caracter\u00edsticas t\u00e9cnicas:<\/strong><\/p>\n<ul data-start=\"6901\" data-end=\"7071\">\n<li data-start=\"6901\" data-end=\"6930\">\n<p data-start=\"6903\" data-end=\"6930\"><strong data-start=\"6903\" data-end=\"6912\">Tipo:<\/strong> Mola helicoidal<\/p>\n<\/li>\n<li data-start=\"6931\" data-end=\"6955\">\n<p data-start=\"6933\" data-end=\"6955\"><strong data-start=\"6933\" data-end=\"6944\">C\u00f3digo:<\/strong> 58080017<\/p>\n<\/li>\n<li data-start=\"6956\" data-end=\"7003\">\n<p data-start=\"6958\" data-end=\"7003\"><strong data-start=\"6958\" data-end=\"6971\">Material:<\/strong> A\u00e7o carbono de alta qualidade<\/p>\n<\/li>\n<li data-start=\"7004\" data-end=\"7071\">\n<p data-start=\"7006\" data-end=\"7071\"><strong data-start=\"7006\" data-end=\"7021\">Aplica\u00e7\u00f5es:<\/strong> Equipamentos Land Master, cultivadores e suportes<\/p>\n<\/li>\n<\/ul>\n","protected":false},"excerpt":{"rendered":"<p data-start=\"6591\" data-end=\"6706\">Mola Land Master 58080017 \u2013 Acess\u00f3rio agr\u00edcola de retorno ou amortecimento para implementos.<\/p>\n<p data-start=\"6708\" data-end=\"6868\">\n","protected":false},"featured_media":1783,"comment_status":"open","ping_status":"closed","template":"","meta":{"_price":"56.32","_stock":"3","_tribe_ticket_header":"","_tribe_default_ticket_provider":"","_tribe_ticket_capacity":"3","_ticket_start_date":"","_ticket_end_date":"","_tribe_ticket_show_description":"","_tribe_ticket_show_not_going":false,"_tribe_ticket_use_global_stock":"","_tribe_ticket_global_stock_level":"","_global_stock_mode":"","_global_stock_cap":"","_tribe_rsvp_for_event":"","_tribe_ticket_going_count":"","_tribe_ticket_not_going_count":"","_tribe_tickets_list":"[]","_tribe_ticket_has_attendee_info_fields":false,"_EventAllDay":false,"_EventTimezone":"","_EventStartDate":"","_EventEndDate":"","_EventStartDateUTC":"","_EventEndDateUTC":"","_EventShowMap":false,"_EventShowMapLink":false,"_EventURL":"","_EventCost":"","_EventCostDescription":"","_EventCurrencySymbol":"","_EventCurrencyCode":"","_EventCurrencyPosition":"","_EventDateTimeSeparator":"","_EventTimeRangeSeparator":"","_EventOrganizerID":[],"_EventVenueID":[],"_OrganizerEmail":"","_OrganizerPhone":"","_OrganizerWebsite":"","_VenueAddress":"","_VenueCity":"","_VenueCountry":"","_VenueProvince":"","_VenueState":"","_VenueZip":"","_VenuePhone":"","_VenueURL":"","_VenueStateProvince":"","_VenueLat":"","_VenueLng":"","_VenueShowMap":false,"_VenueShowMapLink":false},"product_brand":[],"product_cat":[44],"product_tag":[],"class_list":{"0":"post-1748","1":"product","2":"type-product","3":"status-publish","4":"has-post-thumbnail","6":"product_cat-pecasimplementosagricolas","8":"first","9":"instock","10":"shipping-taxable","11":"purchasable","12":"product-type-simple"},"jetpack_sharing_enabled":true,"_links":{"self":[{"href":"https:\/\/agriomac.com.br\/loja\/wp-json\/wp\/v2\/product\/1748","targetHints":{"allow":["GET"]}}],"collection":[{"href":"https:\/\/agriomac.com.br\/loja\/wp-json\/wp\/v2\/product"}],"about":[{"href":"https:\/\/agriomac.com.br\/loja\/wp-json\/wp\/v2\/types\/product"}],"replies":[{"embeddable":true,"href":"https:\/\/agriomac.com.br\/loja\/wp-json\/wp\/v2\/comments?post=1748"}],"version-history":[{"count":1,"href":"https:\/\/agriomac.com.br\/loja\/wp-json\/wp\/v2\/product\/1748\/revisions"}],"predecessor-version":[{"id":1749,"href":"https:\/\/agriomac.com.br\/loja\/wp-json\/wp\/v2\/product\/1748\/revisions\/1749"}],"wp:featuredmedia":[{"embeddable":true,"href":"https:\/\/agriomac.com.br\/loja\/wp-json\/wp\/v2\/media\/1783"}],"wp:attachment":[{"href":"https:\/\/agriomac.com.br\/loja\/wp-json\/wp\/v2\/media?parent=1748"}],"wp:term":[{"taxonomy":"product_brand","embeddable":true,"href":"https:\/\/agriomac.com.br\/loja\/wp-json\/wp\/v2\/product_brand?post=1748"},{"taxonomy":"product_cat","embeddable":true,"href":"https:\/\/agriomac.com.br\/loja\/wp-json\/wp\/v2\/product_cat?post=1748"},{"taxonomy":"product_tag","embeddable":true,"href":"https:\/\/agriomac.com.br\/loja\/wp-json\/wp\/v2\/product_tag?post=1748"}],"curies":[{"name":"wp","href":"https:\/\/api.w.org\/{rel}","templated":true}]}}