{"id":1750,"date":"2025-06-01T19:29:34","date_gmt":"2025-06-01T19:29:34","guid":{"rendered":"https:\/\/agriomac.com.br\/loja\/?post_type=product&#038;p=1750"},"modified":"2025-06-02T23:12:07","modified_gmt":"2025-06-02T23:12:07","slug":"mola-stara-73104119","status":"publish","type":"product","link":"https:\/\/agriomac.com.br\/loja\/produto\/mola-stara-73104119\/","title":{"rendered":"MOLA STARA 73104119"},"content":{"rendered":"<p data-start=\"7206\" data-end=\"7379\">A Mola 73104119 \u00e9 projetada para atender especifica\u00e7\u00f5es de desempenho dos equipamentos da marca Stara, garantindo encaixe e funcionamento corretos.<\/p>\n<p data-start=\"7381\" data-end=\"7410\"><strong data-start=\"7381\" data-end=\"7410\">Caracter\u00edsticas t\u00e9cnicas:<\/strong><\/p>\n<ul data-start=\"7412\" data-end=\"7587\">\n<li data-start=\"7412\" data-end=\"7444\">\n<p data-start=\"7414\" data-end=\"7444\"><strong data-start=\"7414\" data-end=\"7423\">Tipo:<\/strong> Mola de compress\u00e3o<\/p>\n<\/li>\n<li data-start=\"7445\" data-end=\"7469\">\n<p data-start=\"7447\" data-end=\"7469\"><strong data-start=\"7447\" data-end=\"7458\">C\u00f3digo:<\/strong> 73104119<\/p>\n<\/li>\n<li data-start=\"7470\" data-end=\"7502\">\n<p data-start=\"7472\" data-end=\"7502\"><strong data-start=\"7472\" data-end=\"7485\">Material:<\/strong> A\u00e7o resistente<\/p>\n<\/li>\n<li data-start=\"7503\" data-end=\"7587\">\n<p data-start=\"7505\" data-end=\"7587\"><strong data-start=\"7505\" data-end=\"7520\">Aplica\u00e7\u00f5es:<\/strong> Implementos Stara, principalmente linhas de plantio ou reguladores<\/p>\n<\/li>\n<\/ul>\n","protected":false},"excerpt":{"rendered":"<p data-start=\"7109\" data-end=\"7204\">Mola Stara 73104119 \u2013 Pe\u00e7a de reposi\u00e7\u00e3o original para implementos Stara.<\/p>\n<p data-start=\"7206\" data-end=\"7379\">\n","protected":false},"featured_media":1786,"comment_status":"open","ping_status":"closed","template":"","meta":{"_price":"25.96","_stock":"4","_tribe_ticket_header":"","_tribe_default_ticket_provider":"","_tribe_ticket_capacity":"4","_ticket_start_date":"","_ticket_end_date":"","_tribe_ticket_show_description":"","_tribe_ticket_show_not_going":false,"_tribe_ticket_use_global_stock":"","_tribe_ticket_global_stock_level":"","_global_stock_mode":"","_global_stock_cap":"","_tribe_rsvp_for_event":"","_tribe_ticket_going_count":"","_tribe_ticket_not_going_count":"","_tribe_tickets_list":"[]","_tribe_ticket_has_attendee_info_fields":false,"_EventAllDay":false,"_EventTimezone":"","_EventStartDate":"","_EventEndDate":"","_EventStartDateUTC":"","_EventEndDateUTC":"","_EventShowMap":false,"_EventShowMapLink":false,"_EventURL":"","_EventCost":"","_EventCostDescription":"","_EventCurrencySymbol":"","_EventCurrencyCode":"","_EventCurrencyPosition":"","_EventDateTimeSeparator":"","_EventTimeRangeSeparator":"","_EventOrganizerID":[],"_EventVenueID":[],"_OrganizerEmail":"","_OrganizerPhone":"","_OrganizerWebsite":"","_VenueAddress":"","_VenueCity":"","_VenueCountry":"","_VenueProvince":"","_VenueState":"","_VenueZip":"","_VenuePhone":"","_VenueURL":"","_VenueStateProvince":"","_VenueLat":"","_VenueLng":"","_VenueShowMap":false,"_VenueShowMapLink":false},"product_brand":[],"product_cat":[44],"product_tag":[],"class_list":{"0":"post-1750","1":"product","2":"type-product","3":"status-publish","4":"has-post-thumbnail","6":"product_cat-pecasimplementosagricolas","8":"first","9":"instock","10":"shipping-taxable","11":"purchasable","12":"product-type-simple"},"jetpack_sharing_enabled":true,"_links":{"self":[{"href":"https:\/\/agriomac.com.br\/loja\/wp-json\/wp\/v2\/product\/1750","targetHints":{"allow":["GET"]}}],"collection":[{"href":"https:\/\/agriomac.com.br\/loja\/wp-json\/wp\/v2\/product"}],"about":[{"href":"https:\/\/agriomac.com.br\/loja\/wp-json\/wp\/v2\/types\/product"}],"replies":[{"embeddable":true,"href":"https:\/\/agriomac.com.br\/loja\/wp-json\/wp\/v2\/comments?post=1750"}],"version-history":[{"count":1,"href":"https:\/\/agriomac.com.br\/loja\/wp-json\/wp\/v2\/product\/1750\/revisions"}],"predecessor-version":[{"id":1751,"href":"https:\/\/agriomac.com.br\/loja\/wp-json\/wp\/v2\/product\/1750\/revisions\/1751"}],"wp:featuredmedia":[{"embeddable":true,"href":"https:\/\/agriomac.com.br\/loja\/wp-json\/wp\/v2\/media\/1786"}],"wp:attachment":[{"href":"https:\/\/agriomac.com.br\/loja\/wp-json\/wp\/v2\/media?parent=1750"}],"wp:term":[{"taxonomy":"product_brand","embeddable":true,"href":"https:\/\/agriomac.com.br\/loja\/wp-json\/wp\/v2\/product_brand?post=1750"},{"taxonomy":"product_cat","embeddable":true,"href":"https:\/\/agriomac.com.br\/loja\/wp-json\/wp\/v2\/product_cat?post=1750"},{"taxonomy":"product_tag","embeddable":true,"href":"https:\/\/agriomac.com.br\/loja\/wp-json\/wp\/v2\/product_tag?post=1750"}],"curies":[{"name":"wp","href":"https:\/\/api.w.org\/{rel}","templated":true}]}}