{"id":1756,"date":"2025-06-01T19:32:03","date_gmt":"2025-06-01T19:32:03","guid":{"rendered":"https:\/\/agriomac.com.br\/loja\/?post_type=product&#038;p=1756"},"modified":"2025-06-02T23:11:01","modified_gmt":"2025-06-02T23:11:01","slug":"mola-compressao-341875","status":"publish","type":"product","link":"https:\/\/agriomac.com.br\/loja\/produto\/mola-compressao-341875\/","title":{"rendered":"MOLA COMPRESS\u00c3O 341875"},"content":{"rendered":"<p data-start=\"8269\" data-end=\"8431\">Utilizada para absorver impactos ou manter press\u00e3o constante, a mola 341875 \u00e9 robusta e confi\u00e1vel em plantadeiras e niveladores de solo.<\/p>\n<p data-start=\"8433\" data-end=\"8462\"><strong data-start=\"8433\" data-end=\"8462\">Caracter\u00edsticas t\u00e9cnicas:<\/strong><\/p>\n<ul data-start=\"8464\" data-end=\"8606\">\n<li data-start=\"8464\" data-end=\"8496\">\n<p data-start=\"8466\" data-end=\"8496\"><strong data-start=\"8466\" data-end=\"8475\">Tipo:<\/strong> Mola de compress\u00e3o<\/p>\n<\/li>\n<li data-start=\"8497\" data-end=\"8519\">\n<p data-start=\"8499\" data-end=\"8519\"><strong data-start=\"8499\" data-end=\"8510\">C\u00f3digo:<\/strong> 341875<\/p>\n<\/li>\n<li data-start=\"8520\" data-end=\"8549\">\n<p data-start=\"8522\" data-end=\"8549\"><strong data-start=\"8522\" data-end=\"8535\">Material:<\/strong> A\u00e7o carbono<\/p>\n<\/li>\n<li data-start=\"8550\" data-end=\"8606\">\n<p data-start=\"8552\" data-end=\"8606\"><strong data-start=\"8552\" data-end=\"8567\">Aplica\u00e7\u00f5es:<\/strong> Discos, sulcadores, bra\u00e7os articulados<\/p>\n<\/li>\n<\/ul>\n","protected":false},"excerpt":{"rendered":"<p data-start=\"8155\" data-end=\"8267\">Mola compress\u00e3o 341875 \u2013 Alta resist\u00eancia para suportar press\u00e3o em implementos agr\u00edcolas.<\/p>\n<p data-start=\"8269\" data-end=\"8431\">\n","protected":false},"featured_media":1777,"comment_status":"open","ping_status":"closed","template":"","meta":{"_price":"135.80","_stock":"2","_tribe_ticket_header":"","_tribe_default_ticket_provider":"","_tribe_ticket_capacity":"2","_ticket_start_date":"","_ticket_end_date":"","_tribe_ticket_show_description":"","_tribe_ticket_show_not_going":false,"_tribe_ticket_use_global_stock":"","_tribe_ticket_global_stock_level":"","_global_stock_mode":"","_global_stock_cap":"","_tribe_rsvp_for_event":"","_tribe_ticket_going_count":"","_tribe_ticket_not_going_count":"","_tribe_tickets_list":"[]","_tribe_ticket_has_attendee_info_fields":false,"_EventAllDay":false,"_EventTimezone":"","_EventStartDate":"","_EventEndDate":"","_EventStartDateUTC":"","_EventEndDateUTC":"","_EventShowMap":false,"_EventShowMapLink":false,"_EventURL":"","_EventCost":"","_EventCostDescription":"","_EventCurrencySymbol":"","_EventCurrencyCode":"","_EventCurrencyPosition":"","_EventDateTimeSeparator":"","_EventTimeRangeSeparator":"","_EventOrganizerID":[],"_EventVenueID":[],"_OrganizerEmail":"","_OrganizerPhone":"","_OrganizerWebsite":"","_VenueAddress":"","_VenueCity":"","_VenueCountry":"","_VenueProvince":"","_VenueState":"","_VenueZip":"","_VenuePhone":"","_VenueURL":"","_VenueStateProvince":"","_VenueLat":"","_VenueLng":"","_VenueShowMap":false,"_VenueShowMapLink":false},"product_brand":[],"product_cat":[44],"product_tag":[],"class_list":{"0":"post-1756","1":"product","2":"type-product","3":"status-publish","4":"has-post-thumbnail","6":"product_cat-pecasimplementosagricolas","8":"first","9":"instock","10":"shipping-taxable","11":"purchasable","12":"product-type-simple"},"jetpack_sharing_enabled":true,"_links":{"self":[{"href":"https:\/\/agriomac.com.br\/loja\/wp-json\/wp\/v2\/product\/1756","targetHints":{"allow":["GET"]}}],"collection":[{"href":"https:\/\/agriomac.com.br\/loja\/wp-json\/wp\/v2\/product"}],"about":[{"href":"https:\/\/agriomac.com.br\/loja\/wp-json\/wp\/v2\/types\/product"}],"replies":[{"embeddable":true,"href":"https:\/\/agriomac.com.br\/loja\/wp-json\/wp\/v2\/comments?post=1756"}],"version-history":[{"count":1,"href":"https:\/\/agriomac.com.br\/loja\/wp-json\/wp\/v2\/product\/1756\/revisions"}],"predecessor-version":[{"id":1757,"href":"https:\/\/agriomac.com.br\/loja\/wp-json\/wp\/v2\/product\/1756\/revisions\/1757"}],"wp:featuredmedia":[{"embeddable":true,"href":"https:\/\/agriomac.com.br\/loja\/wp-json\/wp\/v2\/media\/1777"}],"wp:attachment":[{"href":"https:\/\/agriomac.com.br\/loja\/wp-json\/wp\/v2\/media?parent=1756"}],"wp:term":[{"taxonomy":"product_brand","embeddable":true,"href":"https:\/\/agriomac.com.br\/loja\/wp-json\/wp\/v2\/product_brand?post=1756"},{"taxonomy":"product_cat","embeddable":true,"href":"https:\/\/agriomac.com.br\/loja\/wp-json\/wp\/v2\/product_cat?post=1756"},{"taxonomy":"product_tag","embeddable":true,"href":"https:\/\/agriomac.com.br\/loja\/wp-json\/wp\/v2\/product_tag?post=1756"}],"curies":[{"name":"wp","href":"https:\/\/api.w.org\/{rel}","templated":true}]}}