{"id":1758,"date":"2025-06-01T19:32:42","date_gmt":"2025-06-01T19:32:42","guid":{"rendered":"https:\/\/agriomac.com.br\/loja\/?post_type=product&#038;p=1758"},"modified":"2025-06-02T23:10:49","modified_gmt":"2025-06-02T23:10:49","slug":"mola-compactador-yd065111","status":"publish","type":"product","link":"https:\/\/agriomac.com.br\/loja\/produto\/mola-compactador-yd065111\/","title":{"rendered":"MOLA COMPACTADOR YD065111"},"content":{"rendered":"<p data-start=\"8764\" data-end=\"8904\">Esta mola refor\u00e7a o contato da roda com o solo durante o plantio, melhorando o fechamento do sulco e a germina\u00e7\u00e3o.<\/p>\n<p data-start=\"8906\" data-end=\"8935\"><strong data-start=\"8906\" data-end=\"8935\">Caracter\u00edsticas t\u00e9cnicas:<\/strong><\/p>\n<ul data-start=\"8937\" data-end=\"9075\">\n<li data-start=\"8937\" data-end=\"8966\">\n<p data-start=\"8939\" data-end=\"8966\"><strong data-start=\"8939\" data-end=\"8948\">Tipo:<\/strong> Mola helicoidal<\/p>\n<\/li>\n<li data-start=\"8967\" data-end=\"8991\">\n<p data-start=\"8969\" data-end=\"8991\"><strong data-start=\"8969\" data-end=\"8980\">C\u00f3digo:<\/strong> YD065111<\/p>\n<\/li>\n<li data-start=\"8992\" data-end=\"9018\">\n<p data-start=\"8994\" data-end=\"9018\"><strong data-start=\"8994\" data-end=\"9007\">Material:<\/strong> A\u00e7o mola<\/p>\n<\/li>\n<li data-start=\"9019\" data-end=\"9075\">\n<p data-start=\"9021\" data-end=\"9075\"><strong data-start=\"9021\" data-end=\"9036\">Aplica\u00e7\u00f5es:<\/strong> Rodas compactadoras, linhas de plantio<\/p>\n<\/li>\n<\/ul>\n","protected":false},"excerpt":{"rendered":"<p data-start=\"8650\" data-end=\"8762\">Mola compactador YD065111 \u2013 Ideal para manter press\u00e3o uniforme sobre rodas compactadoras.<\/p>\n<p data-start=\"8764\" data-end=\"8904\">\n","protected":false},"featured_media":1776,"comment_status":"open","ping_status":"closed","template":"","meta":{"_price":"64","_stock":"1","_tribe_ticket_header":"","_tribe_default_ticket_provider":"","_tribe_ticket_capacity":"1","_ticket_start_date":"","_ticket_end_date":"","_tribe_ticket_show_description":"","_tribe_ticket_show_not_going":false,"_tribe_ticket_use_global_stock":"","_tribe_ticket_global_stock_level":"","_global_stock_mode":"","_global_stock_cap":"","_tribe_rsvp_for_event":"","_tribe_ticket_going_count":"","_tribe_ticket_not_going_count":"","_tribe_tickets_list":"[]","_tribe_ticket_has_attendee_info_fields":false,"_EventAllDay":false,"_EventTimezone":"","_EventStartDate":"","_EventEndDate":"","_EventStartDateUTC":"","_EventEndDateUTC":"","_EventShowMap":false,"_EventShowMapLink":false,"_EventURL":"","_EventCost":"","_EventCostDescription":"","_EventCurrencySymbol":"","_EventCurrencyCode":"","_EventCurrencyPosition":"","_EventDateTimeSeparator":"","_EventTimeRangeSeparator":"","_EventOrganizerID":[],"_EventVenueID":[],"_OrganizerEmail":"","_OrganizerPhone":"","_OrganizerWebsite":"","_VenueAddress":"","_VenueCity":"","_VenueCountry":"","_VenueProvince":"","_VenueState":"","_VenueZip":"","_VenuePhone":"","_VenueURL":"","_VenueStateProvince":"","_VenueLat":"","_VenueLng":"","_VenueShowMap":false,"_VenueShowMapLink":false},"product_brand":[],"product_cat":[44],"product_tag":[],"class_list":{"0":"post-1758","1":"product","2":"type-product","3":"status-publish","4":"has-post-thumbnail","6":"product_cat-pecasimplementosagricolas","8":"first","9":"instock","10":"shipping-taxable","11":"purchasable","12":"product-type-simple"},"jetpack_sharing_enabled":true,"_links":{"self":[{"href":"https:\/\/agriomac.com.br\/loja\/wp-json\/wp\/v2\/product\/1758","targetHints":{"allow":["GET"]}}],"collection":[{"href":"https:\/\/agriomac.com.br\/loja\/wp-json\/wp\/v2\/product"}],"about":[{"href":"https:\/\/agriomac.com.br\/loja\/wp-json\/wp\/v2\/types\/product"}],"replies":[{"embeddable":true,"href":"https:\/\/agriomac.com.br\/loja\/wp-json\/wp\/v2\/comments?post=1758"}],"version-history":[{"count":1,"href":"https:\/\/agriomac.com.br\/loja\/wp-json\/wp\/v2\/product\/1758\/revisions"}],"predecessor-version":[{"id":1759,"href":"https:\/\/agriomac.com.br\/loja\/wp-json\/wp\/v2\/product\/1758\/revisions\/1759"}],"wp:featuredmedia":[{"embeddable":true,"href":"https:\/\/agriomac.com.br\/loja\/wp-json\/wp\/v2\/media\/1776"}],"wp:attachment":[{"href":"https:\/\/agriomac.com.br\/loja\/wp-json\/wp\/v2\/media?parent=1758"}],"wp:term":[{"taxonomy":"product_brand","embeddable":true,"href":"https:\/\/agriomac.com.br\/loja\/wp-json\/wp\/v2\/product_brand?post=1758"},{"taxonomy":"product_cat","embeddable":true,"href":"https:\/\/agriomac.com.br\/loja\/wp-json\/wp\/v2\/product_cat?post=1758"},{"taxonomy":"product_tag","embeddable":true,"href":"https:\/\/agriomac.com.br\/loja\/wp-json\/wp\/v2\/product_tag?post=1758"}],"curies":[{"name":"wp","href":"https:\/\/api.w.org\/{rel}","templated":true}]}}