{"id":1760,"date":"2025-06-01T19:33:18","date_gmt":"2025-06-01T19:33:18","guid":{"rendered":"https:\/\/agriomac.com.br\/loja\/?post_type=product&#038;p=1760"},"modified":"2025-06-02T23:10:36","modified_gmt":"2025-06-02T23:10:36","slug":"mola-helic-tracao-03030041","status":"publish","type":"product","link":"https:\/\/agriomac.com.br\/loja\/produto\/mola-helic-tracao-03030041\/","title":{"rendered":"MOLA HELIC TRA\u00c7\u00c3O 03030041"},"content":{"rendered":"<p data-start=\"9227\" data-end=\"9369\">A Mola 03030041 oferece resist\u00eancia e elasticidade para retorno autom\u00e1tico em implementos com movimentos alternados.<\/p>\n<p data-start=\"9371\" data-end=\"9400\"><strong data-start=\"9371\" data-end=\"9400\">Caracter\u00edsticas t\u00e9cnicas:<\/strong><\/p>\n<ul data-start=\"9402\" data-end=\"9573\">\n<li data-start=\"9402\" data-end=\"9441\">\n<p data-start=\"9404\" data-end=\"9441\"><strong data-start=\"9404\" data-end=\"9413\">Tipo:<\/strong> Mola helicoidal de tra\u00e7\u00e3o<\/p>\n<\/li>\n<li data-start=\"9442\" data-end=\"9466\">\n<p data-start=\"9444\" data-end=\"9466\"><strong data-start=\"9444\" data-end=\"9455\">C\u00f3digo:<\/strong> 03030041<\/p>\n<\/li>\n<li data-start=\"9467\" data-end=\"9497\">\n<p data-start=\"9469\" data-end=\"9497\"><strong data-start=\"9469\" data-end=\"9482\">Material:<\/strong> A\u00e7o especial<\/p>\n<\/li>\n<li data-start=\"9498\" data-end=\"9573\">\n<p data-start=\"9500\" data-end=\"9573\"><strong data-start=\"9500\" data-end=\"9515\">Aplica\u00e7\u00f5es:<\/strong> Cultivadores, bra\u00e7os m\u00f3veis, articula\u00e7\u00f5es de plantadeiras<\/p>\n<\/li>\n<\/ul>\n","protected":false},"excerpt":{"rendered":"<p data-start=\"9120\" data-end=\"9225\">Mola helicoidal de tra\u00e7\u00e3o 03030041 \u2013 Excelente desempenho para retorno controlado.<\/p>\n<p data-start=\"9227\" data-end=\"9369\">\n","protected":false},"featured_media":1782,"comment_status":"open","ping_status":"closed","template":"","meta":{"_price":"26.28","_stock":"3","_tribe_ticket_header":"","_tribe_default_ticket_provider":"","_tribe_ticket_capacity":"3","_ticket_start_date":"","_ticket_end_date":"","_tribe_ticket_show_description":"","_tribe_ticket_show_not_going":false,"_tribe_ticket_use_global_stock":"","_tribe_ticket_global_stock_level":"","_global_stock_mode":"","_global_stock_cap":"","_tribe_rsvp_for_event":"","_tribe_ticket_going_count":"","_tribe_ticket_not_going_count":"","_tribe_tickets_list":"[]","_tribe_ticket_has_attendee_info_fields":false,"_EventAllDay":false,"_EventTimezone":"","_EventStartDate":"","_EventEndDate":"","_EventStartDateUTC":"","_EventEndDateUTC":"","_EventShowMap":false,"_EventShowMapLink":false,"_EventURL":"","_EventCost":"","_EventCostDescription":"","_EventCurrencySymbol":"","_EventCurrencyCode":"","_EventCurrencyPosition":"","_EventDateTimeSeparator":"","_EventTimeRangeSeparator":"","_EventOrganizerID":[],"_EventVenueID":[],"_OrganizerEmail":"","_OrganizerPhone":"","_OrganizerWebsite":"","_VenueAddress":"","_VenueCity":"","_VenueCountry":"","_VenueProvince":"","_VenueState":"","_VenueZip":"","_VenuePhone":"","_VenueURL":"","_VenueStateProvince":"","_VenueLat":"","_VenueLng":"","_VenueShowMap":false,"_VenueShowMapLink":false},"product_brand":[],"product_cat":[44],"product_tag":[],"class_list":{"0":"post-1760","1":"product","2":"type-product","3":"status-publish","4":"has-post-thumbnail","6":"product_cat-pecasimplementosagricolas","8":"first","9":"instock","10":"shipping-taxable","11":"purchasable","12":"product-type-simple"},"jetpack_sharing_enabled":true,"_links":{"self":[{"href":"https:\/\/agriomac.com.br\/loja\/wp-json\/wp\/v2\/product\/1760","targetHints":{"allow":["GET"]}}],"collection":[{"href":"https:\/\/agriomac.com.br\/loja\/wp-json\/wp\/v2\/product"}],"about":[{"href":"https:\/\/agriomac.com.br\/loja\/wp-json\/wp\/v2\/types\/product"}],"replies":[{"embeddable":true,"href":"https:\/\/agriomac.com.br\/loja\/wp-json\/wp\/v2\/comments?post=1760"}],"version-history":[{"count":1,"href":"https:\/\/agriomac.com.br\/loja\/wp-json\/wp\/v2\/product\/1760\/revisions"}],"predecessor-version":[{"id":1761,"href":"https:\/\/agriomac.com.br\/loja\/wp-json\/wp\/v2\/product\/1760\/revisions\/1761"}],"wp:featuredmedia":[{"embeddable":true,"href":"https:\/\/agriomac.com.br\/loja\/wp-json\/wp\/v2\/media\/1782"}],"wp:attachment":[{"href":"https:\/\/agriomac.com.br\/loja\/wp-json\/wp\/v2\/media?parent=1760"}],"wp:term":[{"taxonomy":"product_brand","embeddable":true,"href":"https:\/\/agriomac.com.br\/loja\/wp-json\/wp\/v2\/product_brand?post=1760"},{"taxonomy":"product_cat","embeddable":true,"href":"https:\/\/agriomac.com.br\/loja\/wp-json\/wp\/v2\/product_cat?post=1760"},{"taxonomy":"product_tag","embeddable":true,"href":"https:\/\/agriomac.com.br\/loja\/wp-json\/wp\/v2\/product_tag?post=1760"}],"curies":[{"name":"wp","href":"https:\/\/api.w.org\/{rel}","templated":true}]}}