{"id":1762,"date":"2025-06-01T19:34:03","date_gmt":"2025-06-01T19:34:03","guid":{"rendered":"https:\/\/agriomac.com.br\/loja\/?post_type=product&#038;p=1762"},"modified":"2026-04-25T00:10:11","modified_gmt":"2026-04-25T00:10:11","slug":"mola-levantador-condor-113274","status":"publish","type":"product","link":"https:\/\/agriomac.com.br\/loja\/produto\/mola-levantador-condor-113274\/","title":{"rendered":"MOLA LEVANTADOR CONDOR 113274"},"content":{"rendered":"<p data-start=\"9736\" data-end=\"9902\">Projetada para equipamentos da marca Condor, essa mola auxilia no levantamento de bra\u00e7os ou suportes m\u00f3veis, otimizando a opera\u00e7\u00e3o no campo.<\/p>\n<p data-start=\"9904\" data-end=\"9933\"><strong data-start=\"9904\" data-end=\"9933\">Caracter\u00edsticas t\u00e9cnicas:<\/strong><\/p>\n<ul data-start=\"9935\" data-end=\"10090\">\n<li data-start=\"9935\" data-end=\"9963\">\n<p data-start=\"9937\" data-end=\"9963\"><strong data-start=\"9937\" data-end=\"9946\">Tipo:<\/strong> Mola de tra\u00e7\u00e3o<\/p>\n<\/li>\n<li data-start=\"9964\" data-end=\"9986\">\n<p data-start=\"9966\" data-end=\"9986\"><strong data-start=\"9966\" data-end=\"9977\">C\u00f3digo:<\/strong> 113274<\/p>\n<\/li>\n<li data-start=\"9987\" data-end=\"10031\">\n<p data-start=\"9989\" data-end=\"10031\"><strong data-start=\"9989\" data-end=\"10002\">Material:<\/strong> A\u00e7o carbono com tratamento<\/p>\n<\/li>\n<li data-start=\"10032\" data-end=\"10090\">\n<p data-start=\"10034\" data-end=\"10090\"><strong data-start=\"10034\" data-end=\"10049\">Aplica\u00e7\u00f5es:<\/strong> Levantadores e bra\u00e7os de m\u00e1quinas Condor<\/p>\n<\/li>\n<\/ul>\n","protected":false},"excerpt":{"rendered":"<p data-start=\"9621\" data-end=\"9734\">Mola levantador Condor 113274 \u2013 Respons\u00e1vel pela eleva\u00e7\u00e3o autom\u00e1tica de mecanismos Condor.<\/p>\n<p data-start=\"9736\" data-end=\"9902\">\n","protected":false},"featured_media":1778,"comment_status":"open","ping_status":"closed","template":"","meta":{"_price":"","_stock":"5","_tribe_ticket_header":"","_tribe_default_ticket_provider":"","_tribe_ticket_capacity":"5","_ticket_start_date":"","_ticket_end_date":"","_tribe_ticket_show_description":"","_tribe_ticket_show_not_going":false,"_tribe_ticket_use_global_stock":"","_tribe_ticket_global_stock_level":"","_global_stock_mode":"","_global_stock_cap":"","_tribe_rsvp_for_event":"","_tribe_ticket_going_count":"","_tribe_ticket_not_going_count":"","_tribe_tickets_list":"[]","_tribe_ticket_has_attendee_info_fields":false,"_EventAllDay":false,"_EventTimezone":"","_EventStartDate":"","_EventEndDate":"","_EventStartDateUTC":"","_EventEndDateUTC":"","_EventShowMap":false,"_EventShowMapLink":false,"_EventURL":"","_EventCost":"","_EventCostDescription":"","_EventCurrencySymbol":"","_EventCurrencyCode":"","_EventCurrencyPosition":"","_EventDateTimeSeparator":"","_EventTimeRangeSeparator":"","_EventOrganizerID":[],"_EventVenueID":[],"_OrganizerEmail":"","_OrganizerPhone":"","_OrganizerWebsite":"","_VenueAddress":"","_VenueCity":"","_VenueCountry":"","_VenueProvince":"","_VenueState":"","_VenueZip":"","_VenuePhone":"","_VenueURL":"","_VenueStateProvince":"","_VenueLat":"","_VenueLng":"","_VenueShowMap":false,"_VenueShowMapLink":false},"product_brand":[],"product_cat":[44],"product_tag":[],"class_list":{"0":"post-1762","1":"product","2":"type-product","3":"status-publish","4":"has-post-thumbnail","6":"product_cat-pecasimplementosagricolas","8":"first","9":"instock","10":"shipping-taxable","11":"product-type-simple"},"jetpack_sharing_enabled":true,"_links":{"self":[{"href":"https:\/\/agriomac.com.br\/loja\/wp-json\/wp\/v2\/product\/1762","targetHints":{"allow":["GET"]}}],"collection":[{"href":"https:\/\/agriomac.com.br\/loja\/wp-json\/wp\/v2\/product"}],"about":[{"href":"https:\/\/agriomac.com.br\/loja\/wp-json\/wp\/v2\/types\/product"}],"replies":[{"embeddable":true,"href":"https:\/\/agriomac.com.br\/loja\/wp-json\/wp\/v2\/comments?post=1762"}],"version-history":[{"count":1,"href":"https:\/\/agriomac.com.br\/loja\/wp-json\/wp\/v2\/product\/1762\/revisions"}],"predecessor-version":[{"id":1763,"href":"https:\/\/agriomac.com.br\/loja\/wp-json\/wp\/v2\/product\/1762\/revisions\/1763"}],"wp:featuredmedia":[{"embeddable":true,"href":"https:\/\/agriomac.com.br\/loja\/wp-json\/wp\/v2\/media\/1778"}],"wp:attachment":[{"href":"https:\/\/agriomac.com.br\/loja\/wp-json\/wp\/v2\/media?parent=1762"}],"wp:term":[{"taxonomy":"product_brand","embeddable":true,"href":"https:\/\/agriomac.com.br\/loja\/wp-json\/wp\/v2\/product_brand?post=1762"},{"taxonomy":"product_cat","embeddable":true,"href":"https:\/\/agriomac.com.br\/loja\/wp-json\/wp\/v2\/product_cat?post=1762"},{"taxonomy":"product_tag","embeddable":true,"href":"https:\/\/agriomac.com.br\/loja\/wp-json\/wp\/v2\/product_tag?post=1762"}],"curies":[{"name":"wp","href":"https:\/\/api.w.org\/{rel}","templated":true}]}}