{"id":1796,"date":"2025-06-02T23:58:14","date_gmt":"2025-06-02T23:58:14","guid":{"rendered":"https:\/\/agriomac.com.br\/loja\/?post_type=product&#038;p=1796"},"modified":"2025-06-03T00:49:00","modified_gmt":"2025-06-03T00:49:00","slug":"rolamento-6003","status":"publish","type":"product","link":"https:\/\/agriomac.com.br\/loja\/produto\/rolamento-6003\/","title":{"rendered":"ROLAMENTO 6003"},"content":{"rendered":"<p data-start=\"1050\" data-end=\"1290\">O Rolamento 6003 oferece um \u00f3timo equil\u00edbrio entre tamanho, resist\u00eancia e desempenho. Ideal para aplica\u00e7\u00f5es em que o espa\u00e7o \u00e9 limitado, mas \u00e9 necess\u00e1ria uma boa capacidade de carga e resist\u00eancia \u00e0 rota\u00e7\u00e3o cont\u00ednua.<\/p>\n<p data-start=\"1292\" data-end=\"1321\"><strong data-start=\"1292\" data-end=\"1321\">Caracter\u00edsticas t\u00e9cnicas:<\/strong><\/p>\n<ul data-start=\"1323\" data-end=\"1599\">\n<li data-start=\"1323\" data-end=\"1364\">\n<p data-start=\"1325\" data-end=\"1364\"><strong data-start=\"1325\" data-end=\"1334\">Tipo:<\/strong> Rolamento r\u00edgido de esferas<\/p>\n<\/li>\n<li data-start=\"1365\" data-end=\"1385\">\n<p data-start=\"1367\" data-end=\"1385\"><strong data-start=\"1367\" data-end=\"1378\">C\u00f3digo:<\/strong> 6003<\/p>\n<\/li>\n<li data-start=\"1386\" data-end=\"1417\">\n<p data-start=\"1388\" data-end=\"1417\"><strong data-start=\"1388\" data-end=\"1409\">Di\u00e2metro interno:<\/strong> 17 mm<\/p>\n<\/li>\n<li data-start=\"1418\" data-end=\"1449\">\n<p data-start=\"1420\" data-end=\"1449\"><strong data-start=\"1420\" data-end=\"1441\">Di\u00e2metro externo:<\/strong> 35 mm<\/p>\n<\/li>\n<li data-start=\"1450\" data-end=\"1472\">\n<p data-start=\"1452\" data-end=\"1472\"><strong data-start=\"1452\" data-end=\"1464\">Largura:<\/strong> 10 mm<\/p>\n<\/li>\n<li data-start=\"1473\" data-end=\"1500\">\n<p data-start=\"1475\" data-end=\"1500\"><strong data-start=\"1475\" data-end=\"1488\">Material:<\/strong> A\u00e7o cromo<\/p>\n<\/li>\n<li data-start=\"1501\" data-end=\"1537\">\n<p data-start=\"1503\" data-end=\"1537\"><strong data-start=\"1503\" data-end=\"1518\">Acabamento:<\/strong> Usinado e polido<\/p>\n<\/li>\n<li data-start=\"1538\" data-end=\"1599\">\n<p data-start=\"1540\" data-end=\"1599\"><strong data-start=\"1540\" data-end=\"1555\">Aplica\u00e7\u00f5es:<\/strong> Equipamentos agr\u00edcolas, motores, lavadoras.<\/p>\n<\/li>\n<\/ul>\n","protected":false},"excerpt":{"rendered":"<p data-start=\"941\" data-end=\"1048\">Rolamento 6003 \u2013 Rolamento vers\u00e1til para rota\u00e7\u00e3o elevada com excelente durabilidade.<\/p>\n<p data-start=\"1050\" data-end=\"1290\">\n","protected":false},"featured_media":1829,"comment_status":"open","ping_status":"closed","template":"","meta":{"_price":"12","_stock":"3","_tribe_ticket_header":"","_tribe_default_ticket_provider":"","_tribe_ticket_capacity":"3","_ticket_start_date":"","_ticket_end_date":"","_tribe_ticket_show_description":"","_tribe_ticket_show_not_going":false,"_tribe_ticket_use_global_stock":"","_tribe_ticket_global_stock_level":"","_global_stock_mode":"","_global_stock_cap":"","_tribe_rsvp_for_event":"","_tribe_ticket_going_count":"","_tribe_ticket_not_going_count":"","_tribe_tickets_list":"[]","_tribe_ticket_has_attendee_info_fields":false,"_EventAllDay":false,"_EventTimezone":"","_EventStartDate":"","_EventEndDate":"","_EventStartDateUTC":"","_EventEndDateUTC":"","_EventShowMap":false,"_EventShowMapLink":false,"_EventURL":"","_EventCost":"","_EventCostDescription":"","_EventCurrencySymbol":"","_EventCurrencyCode":"","_EventCurrencyPosition":"","_EventDateTimeSeparator":"","_EventTimeRangeSeparator":"","_EventOrganizerID":[],"_EventVenueID":[],"_OrganizerEmail":"","_OrganizerPhone":"","_OrganizerWebsite":"","_VenueAddress":"","_VenueCity":"","_VenueCountry":"","_VenueProvince":"","_VenueState":"","_VenueZip":"","_VenuePhone":"","_VenueURL":"","_VenueStateProvince":"","_VenueLat":"","_VenueLng":"","_VenueShowMap":false,"_VenueShowMapLink":false},"product_brand":[],"product_cat":[41],"product_tag":[],"class_list":{"0":"post-1796","1":"product","2":"type-product","3":"status-publish","4":"has-post-thumbnail","6":"product_cat-retentoreserolamentos","8":"first","9":"instock","10":"shipping-taxable","11":"purchasable","12":"product-type-simple"},"jetpack_sharing_enabled":true,"_links":{"self":[{"href":"https:\/\/agriomac.com.br\/loja\/wp-json\/wp\/v2\/product\/1796","targetHints":{"allow":["GET"]}}],"collection":[{"href":"https:\/\/agriomac.com.br\/loja\/wp-json\/wp\/v2\/product"}],"about":[{"href":"https:\/\/agriomac.com.br\/loja\/wp-json\/wp\/v2\/types\/product"}],"replies":[{"embeddable":true,"href":"https:\/\/agriomac.com.br\/loja\/wp-json\/wp\/v2\/comments?post=1796"}],"version-history":[{"count":1,"href":"https:\/\/agriomac.com.br\/loja\/wp-json\/wp\/v2\/product\/1796\/revisions"}],"predecessor-version":[{"id":1797,"href":"https:\/\/agriomac.com.br\/loja\/wp-json\/wp\/v2\/product\/1796\/revisions\/1797"}],"wp:featuredmedia":[{"embeddable":true,"href":"https:\/\/agriomac.com.br\/loja\/wp-json\/wp\/v2\/media\/1829"}],"wp:attachment":[{"href":"https:\/\/agriomac.com.br\/loja\/wp-json\/wp\/v2\/media?parent=1796"}],"wp:term":[{"taxonomy":"product_brand","embeddable":true,"href":"https:\/\/agriomac.com.br\/loja\/wp-json\/wp\/v2\/product_brand?post=1796"},{"taxonomy":"product_cat","embeddable":true,"href":"https:\/\/agriomac.com.br\/loja\/wp-json\/wp\/v2\/product_cat?post=1796"},{"taxonomy":"product_tag","embeddable":true,"href":"https:\/\/agriomac.com.br\/loja\/wp-json\/wp\/v2\/product_tag?post=1796"}],"curies":[{"name":"wp","href":"https:\/\/api.w.org\/{rel}","templated":true}]}}