{"id":1798,"date":"2025-06-02T23:58:55","date_gmt":"2025-06-02T23:58:55","guid":{"rendered":"https:\/\/agriomac.com.br\/loja\/?post_type=product&#038;p=1798"},"modified":"2025-06-03T00:49:17","modified_gmt":"2025-06-03T00:49:17","slug":"rolamento-6004","status":"publish","type":"product","link":"https:\/\/agriomac.com.br\/loja\/produto\/rolamento-6004\/","title":{"rendered":"ROLAMENTO 6004"},"content":{"rendered":"<p data-start=\"1740\" data-end=\"1955\">O Rolamento 6004 \u00e9 indicado para aplica\u00e7\u00f5es com necessidade de maior robustez e rota\u00e7\u00e3o est\u00e1vel. Sua estrutura permite opera\u00e7\u00e3o cont\u00ednua com baix\u00edssimo n\u00edvel de ru\u00eddo e manuten\u00e7\u00e3o reduzida.<\/p>\n<p data-start=\"1957\" data-end=\"1986\"><strong data-start=\"1957\" data-end=\"1986\">Caracter\u00edsticas t\u00e9cnicas:<\/strong><\/p>\n<ul data-start=\"1988\" data-end=\"2262\">\n<li data-start=\"1988\" data-end=\"2029\">\n<p data-start=\"1990\" data-end=\"2029\"><strong data-start=\"1990\" data-end=\"1999\">Tipo:<\/strong> Rolamento r\u00edgido de esferas<\/p>\n<\/li>\n<li data-start=\"2030\" data-end=\"2050\">\n<p data-start=\"2032\" data-end=\"2050\"><strong data-start=\"2032\" data-end=\"2043\">C\u00f3digo:<\/strong> 6004<\/p>\n<\/li>\n<li data-start=\"2051\" data-end=\"2082\">\n<p data-start=\"2053\" data-end=\"2082\"><strong data-start=\"2053\" data-end=\"2074\">Di\u00e2metro interno:<\/strong> 20 mm<\/p>\n<\/li>\n<li data-start=\"2083\" data-end=\"2114\">\n<p data-start=\"2085\" data-end=\"2114\"><strong data-start=\"2085\" data-end=\"2106\">Di\u00e2metro externo:<\/strong> 42 mm<\/p>\n<\/li>\n<li data-start=\"2115\" data-end=\"2137\">\n<p data-start=\"2117\" data-end=\"2137\"><strong data-start=\"2117\" data-end=\"2129\">Largura:<\/strong> 12 mm<\/p>\n<\/li>\n<li data-start=\"2138\" data-end=\"2165\">\n<p data-start=\"2140\" data-end=\"2165\"><strong data-start=\"2140\" data-end=\"2153\">Material:<\/strong> A\u00e7o cromo<\/p>\n<\/li>\n<li data-start=\"2166\" data-end=\"2200\">\n<p data-start=\"2168\" data-end=\"2200\"><strong data-start=\"2168\" data-end=\"2183\">Acabamento:<\/strong> Polido t\u00e9cnico<\/p>\n<\/li>\n<li data-start=\"2201\" data-end=\"2262\">\n<p data-start=\"2203\" data-end=\"2262\"><strong data-start=\"2203\" data-end=\"2218\">Aplica\u00e7\u00f5es:<\/strong> M\u00e1quinas agr\u00edcolas, esteiras, compressores.<\/p>\n<\/li>\n<\/ul>\n","protected":false},"excerpt":{"rendered":"<p data-start=\"1633\" data-end=\"1738\">Rolamento 6004 \u2013 Modelo robusto para cargas leves a moderadas com alta efici\u00eancia.<\/p>\n<p data-start=\"1740\" data-end=\"1955\">\n","protected":false},"featured_media":1830,"comment_status":"open","ping_status":"closed","template":"","meta":{"_price":"15","_stock":"3","_tribe_ticket_header":"","_tribe_default_ticket_provider":"","_tribe_ticket_capacity":"3","_ticket_start_date":"","_ticket_end_date":"","_tribe_ticket_show_description":"","_tribe_ticket_show_not_going":false,"_tribe_ticket_use_global_stock":"","_tribe_ticket_global_stock_level":"","_global_stock_mode":"","_global_stock_cap":"","_tribe_rsvp_for_event":"","_tribe_ticket_going_count":"","_tribe_ticket_not_going_count":"","_tribe_tickets_list":"[]","_tribe_ticket_has_attendee_info_fields":false,"_EventAllDay":false,"_EventTimezone":"","_EventStartDate":"","_EventEndDate":"","_EventStartDateUTC":"","_EventEndDateUTC":"","_EventShowMap":false,"_EventShowMapLink":false,"_EventURL":"","_EventCost":"","_EventCostDescription":"","_EventCurrencySymbol":"","_EventCurrencyCode":"","_EventCurrencyPosition":"","_EventDateTimeSeparator":"","_EventTimeRangeSeparator":"","_EventOrganizerID":[],"_EventVenueID":[],"_OrganizerEmail":"","_OrganizerPhone":"","_OrganizerWebsite":"","_VenueAddress":"","_VenueCity":"","_VenueCountry":"","_VenueProvince":"","_VenueState":"","_VenueZip":"","_VenuePhone":"","_VenueURL":"","_VenueStateProvince":"","_VenueLat":"","_VenueLng":"","_VenueShowMap":false,"_VenueShowMapLink":false},"product_brand":[],"product_cat":[41],"product_tag":[],"class_list":{"0":"post-1798","1":"product","2":"type-product","3":"status-publish","4":"has-post-thumbnail","6":"product_cat-retentoreserolamentos","8":"first","9":"instock","10":"shipping-taxable","11":"purchasable","12":"product-type-simple"},"jetpack_sharing_enabled":true,"_links":{"self":[{"href":"https:\/\/agriomac.com.br\/loja\/wp-json\/wp\/v2\/product\/1798","targetHints":{"allow":["GET"]}}],"collection":[{"href":"https:\/\/agriomac.com.br\/loja\/wp-json\/wp\/v2\/product"}],"about":[{"href":"https:\/\/agriomac.com.br\/loja\/wp-json\/wp\/v2\/types\/product"}],"replies":[{"embeddable":true,"href":"https:\/\/agriomac.com.br\/loja\/wp-json\/wp\/v2\/comments?post=1798"}],"version-history":[{"count":1,"href":"https:\/\/agriomac.com.br\/loja\/wp-json\/wp\/v2\/product\/1798\/revisions"}],"predecessor-version":[{"id":1799,"href":"https:\/\/agriomac.com.br\/loja\/wp-json\/wp\/v2\/product\/1798\/revisions\/1799"}],"wp:featuredmedia":[{"embeddable":true,"href":"https:\/\/agriomac.com.br\/loja\/wp-json\/wp\/v2\/media\/1830"}],"wp:attachment":[{"href":"https:\/\/agriomac.com.br\/loja\/wp-json\/wp\/v2\/media?parent=1798"}],"wp:term":[{"taxonomy":"product_brand","embeddable":true,"href":"https:\/\/agriomac.com.br\/loja\/wp-json\/wp\/v2\/product_brand?post=1798"},{"taxonomy":"product_cat","embeddable":true,"href":"https:\/\/agriomac.com.br\/loja\/wp-json\/wp\/v2\/product_cat?post=1798"},{"taxonomy":"product_tag","embeddable":true,"href":"https:\/\/agriomac.com.br\/loja\/wp-json\/wp\/v2\/product_tag?post=1798"}],"curies":[{"name":"wp","href":"https:\/\/api.w.org\/{rel}","templated":true}]}}