{"id":1800,"date":"2025-06-02T23:59:51","date_gmt":"2025-06-02T23:59:51","guid":{"rendered":"https:\/\/agriomac.com.br\/loja\/?post_type=product&#038;p=1800"},"modified":"2025-06-03T00:49:33","modified_gmt":"2025-06-03T00:49:33","slug":"rolamento-6005","status":"publish","type":"product","link":"https:\/\/agriomac.com.br\/loja\/produto\/rolamento-6005\/","title":{"rendered":"ROLAMENTO 6005"},"content":{"rendered":"<p data-start=\"2402\" data-end=\"2627\">O Rolamento 6005 \u00e9 amplamente utilizado em sistemas que exigem precis\u00e3o, resist\u00eancia e suavidade. Pode operar em condi\u00e7\u00f5es moderadas de carga e \u00e9 protegido contra contamina\u00e7\u00f5es com veda\u00e7\u00f5es tipo 2RS.<\/p>\n<p data-start=\"2629\" data-end=\"2658\"><strong data-start=\"2629\" data-end=\"2658\">Caracter\u00edsticas t\u00e9cnicas:<\/strong><\/p>\n<ul data-start=\"2660\" data-end=\"2952\">\n<li data-start=\"2660\" data-end=\"2701\">\n<p data-start=\"2662\" data-end=\"2701\"><strong data-start=\"2662\" data-end=\"2671\">Tipo:<\/strong> Rolamento r\u00edgido de esferas<\/p>\n<\/li>\n<li data-start=\"2702\" data-end=\"2722\">\n<p data-start=\"2704\" data-end=\"2722\"><strong data-start=\"2704\" data-end=\"2715\">C\u00f3digo:<\/strong> 6005<\/p>\n<\/li>\n<li data-start=\"2723\" data-end=\"2754\">\n<p data-start=\"2725\" data-end=\"2754\"><strong data-start=\"2725\" data-end=\"2746\">Di\u00e2metro interno:<\/strong> 25 mm<\/p>\n<\/li>\n<li data-start=\"2755\" data-end=\"2786\">\n<p data-start=\"2757\" data-end=\"2786\"><strong data-start=\"2757\" data-end=\"2778\">Di\u00e2metro externo:<\/strong> 47 mm<\/p>\n<\/li>\n<li data-start=\"2787\" data-end=\"2809\">\n<p data-start=\"2789\" data-end=\"2809\"><strong data-start=\"2789\" data-end=\"2801\">Largura:<\/strong> 12 mm<\/p>\n<\/li>\n<li data-start=\"2810\" data-end=\"2837\">\n<p data-start=\"2812\" data-end=\"2837\"><strong data-start=\"2812\" data-end=\"2825\">Material:<\/strong> A\u00e7o cromo<\/p>\n<\/li>\n<li data-start=\"2838\" data-end=\"2887\">\n<p data-start=\"2840\" data-end=\"2887\"><strong data-start=\"2840\" data-end=\"2853\">Veda\u00e7\u00f5es:<\/strong> 2RS (dupla veda\u00e7\u00e3o de borracha)<\/p>\n<\/li>\n<li data-start=\"2888\" data-end=\"2952\">\n<p data-start=\"2890\" data-end=\"2952\"><strong data-start=\"2890\" data-end=\"2905\">Aplica\u00e7\u00f5es:<\/strong> Bombas d\u2019\u00e1gua, motores, implementos agr\u00edcolas.<\/p>\n<\/li>\n<\/ul>\n","protected":false},"excerpt":{"rendered":"<p data-start=\"2296\" data-end=\"2400\">Rolamento 6005 \u2013 Rolamento de esferas para m\u00e9dias rota\u00e7\u00f5es e alta confiabilidade.<\/p>\n<p data-start=\"2402\" data-end=\"2627\">\n","protected":false},"featured_media":1831,"comment_status":"open","ping_status":"closed","template":"","meta":{"_price":"18","_stock":"3","_tribe_ticket_header":"","_tribe_default_ticket_provider":"","_tribe_ticket_capacity":"3","_ticket_start_date":"","_ticket_end_date":"","_tribe_ticket_show_description":"","_tribe_ticket_show_not_going":false,"_tribe_ticket_use_global_stock":"","_tribe_ticket_global_stock_level":"","_global_stock_mode":"","_global_stock_cap":"","_tribe_rsvp_for_event":"","_tribe_ticket_going_count":"","_tribe_ticket_not_going_count":"","_tribe_tickets_list":"[]","_tribe_ticket_has_attendee_info_fields":false,"_EventAllDay":false,"_EventTimezone":"","_EventStartDate":"","_EventEndDate":"","_EventStartDateUTC":"","_EventEndDateUTC":"","_EventShowMap":false,"_EventShowMapLink":false,"_EventURL":"","_EventCost":"","_EventCostDescription":"","_EventCurrencySymbol":"","_EventCurrencyCode":"","_EventCurrencyPosition":"","_EventDateTimeSeparator":"","_EventTimeRangeSeparator":"","_EventOrganizerID":[],"_EventVenueID":[],"_OrganizerEmail":"","_OrganizerPhone":"","_OrganizerWebsite":"","_VenueAddress":"","_VenueCity":"","_VenueCountry":"","_VenueProvince":"","_VenueState":"","_VenueZip":"","_VenuePhone":"","_VenueURL":"","_VenueStateProvince":"","_VenueLat":"","_VenueLng":"","_VenueShowMap":false,"_VenueShowMapLink":false},"product_brand":[],"product_cat":[41],"product_tag":[],"class_list":{"0":"post-1800","1":"product","2":"type-product","3":"status-publish","4":"has-post-thumbnail","6":"product_cat-retentoreserolamentos","8":"first","9":"instock","10":"shipping-taxable","11":"purchasable","12":"product-type-simple"},"jetpack_sharing_enabled":true,"_links":{"self":[{"href":"https:\/\/agriomac.com.br\/loja\/wp-json\/wp\/v2\/product\/1800","targetHints":{"allow":["GET"]}}],"collection":[{"href":"https:\/\/agriomac.com.br\/loja\/wp-json\/wp\/v2\/product"}],"about":[{"href":"https:\/\/agriomac.com.br\/loja\/wp-json\/wp\/v2\/types\/product"}],"replies":[{"embeddable":true,"href":"https:\/\/agriomac.com.br\/loja\/wp-json\/wp\/v2\/comments?post=1800"}],"version-history":[{"count":1,"href":"https:\/\/agriomac.com.br\/loja\/wp-json\/wp\/v2\/product\/1800\/revisions"}],"predecessor-version":[{"id":1801,"href":"https:\/\/agriomac.com.br\/loja\/wp-json\/wp\/v2\/product\/1800\/revisions\/1801"}],"wp:featuredmedia":[{"embeddable":true,"href":"https:\/\/agriomac.com.br\/loja\/wp-json\/wp\/v2\/media\/1831"}],"wp:attachment":[{"href":"https:\/\/agriomac.com.br\/loja\/wp-json\/wp\/v2\/media?parent=1800"}],"wp:term":[{"taxonomy":"product_brand","embeddable":true,"href":"https:\/\/agriomac.com.br\/loja\/wp-json\/wp\/v2\/product_brand?post=1800"},{"taxonomy":"product_cat","embeddable":true,"href":"https:\/\/agriomac.com.br\/loja\/wp-json\/wp\/v2\/product_cat?post=1800"},{"taxonomy":"product_tag","embeddable":true,"href":"https:\/\/agriomac.com.br\/loja\/wp-json\/wp\/v2\/product_tag?post=1800"}],"curies":[{"name":"wp","href":"https:\/\/api.w.org\/{rel}","templated":true}]}}