{"id":1802,"date":"2025-06-03T00:00:54","date_gmt":"2025-06-03T00:00:54","guid":{"rendered":"https:\/\/agriomac.com.br\/loja\/?post_type=product&#038;p=1802"},"modified":"2025-06-03T00:49:47","modified_gmt":"2025-06-03T00:49:47","slug":"rolamento-6006","status":"publish","type":"product","link":"https:\/\/agriomac.com.br\/loja\/produto\/rolamento-6006\/","title":{"rendered":"ROLAMENTO 6006"},"content":{"rendered":"<p data-start=\"3098\" data-end=\"3307\">O Rolamento 6006 \u00e9 conhecido por sua durabilidade e desempenho constante mesmo sob condi\u00e7\u00f5es de uso intensivo. Possui estrutura refor\u00e7ada e capacidade para suportar rota\u00e7\u00f5es elevadas.<\/p>\n<p data-start=\"3309\" data-end=\"3338\"><strong data-start=\"3309\" data-end=\"3338\">Caracter\u00edsticas t\u00e9cnicas:<\/strong><\/p>\n<ul data-start=\"3340\" data-end=\"3605\">\n<li data-start=\"3340\" data-end=\"3381\">\n<p data-start=\"3342\" data-end=\"3381\"><strong data-start=\"3342\" data-end=\"3351\">Tipo:<\/strong> Rolamento r\u00edgido de esferas<\/p>\n<\/li>\n<li data-start=\"3382\" data-end=\"3402\">\n<p data-start=\"3384\" data-end=\"3402\"><strong data-start=\"3384\" data-end=\"3395\">C\u00f3digo:<\/strong> 6006<\/p>\n<\/li>\n<li data-start=\"3403\" data-end=\"3434\">\n<p data-start=\"3405\" data-end=\"3434\"><strong data-start=\"3405\" data-end=\"3426\">Di\u00e2metro interno:<\/strong> 30 mm<\/p>\n<\/li>\n<li data-start=\"3435\" data-end=\"3466\">\n<p data-start=\"3437\" data-end=\"3466\"><strong data-start=\"3437\" data-end=\"3458\">Di\u00e2metro externo:<\/strong> 55 mm<\/p>\n<\/li>\n<li data-start=\"3467\" data-end=\"3489\">\n<p data-start=\"3469\" data-end=\"3489\"><strong data-start=\"3469\" data-end=\"3481\">Largura:<\/strong> 13 mm<\/p>\n<\/li>\n<li data-start=\"3490\" data-end=\"3527\">\n<p data-start=\"3492\" data-end=\"3527\"><strong data-start=\"3492\" data-end=\"3505\">Material:<\/strong> A\u00e7o cromo temperado<\/p>\n<\/li>\n<li data-start=\"3528\" data-end=\"3605\">\n<p data-start=\"3530\" data-end=\"3605\"><strong data-start=\"3530\" data-end=\"3545\">Aplica\u00e7\u00f5es:<\/strong> Implementos agr\u00edcolas, ventiladores industriais, redutores.<\/p>\n<\/li>\n<\/ul>\n","protected":false},"excerpt":{"rendered":"<p data-start=\"2986\" data-end=\"3096\">Rolamento 6006 \u2013 Ideal para equipamentos com cargas moderadas e funcionamento cont\u00ednuo.<\/p>\n<p data-start=\"3098\" data-end=\"3307\">\n","protected":false},"featured_media":1832,"comment_status":"open","ping_status":"closed","template":"","meta":{"_price":"12","_stock":"3","_tribe_ticket_header":"","_tribe_default_ticket_provider":"","_tribe_ticket_capacity":"3","_ticket_start_date":"","_ticket_end_date":"","_tribe_ticket_show_description":"","_tribe_ticket_show_not_going":false,"_tribe_ticket_use_global_stock":"","_tribe_ticket_global_stock_level":"","_global_stock_mode":"","_global_stock_cap":"","_tribe_rsvp_for_event":"","_tribe_ticket_going_count":"","_tribe_ticket_not_going_count":"","_tribe_tickets_list":"[]","_tribe_ticket_has_attendee_info_fields":false,"_EventAllDay":false,"_EventTimezone":"","_EventStartDate":"","_EventEndDate":"","_EventStartDateUTC":"","_EventEndDateUTC":"","_EventShowMap":false,"_EventShowMapLink":false,"_EventURL":"","_EventCost":"","_EventCostDescription":"","_EventCurrencySymbol":"","_EventCurrencyCode":"","_EventCurrencyPosition":"","_EventDateTimeSeparator":"","_EventTimeRangeSeparator":"","_EventOrganizerID":[],"_EventVenueID":[],"_OrganizerEmail":"","_OrganizerPhone":"","_OrganizerWebsite":"","_VenueAddress":"","_VenueCity":"","_VenueCountry":"","_VenueProvince":"","_VenueState":"","_VenueZip":"","_VenuePhone":"","_VenueURL":"","_VenueStateProvince":"","_VenueLat":"","_VenueLng":"","_VenueShowMap":false,"_VenueShowMapLink":false},"product_brand":[],"product_cat":[41],"product_tag":[],"class_list":{"0":"post-1802","1":"product","2":"type-product","3":"status-publish","4":"has-post-thumbnail","6":"product_cat-retentoreserolamentos","8":"first","9":"instock","10":"shipping-taxable","11":"purchasable","12":"product-type-simple"},"jetpack_sharing_enabled":true,"_links":{"self":[{"href":"https:\/\/agriomac.com.br\/loja\/wp-json\/wp\/v2\/product\/1802","targetHints":{"allow":["GET"]}}],"collection":[{"href":"https:\/\/agriomac.com.br\/loja\/wp-json\/wp\/v2\/product"}],"about":[{"href":"https:\/\/agriomac.com.br\/loja\/wp-json\/wp\/v2\/types\/product"}],"replies":[{"embeddable":true,"href":"https:\/\/agriomac.com.br\/loja\/wp-json\/wp\/v2\/comments?post=1802"}],"version-history":[{"count":1,"href":"https:\/\/agriomac.com.br\/loja\/wp-json\/wp\/v2\/product\/1802\/revisions"}],"predecessor-version":[{"id":1803,"href":"https:\/\/agriomac.com.br\/loja\/wp-json\/wp\/v2\/product\/1802\/revisions\/1803"}],"wp:featuredmedia":[{"embeddable":true,"href":"https:\/\/agriomac.com.br\/loja\/wp-json\/wp\/v2\/media\/1832"}],"wp:attachment":[{"href":"https:\/\/agriomac.com.br\/loja\/wp-json\/wp\/v2\/media?parent=1802"}],"wp:term":[{"taxonomy":"product_brand","embeddable":true,"href":"https:\/\/agriomac.com.br\/loja\/wp-json\/wp\/v2\/product_brand?post=1802"},{"taxonomy":"product_cat","embeddable":true,"href":"https:\/\/agriomac.com.br\/loja\/wp-json\/wp\/v2\/product_cat?post=1802"},{"taxonomy":"product_tag","embeddable":true,"href":"https:\/\/agriomac.com.br\/loja\/wp-json\/wp\/v2\/product_tag?post=1802"}],"curies":[{"name":"wp","href":"https:\/\/api.w.org\/{rel}","templated":true}]}}