{"id":1804,"date":"2025-06-03T00:01:36","date_gmt":"2025-06-03T00:01:36","guid":{"rendered":"https:\/\/agriomac.com.br\/loja\/?post_type=product&#038;p=1804"},"modified":"2025-06-03T00:50:19","modified_gmt":"2025-06-03T00:50:19","slug":"rolamento-6202","status":"publish","type":"product","link":"https:\/\/agriomac.com.br\/loja\/produto\/rolamento-6202\/","title":{"rendered":"ROLAMENTO 6202"},"content":{"rendered":"<p data-start=\"3741\" data-end=\"3936\">O Rolamento 6202 se destaca pela capacidade de suportar maiores cargas radiais, sem comprometer a velocidade de rota\u00e7\u00e3o. \u00c9 ideal para aplica\u00e7\u00f5es industriais e agr\u00edcolas.<\/p>\n<p data-start=\"3938\" data-end=\"3967\"><strong data-start=\"3938\" data-end=\"3967\">Caracter\u00edsticas t\u00e9cnicas:<\/strong><\/p>\n<ul data-start=\"3969\" data-end=\"4215\">\n<li data-start=\"3969\" data-end=\"4010\">\n<p data-start=\"3971\" data-end=\"4010\"><strong data-start=\"3971\" data-end=\"3980\">Tipo:<\/strong> Rolamento r\u00edgido de esferas<\/p>\n<\/li>\n<li data-start=\"4011\" data-end=\"4031\">\n<p data-start=\"4013\" data-end=\"4031\"><strong data-start=\"4013\" data-end=\"4024\">C\u00f3digo:<\/strong> 6202<\/p>\n<\/li>\n<li data-start=\"4032\" data-end=\"4063\">\n<p data-start=\"4034\" data-end=\"4063\"><strong data-start=\"4034\" data-end=\"4055\">Di\u00e2metro interno:<\/strong> 15 mm<\/p>\n<\/li>\n<li data-start=\"4064\" data-end=\"4095\">\n<p data-start=\"4066\" data-end=\"4095\"><strong data-start=\"4066\" data-end=\"4087\">Di\u00e2metro externo:<\/strong> 35 mm<\/p>\n<\/li>\n<li data-start=\"4096\" data-end=\"4118\">\n<p data-start=\"4098\" data-end=\"4118\"><strong data-start=\"4098\" data-end=\"4110\">Largura:<\/strong> 11 mm<\/p>\n<\/li>\n<li data-start=\"4119\" data-end=\"4146\">\n<p data-start=\"4121\" data-end=\"4146\"><strong data-start=\"4121\" data-end=\"4134\">Material:<\/strong> A\u00e7o cromo<\/p>\n<\/li>\n<li data-start=\"4147\" data-end=\"4215\">\n<p data-start=\"4149\" data-end=\"4215\"><strong data-start=\"4149\" data-end=\"4164\">Aplica\u00e7\u00f5es:<\/strong> Eixos de tra\u00e7\u00e3o, ventiladores, m\u00e1quinas agr\u00edcolas.<\/p>\n<\/li>\n<\/ul>\n","protected":false},"excerpt":{"rendered":"<p data-start=\"3639\" data-end=\"3739\">Rolamento 6202 \u2013 Modelo com maior capacidade de carga e excelente desempenho.<\/p>\n<p data-start=\"3741\" data-end=\"3936\">\n","protected":false},"featured_media":1833,"comment_status":"open","ping_status":"closed","template":"","meta":{"_price":"5","_stock":"3","_tribe_ticket_header":"","_tribe_default_ticket_provider":"","_tribe_ticket_capacity":"3","_ticket_start_date":"","_ticket_end_date":"","_tribe_ticket_show_description":"","_tribe_ticket_show_not_going":false,"_tribe_ticket_use_global_stock":"","_tribe_ticket_global_stock_level":"","_global_stock_mode":"","_global_stock_cap":"","_tribe_rsvp_for_event":"","_tribe_ticket_going_count":"","_tribe_ticket_not_going_count":"","_tribe_tickets_list":"[]","_tribe_ticket_has_attendee_info_fields":false,"_EventAllDay":false,"_EventTimezone":"","_EventStartDate":"","_EventEndDate":"","_EventStartDateUTC":"","_EventEndDateUTC":"","_EventShowMap":false,"_EventShowMapLink":false,"_EventURL":"","_EventCost":"","_EventCostDescription":"","_EventCurrencySymbol":"","_EventCurrencyCode":"","_EventCurrencyPosition":"","_EventDateTimeSeparator":"","_EventTimeRangeSeparator":"","_EventOrganizerID":[],"_EventVenueID":[],"_OrganizerEmail":"","_OrganizerPhone":"","_OrganizerWebsite":"","_VenueAddress":"","_VenueCity":"","_VenueCountry":"","_VenueProvince":"","_VenueState":"","_VenueZip":"","_VenuePhone":"","_VenueURL":"","_VenueStateProvince":"","_VenueLat":"","_VenueLng":"","_VenueShowMap":false,"_VenueShowMapLink":false},"product_brand":[],"product_cat":[41],"product_tag":[],"class_list":{"0":"post-1804","1":"product","2":"type-product","3":"status-publish","4":"has-post-thumbnail","6":"product_cat-retentoreserolamentos","8":"first","9":"instock","10":"shipping-taxable","11":"purchasable","12":"product-type-simple"},"jetpack_sharing_enabled":true,"_links":{"self":[{"href":"https:\/\/agriomac.com.br\/loja\/wp-json\/wp\/v2\/product\/1804","targetHints":{"allow":["GET"]}}],"collection":[{"href":"https:\/\/agriomac.com.br\/loja\/wp-json\/wp\/v2\/product"}],"about":[{"href":"https:\/\/agriomac.com.br\/loja\/wp-json\/wp\/v2\/types\/product"}],"replies":[{"embeddable":true,"href":"https:\/\/agriomac.com.br\/loja\/wp-json\/wp\/v2\/comments?post=1804"}],"version-history":[{"count":1,"href":"https:\/\/agriomac.com.br\/loja\/wp-json\/wp\/v2\/product\/1804\/revisions"}],"predecessor-version":[{"id":1805,"href":"https:\/\/agriomac.com.br\/loja\/wp-json\/wp\/v2\/product\/1804\/revisions\/1805"}],"wp:featuredmedia":[{"embeddable":true,"href":"https:\/\/agriomac.com.br\/loja\/wp-json\/wp\/v2\/media\/1833"}],"wp:attachment":[{"href":"https:\/\/agriomac.com.br\/loja\/wp-json\/wp\/v2\/media?parent=1804"}],"wp:term":[{"taxonomy":"product_brand","embeddable":true,"href":"https:\/\/agriomac.com.br\/loja\/wp-json\/wp\/v2\/product_brand?post=1804"},{"taxonomy":"product_cat","embeddable":true,"href":"https:\/\/agriomac.com.br\/loja\/wp-json\/wp\/v2\/product_cat?post=1804"},{"taxonomy":"product_tag","embeddable":true,"href":"https:\/\/agriomac.com.br\/loja\/wp-json\/wp\/v2\/product_tag?post=1804"}],"curies":[{"name":"wp","href":"https:\/\/api.w.org\/{rel}","templated":true}]}}