{"id":1806,"date":"2025-06-03T00:02:20","date_gmt":"2025-06-03T00:02:20","guid":{"rendered":"https:\/\/agriomac.com.br\/loja\/?post_type=product&#038;p=1806"},"modified":"2025-06-03T00:51:04","modified_gmt":"2025-06-03T00:51:04","slug":"rolamento-6204","status":"publish","type":"product","link":"https:\/\/agriomac.com.br\/loja\/produto\/rolamento-6204\/","title":{"rendered":"ROLAMENTO 6204"},"content":{"rendered":"<p data-start=\"4355\" data-end=\"4556\">O Rolamento 6204 \u00e9 uma solu\u00e7\u00e3o eficiente para aplica\u00e7\u00f5es que exigem resist\u00eancia e durabilidade. \u00c9 frequentemente utilizado em m\u00e1quinas agr\u00edcolas e equipamentos de m\u00e9dio porte.<\/p>\n<p data-start=\"4558\" data-end=\"4587\"><strong data-start=\"4558\" data-end=\"4587\">Caracter\u00edsticas t\u00e9cnicas:<\/strong><\/p>\n<ul data-start=\"4589\" data-end=\"4835\">\n<li data-start=\"4589\" data-end=\"4630\">\n<p data-start=\"4591\" data-end=\"4630\"><strong data-start=\"4591\" data-end=\"4600\">Tipo:<\/strong> Rolamento r\u00edgido de esferas<\/p>\n<\/li>\n<li data-start=\"4631\" data-end=\"4651\">\n<p data-start=\"4633\" data-end=\"4651\"><strong data-start=\"4633\" data-end=\"4644\">C\u00f3digo:<\/strong> 6204<\/p>\n<\/li>\n<li data-start=\"4652\" data-end=\"4683\">\n<p data-start=\"4654\" data-end=\"4683\"><strong data-start=\"4654\" data-end=\"4675\">Di\u00e2metro interno:<\/strong> 20 mm<\/p>\n<\/li>\n<li data-start=\"4684\" data-end=\"4715\">\n<p data-start=\"4686\" data-end=\"4715\"><strong data-start=\"4686\" data-end=\"4707\">Di\u00e2metro externo:<\/strong> 47 mm<\/p>\n<\/li>\n<li data-start=\"4716\" data-end=\"4738\">\n<p data-start=\"4718\" data-end=\"4738\"><strong data-start=\"4718\" data-end=\"4730\">Largura:<\/strong> 14 mm<\/p>\n<\/li>\n<li data-start=\"4739\" data-end=\"4766\">\n<p data-start=\"4741\" data-end=\"4766\"><strong data-start=\"4741\" data-end=\"4754\">Material:<\/strong> A\u00e7o cromo<\/p>\n<\/li>\n<li data-start=\"4767\" data-end=\"4835\">\n<p data-start=\"4769\" data-end=\"4835\"><strong data-start=\"4769\" data-end=\"4784\">Aplica\u00e7\u00f5es:<\/strong> Rolamentos de eixo, polias, implementos agr\u00edcolas.<\/p>\n<\/li>\n<\/ul>\n","protected":false},"excerpt":{"rendered":"<p data-start=\"4249\" data-end=\"4353\">Rolamento 6204 \u2013 Robusto, com capacidade para cargas m\u00e9dias e opera\u00e7\u00e3o confi\u00e1vel.<\/p>\n<p data-start=\"4355\" data-end=\"4556\">\n","protected":false},"featured_media":1835,"comment_status":"open","ping_status":"closed","template":"","meta":{"_price":"18","_stock":"3","_tribe_ticket_header":"","_tribe_default_ticket_provider":"","_tribe_ticket_capacity":"3","_ticket_start_date":"","_ticket_end_date":"","_tribe_ticket_show_description":"","_tribe_ticket_show_not_going":false,"_tribe_ticket_use_global_stock":"","_tribe_ticket_global_stock_level":"","_global_stock_mode":"","_global_stock_cap":"","_tribe_rsvp_for_event":"","_tribe_ticket_going_count":"","_tribe_ticket_not_going_count":"","_tribe_tickets_list":"[]","_tribe_ticket_has_attendee_info_fields":false,"_EventAllDay":false,"_EventTimezone":"","_EventStartDate":"","_EventEndDate":"","_EventStartDateUTC":"","_EventEndDateUTC":"","_EventShowMap":false,"_EventShowMapLink":false,"_EventURL":"","_EventCost":"","_EventCostDescription":"","_EventCurrencySymbol":"","_EventCurrencyCode":"","_EventCurrencyPosition":"","_EventDateTimeSeparator":"","_EventTimeRangeSeparator":"","_EventOrganizerID":[],"_EventVenueID":[],"_OrganizerEmail":"","_OrganizerPhone":"","_OrganizerWebsite":"","_VenueAddress":"","_VenueCity":"","_VenueCountry":"","_VenueProvince":"","_VenueState":"","_VenueZip":"","_VenuePhone":"","_VenueURL":"","_VenueStateProvince":"","_VenueLat":"","_VenueLng":"","_VenueShowMap":false,"_VenueShowMapLink":false},"product_brand":[],"product_cat":[41],"product_tag":[],"class_list":{"0":"post-1806","1":"product","2":"type-product","3":"status-publish","4":"has-post-thumbnail","6":"product_cat-retentoreserolamentos","8":"first","9":"instock","10":"shipping-taxable","11":"purchasable","12":"product-type-simple"},"jetpack_sharing_enabled":true,"_links":{"self":[{"href":"https:\/\/agriomac.com.br\/loja\/wp-json\/wp\/v2\/product\/1806","targetHints":{"allow":["GET"]}}],"collection":[{"href":"https:\/\/agriomac.com.br\/loja\/wp-json\/wp\/v2\/product"}],"about":[{"href":"https:\/\/agriomac.com.br\/loja\/wp-json\/wp\/v2\/types\/product"}],"replies":[{"embeddable":true,"href":"https:\/\/agriomac.com.br\/loja\/wp-json\/wp\/v2\/comments?post=1806"}],"version-history":[{"count":1,"href":"https:\/\/agriomac.com.br\/loja\/wp-json\/wp\/v2\/product\/1806\/revisions"}],"predecessor-version":[{"id":1807,"href":"https:\/\/agriomac.com.br\/loja\/wp-json\/wp\/v2\/product\/1806\/revisions\/1807"}],"wp:featuredmedia":[{"embeddable":true,"href":"https:\/\/agriomac.com.br\/loja\/wp-json\/wp\/v2\/media\/1835"}],"wp:attachment":[{"href":"https:\/\/agriomac.com.br\/loja\/wp-json\/wp\/v2\/media?parent=1806"}],"wp:term":[{"taxonomy":"product_brand","embeddable":true,"href":"https:\/\/agriomac.com.br\/loja\/wp-json\/wp\/v2\/product_brand?post=1806"},{"taxonomy":"product_cat","embeddable":true,"href":"https:\/\/agriomac.com.br\/loja\/wp-json\/wp\/v2\/product_cat?post=1806"},{"taxonomy":"product_tag","embeddable":true,"href":"https:\/\/agriomac.com.br\/loja\/wp-json\/wp\/v2\/product_tag?post=1806"}],"curies":[{"name":"wp","href":"https:\/\/api.w.org\/{rel}","templated":true}]}}