{"id":1808,"date":"2025-06-03T00:03:08","date_gmt":"2025-06-03T00:03:08","guid":{"rendered":"https:\/\/agriomac.com.br\/loja\/?post_type=product&#038;p=1808"},"modified":"2025-06-03T00:47:57","modified_gmt":"2025-06-03T00:47:57","slug":"rolamento-30204","status":"publish","type":"product","link":"https:\/\/agriomac.com.br\/loja\/produto\/rolamento-30204\/","title":{"rendered":"ROLAMENTO 30204"},"content":{"rendered":"<p data-start=\"4979\" data-end=\"5161\">O Rolamento 30204 \u00e9 um modelo c\u00f4nico ideal para suportar cargas combinadas, sendo amplamente utilizado em rodas de ve\u00edculos, cubos e equipamentos de tra\u00e7\u00e3o.<\/p>\n<p data-start=\"5163\" data-end=\"5192\"><strong data-start=\"5163\" data-end=\"5192\">Caracter\u00edsticas t\u00e9cnicas:<\/strong><\/p>\n<ul data-start=\"5194\" data-end=\"5419\">\n<li data-start=\"5194\" data-end=\"5224\">\n<p data-start=\"5196\" data-end=\"5224\"><strong data-start=\"5196\" data-end=\"5205\">Tipo:<\/strong> Rolamento c\u00f4nico<\/p>\n<\/li>\n<li data-start=\"5225\" data-end=\"5246\">\n<p data-start=\"5227\" data-end=\"5246\"><strong data-start=\"5227\" data-end=\"5238\">C\u00f3digo:<\/strong> 30204<\/p>\n<\/li>\n<li data-start=\"5247\" data-end=\"5278\">\n<p data-start=\"5249\" data-end=\"5278\"><strong data-start=\"5249\" data-end=\"5270\">Di\u00e2metro interno:<\/strong> 20 mm<\/p>\n<\/li>\n<li data-start=\"5279\" data-end=\"5310\">\n<p data-start=\"5281\" data-end=\"5310\"><strong data-start=\"5281\" data-end=\"5302\">Di\u00e2metro externo:<\/strong> 47 mm<\/p>\n<\/li>\n<li data-start=\"5311\" data-end=\"5336\">\n<p data-start=\"5313\" data-end=\"5336\"><strong data-start=\"5313\" data-end=\"5325\">Largura:<\/strong> 15.25 mm<\/p>\n<\/li>\n<li data-start=\"5337\" data-end=\"5368\">\n<p data-start=\"5339\" data-end=\"5368\"><strong data-start=\"5339\" data-end=\"5352\">Material:<\/strong> A\u00e7o temperado<\/p>\n<\/li>\n<li data-start=\"5369\" data-end=\"5419\">\n<p data-start=\"5371\" data-end=\"5419\"><strong data-start=\"5371\" data-end=\"5386\">Aplica\u00e7\u00f5es:<\/strong> Rodas, cubos, eixos de tratores.<\/p>\n<\/li>\n<\/ul>\n","protected":false},"excerpt":{"rendered":"<p data-start=\"4870\" data-end=\"4977\">Rolamento 30204 \u2013 Rolamento c\u00f4nico para suportar cargas radiais e axiais combinadas.<\/p>\n<p data-start=\"4979\" data-end=\"5161\">\n","protected":false},"featured_media":1838,"comment_status":"open","ping_status":"closed","template":"","meta":{"_price":"10","_stock":"4","_tribe_ticket_header":"","_tribe_default_ticket_provider":"","_tribe_ticket_capacity":"4","_ticket_start_date":"","_ticket_end_date":"","_tribe_ticket_show_description":"","_tribe_ticket_show_not_going":false,"_tribe_ticket_use_global_stock":"","_tribe_ticket_global_stock_level":"","_global_stock_mode":"","_global_stock_cap":"","_tribe_rsvp_for_event":"","_tribe_ticket_going_count":"","_tribe_ticket_not_going_count":"","_tribe_tickets_list":"[]","_tribe_ticket_has_attendee_info_fields":false,"_EventAllDay":false,"_EventTimezone":"","_EventStartDate":"","_EventEndDate":"","_EventStartDateUTC":"","_EventEndDateUTC":"","_EventShowMap":false,"_EventShowMapLink":false,"_EventURL":"","_EventCost":"","_EventCostDescription":"","_EventCurrencySymbol":"","_EventCurrencyCode":"","_EventCurrencyPosition":"","_EventDateTimeSeparator":"","_EventTimeRangeSeparator":"","_EventOrganizerID":[],"_EventVenueID":[],"_OrganizerEmail":"","_OrganizerPhone":"","_OrganizerWebsite":"","_VenueAddress":"","_VenueCity":"","_VenueCountry":"","_VenueProvince":"","_VenueState":"","_VenueZip":"","_VenuePhone":"","_VenueURL":"","_VenueStateProvince":"","_VenueLat":"","_VenueLng":"","_VenueShowMap":false,"_VenueShowMapLink":false},"product_brand":[],"product_cat":[41],"product_tag":[],"class_list":{"0":"post-1808","1":"product","2":"type-product","3":"status-publish","4":"has-post-thumbnail","6":"product_cat-retentoreserolamentos","8":"first","9":"instock","10":"shipping-taxable","11":"purchasable","12":"product-type-simple"},"jetpack_sharing_enabled":true,"_links":{"self":[{"href":"https:\/\/agriomac.com.br\/loja\/wp-json\/wp\/v2\/product\/1808","targetHints":{"allow":["GET"]}}],"collection":[{"href":"https:\/\/agriomac.com.br\/loja\/wp-json\/wp\/v2\/product"}],"about":[{"href":"https:\/\/agriomac.com.br\/loja\/wp-json\/wp\/v2\/types\/product"}],"replies":[{"embeddable":true,"href":"https:\/\/agriomac.com.br\/loja\/wp-json\/wp\/v2\/comments?post=1808"}],"version-history":[{"count":1,"href":"https:\/\/agriomac.com.br\/loja\/wp-json\/wp\/v2\/product\/1808\/revisions"}],"predecessor-version":[{"id":1809,"href":"https:\/\/agriomac.com.br\/loja\/wp-json\/wp\/v2\/product\/1808\/revisions\/1809"}],"wp:featuredmedia":[{"embeddable":true,"href":"https:\/\/agriomac.com.br\/loja\/wp-json\/wp\/v2\/media\/1838"}],"wp:attachment":[{"href":"https:\/\/agriomac.com.br\/loja\/wp-json\/wp\/v2\/media?parent=1808"}],"wp:term":[{"taxonomy":"product_brand","embeddable":true,"href":"https:\/\/agriomac.com.br\/loja\/wp-json\/wp\/v2\/product_brand?post=1808"},{"taxonomy":"product_cat","embeddable":true,"href":"https:\/\/agriomac.com.br\/loja\/wp-json\/wp\/v2\/product_cat?post=1808"},{"taxonomy":"product_tag","embeddable":true,"href":"https:\/\/agriomac.com.br\/loja\/wp-json\/wp\/v2\/product_tag?post=1808"}],"curies":[{"name":"wp","href":"https:\/\/api.w.org\/{rel}","templated":true}]}}