{"id":1810,"date":"2025-06-03T00:03:55","date_gmt":"2025-06-03T00:03:55","guid":{"rendered":"https:\/\/agriomac.com.br\/loja\/?post_type=product&#038;p=1810"},"modified":"2025-06-03T00:49:59","modified_gmt":"2025-06-03T00:49:59","slug":"rolamento-30210","status":"publish","type":"product","link":"https:\/\/agriomac.com.br\/loja\/produto\/rolamento-30210\/","title":{"rendered":"ROLAMENTO 30210"},"content":{"rendered":"<p data-start=\"5554\" data-end=\"5774\">O Rolamento 30210 \u00e9 um rolamento c\u00f4nico robusto para uso em m\u00e1quinas pesadas e aplica\u00e7\u00f5es que exigem alta capacidade de carga radial e axial. Muito utilizado em ve\u00edculos agr\u00edcolas e industriais.<\/p>\n<p data-start=\"5776\" data-end=\"5805\"><strong data-start=\"5776\" data-end=\"5805\">Caracter\u00edsticas t\u00e9cnicas:<\/strong><\/p>\n<ul data-start=\"5807\" data-end=\"6049\">\n<li data-start=\"5807\" data-end=\"5837\">\n<p data-start=\"5809\" data-end=\"5837\"><strong data-start=\"5809\" data-end=\"5818\">Tipo:<\/strong> Rolamento c\u00f4nico<\/p>\n<\/li>\n<li data-start=\"5838\" data-end=\"5859\">\n<p data-start=\"5840\" data-end=\"5859\"><strong data-start=\"5840\" data-end=\"5851\">C\u00f3digo:<\/strong> 30210<\/p>\n<\/li>\n<li data-start=\"5860\" data-end=\"5891\">\n<p data-start=\"5862\" data-end=\"5891\"><strong data-start=\"5862\" data-end=\"5883\">Di\u00e2metro interno:<\/strong> 50 mm<\/p>\n<\/li>\n<li data-start=\"5892\" data-end=\"5923\">\n<p data-start=\"5894\" data-end=\"5923\"><strong data-start=\"5894\" data-end=\"5915\">Di\u00e2metro externo:<\/strong> 90 mm<\/p>\n<\/li>\n<li data-start=\"5924\" data-end=\"5949\">\n<p data-start=\"5926\" data-end=\"5949\"><strong data-start=\"5926\" data-end=\"5938\">Largura:<\/strong> 20.75 mm<\/p>\n<\/li>\n<li data-start=\"5950\" data-end=\"5989\">\n<p data-start=\"5952\" data-end=\"5989\"><strong data-start=\"5952\" data-end=\"5965\">Material:<\/strong> A\u00e7o forjado e usinado<\/p>\n<\/li>\n<li data-start=\"5990\" data-end=\"6049\">\n<p data-start=\"5992\" data-end=\"6049\"><strong data-start=\"5992\" data-end=\"6007\">Aplica\u00e7\u00f5es:<\/strong> Cubos de roda, eixos de tra\u00e7\u00e3o, tratores.<\/p>\n<\/li>\n<\/ul>\n","protected":false},"excerpt":{"rendered":"<p data-start=\"5454\" data-end=\"5552\">Rolamento 30210 \u2013 Rolamento c\u00f4nico de grande porte para aplica\u00e7\u00f5es pesadas.<\/p>\n<p data-start=\"5554\" data-end=\"5774\">\n","protected":false},"featured_media":1839,"comment_status":"open","ping_status":"closed","template":"","meta":{"_price":"21","_stock":"4","_tribe_ticket_header":"","_tribe_default_ticket_provider":"","_tribe_ticket_capacity":"4","_ticket_start_date":"","_ticket_end_date":"","_tribe_ticket_show_description":"","_tribe_ticket_show_not_going":false,"_tribe_ticket_use_global_stock":"","_tribe_ticket_global_stock_level":"","_global_stock_mode":"","_global_stock_cap":"","_tribe_rsvp_for_event":"","_tribe_ticket_going_count":"","_tribe_ticket_not_going_count":"","_tribe_tickets_list":"[]","_tribe_ticket_has_attendee_info_fields":false,"_EventAllDay":false,"_EventTimezone":"","_EventStartDate":"","_EventEndDate":"","_EventStartDateUTC":"","_EventEndDateUTC":"","_EventShowMap":false,"_EventShowMapLink":false,"_EventURL":"","_EventCost":"","_EventCostDescription":"","_EventCurrencySymbol":"","_EventCurrencyCode":"","_EventCurrencyPosition":"","_EventDateTimeSeparator":"","_EventTimeRangeSeparator":"","_EventOrganizerID":[],"_EventVenueID":[],"_OrganizerEmail":"","_OrganizerPhone":"","_OrganizerWebsite":"","_VenueAddress":"","_VenueCity":"","_VenueCountry":"","_VenueProvince":"","_VenueState":"","_VenueZip":"","_VenuePhone":"","_VenueURL":"","_VenueStateProvince":"","_VenueLat":"","_VenueLng":"","_VenueShowMap":false,"_VenueShowMapLink":false},"product_brand":[],"product_cat":[41],"product_tag":[],"class_list":{"0":"post-1810","1":"product","2":"type-product","3":"status-publish","4":"has-post-thumbnail","6":"product_cat-retentoreserolamentos","8":"first","9":"instock","10":"shipping-taxable","11":"purchasable","12":"product-type-simple"},"jetpack_sharing_enabled":true,"_links":{"self":[{"href":"https:\/\/agriomac.com.br\/loja\/wp-json\/wp\/v2\/product\/1810","targetHints":{"allow":["GET"]}}],"collection":[{"href":"https:\/\/agriomac.com.br\/loja\/wp-json\/wp\/v2\/product"}],"about":[{"href":"https:\/\/agriomac.com.br\/loja\/wp-json\/wp\/v2\/types\/product"}],"replies":[{"embeddable":true,"href":"https:\/\/agriomac.com.br\/loja\/wp-json\/wp\/v2\/comments?post=1810"}],"version-history":[{"count":1,"href":"https:\/\/agriomac.com.br\/loja\/wp-json\/wp\/v2\/product\/1810\/revisions"}],"predecessor-version":[{"id":1811,"href":"https:\/\/agriomac.com.br\/loja\/wp-json\/wp\/v2\/product\/1810\/revisions\/1811"}],"wp:featuredmedia":[{"embeddable":true,"href":"https:\/\/agriomac.com.br\/loja\/wp-json\/wp\/v2\/media\/1839"}],"wp:attachment":[{"href":"https:\/\/agriomac.com.br\/loja\/wp-json\/wp\/v2\/media?parent=1810"}],"wp:term":[{"taxonomy":"product_brand","embeddable":true,"href":"https:\/\/agriomac.com.br\/loja\/wp-json\/wp\/v2\/product_brand?post=1810"},{"taxonomy":"product_cat","embeddable":true,"href":"https:\/\/agriomac.com.br\/loja\/wp-json\/wp\/v2\/product_cat?post=1810"},{"taxonomy":"product_tag","embeddable":true,"href":"https:\/\/agriomac.com.br\/loja\/wp-json\/wp\/v2\/product_tag?post=1810"}],"curies":[{"name":"wp","href":"https:\/\/api.w.org\/{rel}","templated":true}]}}