{"id":1812,"date":"2025-06-03T00:04:49","date_gmt":"2025-06-03T00:04:49","guid":{"rendered":"https:\/\/agriomac.com.br\/loja\/?post_type=product&#038;p=1812"},"modified":"2025-06-03T00:51:20","modified_gmt":"2025-06-03T00:51:20","slug":"rolamento-6203","status":"publish","type":"product","link":"https:\/\/agriomac.com.br\/loja\/produto\/rolamento-6203\/","title":{"rendered":"ROLAMENTO 6203"},"content":{"rendered":"<p data-start=\"6192\" data-end=\"6379\">O Rolamento 6203 \u00e9 bastante utilizado em motores el\u00e9tricos, lavadoras e implementos agr\u00edcolas, gra\u00e7as \u00e0 sua durabilidade e confiabilidade em ambientes exigentes.<\/p>\n<p data-start=\"6381\" data-end=\"6410\"><strong data-start=\"6381\" data-end=\"6410\">Caracter\u00edsticas t\u00e9cnicas:<\/strong><\/p>\n<ul data-start=\"6412\" data-end=\"6656\">\n<li data-start=\"6412\" data-end=\"6453\">\n<p data-start=\"6414\" data-end=\"6453\"><strong data-start=\"6414\" data-end=\"6423\">Tipo:<\/strong> Rolamento r\u00edgido de esferas<\/p>\n<\/li>\n<li data-start=\"6454\" data-end=\"6474\">\n<p data-start=\"6456\" data-end=\"6474\"><strong data-start=\"6456\" data-end=\"6467\">C\u00f3digo:<\/strong> 6203<\/p>\n<\/li>\n<li data-start=\"6475\" data-end=\"6506\">\n<p data-start=\"6477\" data-end=\"6506\"><strong data-start=\"6477\" data-end=\"6498\">Di\u00e2metro interno:<\/strong> 17 mm<\/p>\n<\/li>\n<li data-start=\"6507\" data-end=\"6538\">\n<p data-start=\"6509\" data-end=\"6538\"><strong data-start=\"6509\" data-end=\"6530\">Di\u00e2metro externo:<\/strong> 40 mm<\/p>\n<\/li>\n<li data-start=\"6539\" data-end=\"6561\">\n<p data-start=\"6541\" data-end=\"6561\"><strong data-start=\"6541\" data-end=\"6553\">Largura:<\/strong> 12 mm<\/p>\n<\/li>\n<li data-start=\"6562\" data-end=\"6589\">\n<p data-start=\"6564\" data-end=\"6589\"><strong data-start=\"6564\" data-end=\"6577\">Material:<\/strong> A\u00e7o cromo<\/p>\n<\/li>\n<li data-start=\"6590\" data-end=\"6656\">\n<p data-start=\"6592\" data-end=\"6656\"><strong data-start=\"6592\" data-end=\"6607\">Aplica\u00e7\u00f5es:<\/strong> Bombas, lavadoras, equipamentos agr\u00edcolas leves.<\/p>\n<\/li>\n<\/ul>\n","protected":false},"excerpt":{"rendered":"<p data-start=\"6083\" data-end=\"6190\">Rolamento 6203 \u2013 Alta durabilidade com suporte a cargas m\u00e9dias e rota\u00e7\u00f5es cont\u00ednuas.<\/p>\n<p data-start=\"6192\" data-end=\"6379\">\n","protected":false},"featured_media":1834,"comment_status":"open","ping_status":"closed","template":"","meta":{"_price":"10","_stock":"4","_tribe_ticket_header":"","_tribe_default_ticket_provider":"","_tribe_ticket_capacity":"4","_ticket_start_date":"","_ticket_end_date":"","_tribe_ticket_show_description":"","_tribe_ticket_show_not_going":false,"_tribe_ticket_use_global_stock":"","_tribe_ticket_global_stock_level":"","_global_stock_mode":"","_global_stock_cap":"","_tribe_rsvp_for_event":"","_tribe_ticket_going_count":"","_tribe_ticket_not_going_count":"","_tribe_tickets_list":"[]","_tribe_ticket_has_attendee_info_fields":false,"_EventAllDay":false,"_EventTimezone":"","_EventStartDate":"","_EventEndDate":"","_EventStartDateUTC":"","_EventEndDateUTC":"","_EventShowMap":false,"_EventShowMapLink":false,"_EventURL":"","_EventCost":"","_EventCostDescription":"","_EventCurrencySymbol":"","_EventCurrencyCode":"","_EventCurrencyPosition":"","_EventDateTimeSeparator":"","_EventTimeRangeSeparator":"","_EventOrganizerID":[],"_EventVenueID":[],"_OrganizerEmail":"","_OrganizerPhone":"","_OrganizerWebsite":"","_VenueAddress":"","_VenueCity":"","_VenueCountry":"","_VenueProvince":"","_VenueState":"","_VenueZip":"","_VenuePhone":"","_VenueURL":"","_VenueStateProvince":"","_VenueLat":"","_VenueLng":"","_VenueShowMap":false,"_VenueShowMapLink":false},"product_brand":[],"product_cat":[41],"product_tag":[],"class_list":{"0":"post-1812","1":"product","2":"type-product","3":"status-publish","4":"has-post-thumbnail","6":"product_cat-retentoreserolamentos","8":"first","9":"instock","10":"shipping-taxable","11":"purchasable","12":"product-type-simple"},"jetpack_sharing_enabled":true,"_links":{"self":[{"href":"https:\/\/agriomac.com.br\/loja\/wp-json\/wp\/v2\/product\/1812","targetHints":{"allow":["GET"]}}],"collection":[{"href":"https:\/\/agriomac.com.br\/loja\/wp-json\/wp\/v2\/product"}],"about":[{"href":"https:\/\/agriomac.com.br\/loja\/wp-json\/wp\/v2\/types\/product"}],"replies":[{"embeddable":true,"href":"https:\/\/agriomac.com.br\/loja\/wp-json\/wp\/v2\/comments?post=1812"}],"version-history":[{"count":1,"href":"https:\/\/agriomac.com.br\/loja\/wp-json\/wp\/v2\/product\/1812\/revisions"}],"predecessor-version":[{"id":1813,"href":"https:\/\/agriomac.com.br\/loja\/wp-json\/wp\/v2\/product\/1812\/revisions\/1813"}],"wp:featuredmedia":[{"embeddable":true,"href":"https:\/\/agriomac.com.br\/loja\/wp-json\/wp\/v2\/media\/1834"}],"wp:attachment":[{"href":"https:\/\/agriomac.com.br\/loja\/wp-json\/wp\/v2\/media?parent=1812"}],"wp:term":[{"taxonomy":"product_brand","embeddable":true,"href":"https:\/\/agriomac.com.br\/loja\/wp-json\/wp\/v2\/product_brand?post=1812"},{"taxonomy":"product_cat","embeddable":true,"href":"https:\/\/agriomac.com.br\/loja\/wp-json\/wp\/v2\/product_cat?post=1812"},{"taxonomy":"product_tag","embeddable":true,"href":"https:\/\/agriomac.com.br\/loja\/wp-json\/wp\/v2\/product_tag?post=1812"}],"curies":[{"name":"wp","href":"https:\/\/api.w.org\/{rel}","templated":true}]}}