{"id":1816,"date":"2025-06-03T00:06:25","date_gmt":"2025-06-03T00:06:25","guid":{"rendered":"https:\/\/agriomac.com.br\/loja\/?post_type=product&#038;p=1816"},"modified":"2025-06-03T00:46:11","modified_gmt":"2025-06-03T00:46:11","slug":"rolamento-f-110390","status":"publish","type":"product","link":"https:\/\/agriomac.com.br\/loja\/produto\/rolamento-f-110390\/","title":{"rendered":"ROLAMENTO F-110390"},"content":{"rendered":"<p data-start=\"7383\" data-end=\"7649\">O Rolamento F-110390 \u00e9 um modelo especial, utilizado em aplica\u00e7\u00f5es que exigem dimens\u00f5es diferenciadas e toler\u00e2ncias de fabrica\u00e7\u00e3o precisas. Seu uso \u00e9 comum em sistemas mec\u00e2nicos espec\u00edficos, como transmiss\u00f5es e caixas de c\u00e2mbio industriais.<\/p>\n<p data-start=\"7651\" data-end=\"7680\"><strong data-start=\"7651\" data-end=\"7680\">Caracter\u00edsticas t\u00e9cnicas:<\/strong><\/p>\n<ul data-start=\"7682\" data-end=\"7892\">\n<li data-start=\"7682\" data-end=\"7727\">\n<p data-start=\"7684\" data-end=\"7727\"><strong data-start=\"7684\" data-end=\"7693\">Tipo:<\/strong> Rolamento especial (sob medida)<\/p>\n<\/li>\n<li data-start=\"7728\" data-end=\"7752\">\n<p data-start=\"7730\" data-end=\"7752\"><strong data-start=\"7730\" data-end=\"7741\">C\u00f3digo:<\/strong> F-110390<\/p>\n<\/li>\n<li data-start=\"7753\" data-end=\"7789\">\n<p data-start=\"7755\" data-end=\"7789\"><strong data-start=\"7755\" data-end=\"7768\">Material:<\/strong> A\u00e7o cromo especial<\/p>\n<\/li>\n<li data-start=\"7790\" data-end=\"7892\">\n<p data-start=\"7792\" data-end=\"7892\"><strong data-start=\"7792\" data-end=\"7807\">Aplica\u00e7\u00f5es:<\/strong> Sistemas de transmiss\u00e3o, caixas de engrenagem, equipamentos industriais de precis\u00e3o.<\/p>\n<\/li>\n<\/ul>\n","protected":false},"excerpt":{"rendered":"<p data-start=\"7268\" data-end=\"7381\">Rolamento F-110390 \u2013 Modelo especial de alta precis\u00e3o para sistemas mec\u00e2nicos espec\u00edficos.<\/p>\n<p data-start=\"7383\" data-end=\"7649\">\n","protected":false},"featured_media":1836,"comment_status":"open","ping_status":"closed","template":"","meta":{"_price":"10","_stock":"4","_tribe_ticket_header":"","_tribe_default_ticket_provider":"","_tribe_ticket_capacity":"4","_ticket_start_date":"","_ticket_end_date":"","_tribe_ticket_show_description":"","_tribe_ticket_show_not_going":false,"_tribe_ticket_use_global_stock":"","_tribe_ticket_global_stock_level":"","_global_stock_mode":"","_global_stock_cap":"","_tribe_rsvp_for_event":"","_tribe_ticket_going_count":"","_tribe_ticket_not_going_count":"","_tribe_tickets_list":"[]","_tribe_ticket_has_attendee_info_fields":false,"_EventAllDay":false,"_EventTimezone":"","_EventStartDate":"","_EventEndDate":"","_EventStartDateUTC":"","_EventEndDateUTC":"","_EventShowMap":false,"_EventShowMapLink":false,"_EventURL":"","_EventCost":"","_EventCostDescription":"","_EventCurrencySymbol":"","_EventCurrencyCode":"","_EventCurrencyPosition":"","_EventDateTimeSeparator":"","_EventTimeRangeSeparator":"","_EventOrganizerID":[],"_EventVenueID":[],"_OrganizerEmail":"","_OrganizerPhone":"","_OrganizerWebsite":"","_VenueAddress":"","_VenueCity":"","_VenueCountry":"","_VenueProvince":"","_VenueState":"","_VenueZip":"","_VenuePhone":"","_VenueURL":"","_VenueStateProvince":"","_VenueLat":"","_VenueLng":"","_VenueShowMap":false,"_VenueShowMapLink":false},"product_brand":[],"product_cat":[41],"product_tag":[],"class_list":{"0":"post-1816","1":"product","2":"type-product","3":"status-publish","4":"has-post-thumbnail","6":"product_cat-retentoreserolamentos","8":"first","9":"instock","10":"shipping-taxable","11":"purchasable","12":"product-type-simple"},"jetpack_sharing_enabled":true,"_links":{"self":[{"href":"https:\/\/agriomac.com.br\/loja\/wp-json\/wp\/v2\/product\/1816","targetHints":{"allow":["GET"]}}],"collection":[{"href":"https:\/\/agriomac.com.br\/loja\/wp-json\/wp\/v2\/product"}],"about":[{"href":"https:\/\/agriomac.com.br\/loja\/wp-json\/wp\/v2\/types\/product"}],"replies":[{"embeddable":true,"href":"https:\/\/agriomac.com.br\/loja\/wp-json\/wp\/v2\/comments?post=1816"}],"version-history":[{"count":1,"href":"https:\/\/agriomac.com.br\/loja\/wp-json\/wp\/v2\/product\/1816\/revisions"}],"predecessor-version":[{"id":1817,"href":"https:\/\/agriomac.com.br\/loja\/wp-json\/wp\/v2\/product\/1816\/revisions\/1817"}],"wp:featuredmedia":[{"embeddable":true,"href":"https:\/\/agriomac.com.br\/loja\/wp-json\/wp\/v2\/media\/1836"}],"wp:attachment":[{"href":"https:\/\/agriomac.com.br\/loja\/wp-json\/wp\/v2\/media?parent=1816"}],"wp:term":[{"taxonomy":"product_brand","embeddable":true,"href":"https:\/\/agriomac.com.br\/loja\/wp-json\/wp\/v2\/product_brand?post=1816"},{"taxonomy":"product_cat","embeddable":true,"href":"https:\/\/agriomac.com.br\/loja\/wp-json\/wp\/v2\/product_cat?post=1816"},{"taxonomy":"product_tag","embeddable":true,"href":"https:\/\/agriomac.com.br\/loja\/wp-json\/wp\/v2\/product_tag?post=1816"}],"curies":[{"name":"wp","href":"https:\/\/api.w.org\/{rel}","templated":true}]}}