{"id":1820,"date":"2025-06-03T00:22:40","date_gmt":"2025-06-03T00:22:40","guid":{"rendered":"https:\/\/agriomac.com.br\/loja\/?post_type=product&#038;p=1820"},"modified":"2025-06-03T00:53:10","modified_gmt":"2025-06-03T00:53:10","slug":"polia-2vb-de-200","status":"publish","type":"product","link":"https:\/\/agriomac.com.br\/loja\/produto\/polia-2vb-de-200\/","title":{"rendered":"POLIA 2VB DE 20,0"},"content":{"rendered":"<p data-start=\"1203\" data-end=\"1460\">A Polia 2VB de 20,0 mm \u00e9 equipada com dois canais tipo &#8220;B&#8221;, proporcionando maior capacidade de tra\u00e7\u00e3o em sistemas de transmiss\u00e3o. \u00c9 especialmente recomendada para m\u00e1quinas que operam com correias mais largas e requerem alto torque.<\/p>\n<p data-start=\"1462\" data-end=\"1491\"><strong data-start=\"1462\" data-end=\"1491\">Caracter\u00edsticas t\u00e9cnicas:<\/strong><\/p>\n<ul data-start=\"1493\" data-end=\"1879\">\n<li data-start=\"1493\" data-end=\"1539\">\n<p data-start=\"1495\" data-end=\"1539\"><strong data-start=\"1495\" data-end=\"1504\">Tipo:<\/strong> Polia de transmiss\u00e3o dupla canal<\/p>\n<\/li>\n<li data-start=\"1540\" data-end=\"1559\">\n<p data-start=\"1542\" data-end=\"1559\"><strong data-start=\"1542\" data-end=\"1553\">Modelo:<\/strong> 2VB<\/p>\n<\/li>\n<li data-start=\"1560\" data-end=\"1587\">\n<p data-start=\"1562\" data-end=\"1587\"><strong data-start=\"1562\" data-end=\"1583\">N\u00famero de canais:<\/strong> 2<\/p>\n<\/li>\n<li data-start=\"1588\" data-end=\"1639\">\n<p data-start=\"1590\" data-end=\"1639\"><strong data-start=\"1590\" data-end=\"1608\">Tipo de canal:<\/strong> B (perfil trapezoidal maior)<\/p>\n<\/li>\n<li data-start=\"1640\" data-end=\"1673\">\n<p data-start=\"1642\" data-end=\"1673\"><strong data-start=\"1642\" data-end=\"1663\">Di\u00e2metro externo:<\/strong> 20,0 mm<\/p>\n<\/li>\n<li data-start=\"1674\" data-end=\"1720\">\n<p data-start=\"1676\" data-end=\"1720\"><strong data-start=\"1676\" data-end=\"1689\">Material:<\/strong> Ferro fundido ou a\u00e7o carbono<\/p>\n<\/li>\n<li data-start=\"1721\" data-end=\"1787\">\n<p data-start=\"1723\" data-end=\"1787\"><strong data-start=\"1723\" data-end=\"1738\">Acabamento:<\/strong> Jateado com pintura protetiva ou usinagem fina<\/p>\n<\/li>\n<li data-start=\"1788\" data-end=\"1879\">\n<p data-start=\"1790\" data-end=\"1879\"><strong data-start=\"1790\" data-end=\"1805\">Aplica\u00e7\u00f5es:<\/strong> Tratores, implementos agr\u00edcolas, esteiras e equipamentos de alto esfor\u00e7o.<\/p>\n<\/li>\n<\/ul>\n","protected":false},"excerpt":{"rendered":"<p data-start=\"1057\" data-end=\"1201\">Polia 2VB de 20,0 mm \u2013 Dupla canal tipo &#8220;B&#8221;, indicada para transmiss\u00e3o de for\u00e7a com correias trapezoidais de maior se\u00e7\u00e3o.<\/p>\n<p data-start=\"1203\" data-end=\"1460\">\n","protected":false},"featured_media":1841,"comment_status":"open","ping_status":"closed","template":"","meta":{"_price":"80","_stock":"1","_tribe_ticket_header":"","_tribe_default_ticket_provider":"","_tribe_ticket_capacity":"1","_ticket_start_date":"","_ticket_end_date":"","_tribe_ticket_show_description":"","_tribe_ticket_show_not_going":false,"_tribe_ticket_use_global_stock":"","_tribe_ticket_global_stock_level":"","_global_stock_mode":"","_global_stock_cap":"","_tribe_rsvp_for_event":"","_tribe_ticket_going_count":"","_tribe_ticket_not_going_count":"","_tribe_tickets_list":"[]","_tribe_ticket_has_attendee_info_fields":false},"product_brand":[],"product_cat":[37],"product_tag":[],"class_list":{"0":"post-1820","1":"product","2":"type-product","3":"status-publish","4":"has-post-thumbnail","6":"product_cat-correntesepolias","8":"first","9":"instock","10":"shipping-taxable","11":"purchasable","12":"product-type-simple"},"jetpack_sharing_enabled":true,"_links":{"self":[{"href":"https:\/\/agriomac.com.br\/loja\/wp-json\/wp\/v2\/product\/1820","targetHints":{"allow":["GET"]}}],"collection":[{"href":"https:\/\/agriomac.com.br\/loja\/wp-json\/wp\/v2\/product"}],"about":[{"href":"https:\/\/agriomac.com.br\/loja\/wp-json\/wp\/v2\/types\/product"}],"replies":[{"embeddable":true,"href":"https:\/\/agriomac.com.br\/loja\/wp-json\/wp\/v2\/comments?post=1820"}],"version-history":[{"count":1,"href":"https:\/\/agriomac.com.br\/loja\/wp-json\/wp\/v2\/product\/1820\/revisions"}],"predecessor-version":[{"id":1821,"href":"https:\/\/agriomac.com.br\/loja\/wp-json\/wp\/v2\/product\/1820\/revisions\/1821"}],"wp:featuredmedia":[{"embeddable":true,"href":"https:\/\/agriomac.com.br\/loja\/wp-json\/wp\/v2\/media\/1841"}],"wp:attachment":[{"href":"https:\/\/agriomac.com.br\/loja\/wp-json\/wp\/v2\/media?parent=1820"}],"wp:term":[{"taxonomy":"product_brand","embeddable":true,"href":"https:\/\/agriomac.com.br\/loja\/wp-json\/wp\/v2\/product_brand?post=1820"},{"taxonomy":"product_cat","embeddable":true,"href":"https:\/\/agriomac.com.br\/loja\/wp-json\/wp\/v2\/product_cat?post=1820"},{"taxonomy":"product_tag","embeddable":true,"href":"https:\/\/agriomac.com.br\/loja\/wp-json\/wp\/v2\/product_tag?post=1820"}],"curies":[{"name":"wp","href":"https:\/\/api.w.org\/{rel}","templated":true}]}}