{"id":1850,"date":"2025-06-03T01:30:05","date_gmt":"2025-06-03T01:30:05","guid":{"rendered":"https:\/\/agriomac.com.br\/loja\/?post_type=product&#038;p=1850"},"modified":"2025-07-22T13:51:38","modified_gmt":"2025-07-22T13:51:38","slug":"telescopio-3-estagios-csul","status":"publish","type":"product","link":"https:\/\/agriomac.com.br\/loja\/produto\/telescopio-3-estagios-csul\/","title":{"rendered":"TELESCOPIO 3 ESTAGIOS CSUL"},"content":{"rendered":"<p data-start=\"1272\" data-end=\"1521\">Com tr\u00eas se\u00e7\u00f5es deslizantes, o Telesc\u00f3pio 3 Est\u00e1gios CSUL permite adaptar o comprimento conforme a necessidade de instala\u00e7\u00e3o. Fabricado em PEAD, oferece leveza, durabilidade e resist\u00eancia contra abras\u00e3o e produtos qu\u00edmicos.<\/p>\n<p data-start=\"1523\" data-end=\"1552\"><strong data-start=\"1523\" data-end=\"1552\">Caracter\u00edsticas t\u00e9cnicas:<\/strong><\/p>\n<ul data-start=\"1554\" data-end=\"1859\">\n<li data-start=\"1554\" data-end=\"1584\">\n<p data-start=\"1556\" data-end=\"1584\"><strong data-start=\"1556\" data-end=\"1565\">Tipo:<\/strong> Tubo telesc\u00f3pico<\/p>\n<\/li>\n<li data-start=\"1585\" data-end=\"1604\">\n<p data-start=\"1587\" data-end=\"1604\"><strong data-start=\"1587\" data-end=\"1600\">Est\u00e1gios:<\/strong> 3<\/p>\n<\/li>\n<li data-start=\"1605\" data-end=\"1636\">\n<p data-start=\"1607\" data-end=\"1636\"><strong data-start=\"1607\" data-end=\"1627\">Di\u00e2metro (base):<\/strong> ~60 mm<\/p>\n<\/li>\n<li data-start=\"1637\" data-end=\"1683\">\n<p data-start=\"1639\" data-end=\"1683\"><strong data-start=\"1639\" data-end=\"1673\">Comprimento total (estendido):<\/strong> ~600 mm<\/p>\n<\/li>\n<li data-start=\"1684\" data-end=\"1731\">\n<p data-start=\"1686\" data-end=\"1731\"><strong data-start=\"1686\" data-end=\"1699\">Material:<\/strong> Polietileno de alta densidade<\/p>\n<\/li>\n<li data-start=\"1732\" data-end=\"1780\">\n<p data-start=\"1734\" data-end=\"1780\"><strong data-start=\"1734\" data-end=\"1749\">Acabamento:<\/strong> Liso e resistente \u00e0 corros\u00e3o<\/p>\n<\/li>\n<li data-start=\"1781\" data-end=\"1859\">\n<p data-start=\"1783\" data-end=\"1859\"><strong data-start=\"1783\" data-end=\"1798\">Aplica\u00e7\u00f5es:<\/strong> Condu\u00e7\u00e3o de fertilizantes em plantadeiras ou pulverizadores.<\/p>\n<\/li>\n<\/ul>\n","protected":false},"excerpt":{"rendered":"<p data-start=\"1126\" data-end=\"1270\">Telesc\u00f3pio 3 Est\u00e1gios CSUL \u2013 Tubo ajust\u00e1vel em tr\u00eas se\u00e7\u00f5es, indicado para distribui\u00e7\u00e3o de adubo em implementos agr\u00edcolas.<\/p>\n<p data-start=\"1272\" data-end=\"1521\">\n","protected":false},"featured_media":1871,"comment_status":"open","ping_status":"closed","template":"","meta":{"_price":"47.60","_stock":"10","_tribe_ticket_header":"","_tribe_default_ticket_provider":"","_tribe_ticket_capacity":"7","_ticket_start_date":"","_ticket_end_date":"","_tribe_ticket_show_description":"","_tribe_ticket_show_not_going":false,"_tribe_ticket_use_global_stock":"","_tribe_ticket_global_stock_level":"","_global_stock_mode":"","_global_stock_cap":"","_tribe_rsvp_for_event":"","_tribe_ticket_going_count":"","_tribe_ticket_not_going_count":"","_tribe_tickets_list":"[]","_tribe_ticket_has_attendee_info_fields":false,"_EventAllDay":false,"_EventTimezone":"","_EventStartDate":"","_EventEndDate":"","_EventStartDateUTC":"","_EventEndDateUTC":"","_EventShowMap":false,"_EventShowMapLink":false,"_EventURL":"","_EventCost":"","_EventCostDescription":"","_EventCurrencySymbol":"","_EventCurrencyCode":"","_EventCurrencyPosition":"","_EventDateTimeSeparator":"","_EventTimeRangeSeparator":"","_EventOrganizerID":[],"_EventVenueID":[],"_OrganizerEmail":"","_OrganizerPhone":"","_OrganizerWebsite":"","_VenueAddress":"","_VenueCity":"","_VenueCountry":"","_VenueProvince":"","_VenueState":"","_VenueZip":"","_VenuePhone":"","_VenueURL":"","_VenueStateProvince":"","_VenueLat":"","_VenueLng":"","_VenueShowMap":false,"_VenueShowMapLink":false},"product_brand":[],"product_cat":[44],"product_tag":[],"class_list":{"0":"post-1850","1":"product","2":"type-product","3":"status-publish","4":"has-post-thumbnail","6":"product_cat-pecasimplementosagricolas","8":"first","9":"instock","10":"shipping-taxable","11":"purchasable","12":"product-type-simple"},"jetpack_sharing_enabled":true,"_links":{"self":[{"href":"https:\/\/agriomac.com.br\/loja\/wp-json\/wp\/v2\/product\/1850","targetHints":{"allow":["GET"]}}],"collection":[{"href":"https:\/\/agriomac.com.br\/loja\/wp-json\/wp\/v2\/product"}],"about":[{"href":"https:\/\/agriomac.com.br\/loja\/wp-json\/wp\/v2\/types\/product"}],"replies":[{"embeddable":true,"href":"https:\/\/agriomac.com.br\/loja\/wp-json\/wp\/v2\/comments?post=1850"}],"version-history":[{"count":1,"href":"https:\/\/agriomac.com.br\/loja\/wp-json\/wp\/v2\/product\/1850\/revisions"}],"predecessor-version":[{"id":1851,"href":"https:\/\/agriomac.com.br\/loja\/wp-json\/wp\/v2\/product\/1850\/revisions\/1851"}],"wp:featuredmedia":[{"embeddable":true,"href":"https:\/\/agriomac.com.br\/loja\/wp-json\/wp\/v2\/media\/1871"}],"wp:attachment":[{"href":"https:\/\/agriomac.com.br\/loja\/wp-json\/wp\/v2\/media?parent=1850"}],"wp:term":[{"taxonomy":"product_brand","embeddable":true,"href":"https:\/\/agriomac.com.br\/loja\/wp-json\/wp\/v2\/product_brand?post=1850"},{"taxonomy":"product_cat","embeddable":true,"href":"https:\/\/agriomac.com.br\/loja\/wp-json\/wp\/v2\/product_cat?post=1850"},{"taxonomy":"product_tag","embeddable":true,"href":"https:\/\/agriomac.com.br\/loja\/wp-json\/wp\/v2\/product_tag?post=1850"}],"curies":[{"name":"wp","href":"https:\/\/api.w.org\/{rel}","templated":true}]}}