{"id":1854,"date":"2025-06-03T01:31:45","date_gmt":"2025-06-03T01:31:45","guid":{"rendered":"https:\/\/agriomac.com.br\/loja\/?post_type=product&#038;p=1854"},"modified":"2025-07-22T13:47:26","modified_gmt":"2025-07-22T13:47:26","slug":"condutor-semente-csul","status":"publish","type":"product","link":"https:\/\/agriomac.com.br\/loja\/produto\/condutor-semente-csul\/","title":{"rendered":"CONDUTOR SEMENTE CSUL"},"content":{"rendered":"<p data-start=\"2731\" data-end=\"2976\">O Condutor de Semente CSUL \u00e9 um tubo fabricado com material pl\u00e1stico resistente, ideal para direcionar as sementes da caixa de distribui\u00e7\u00e3o at\u00e9 o sulcador. Garante fluidez no escoamento, reduzindo perdas e entupimentos.<\/p>\n<p data-start=\"2978\" data-end=\"3007\"><strong data-start=\"2978\" data-end=\"3007\">Caracter\u00edsticas t\u00e9cnicas:<\/strong><\/p>\n<ul data-start=\"3009\" data-end=\"3257\">\n<li data-start=\"3009\" data-end=\"3046\">\n<p data-start=\"3011\" data-end=\"3046\"><strong data-start=\"3011\" data-end=\"3020\">Tipo:<\/strong> Tubo liso para sementes<\/p>\n<\/li>\n<li data-start=\"3047\" data-end=\"3071\">\n<p data-start=\"3049\" data-end=\"3071\"><strong data-start=\"3049\" data-end=\"3062\">Di\u00e2metro:<\/strong> ~40 mm<\/p>\n<\/li>\n<li data-start=\"3072\" data-end=\"3100\">\n<p data-start=\"3074\" data-end=\"3100\"><strong data-start=\"3074\" data-end=\"3090\">Comprimento:<\/strong> ~600 mm<\/p>\n<\/li>\n<li data-start=\"3101\" data-end=\"3150\">\n<p data-start=\"3103\" data-end=\"3150\"><strong data-start=\"3103\" data-end=\"3116\">Material:<\/strong> Polietileno de alta resist\u00eancia<\/p>\n<\/li>\n<li data-start=\"3151\" data-end=\"3194\">\n<p data-start=\"3153\" data-end=\"3194\"><strong data-start=\"3153\" data-end=\"3168\">Acabamento:<\/strong> Superf\u00edcie lisa, branca<\/p>\n<\/li>\n<li data-start=\"3195\" data-end=\"3257\">\n<p data-start=\"3197\" data-end=\"3257\"><strong data-start=\"3197\" data-end=\"3212\">Aplica\u00e7\u00f5es:<\/strong> Sistemas pneum\u00e1ticos e mec\u00e2nicos de plantio.<\/p>\n<\/li>\n<\/ul>\n","protected":false},"excerpt":{"rendered":"<p data-start=\"2607\" data-end=\"2729\">Condutor de Semente CSUL \u2013 Tubo liso refor\u00e7ado para condu\u00e7\u00e3o precisa de sementes durante o plantio.<\/p>\n<p data-start=\"2731\" data-end=\"2976\">\n","protected":false},"featured_media":1865,"comment_status":"open","ping_status":"closed","template":"","meta":{"_price":"11.56","_stock":"10","_tribe_ticket_header":"","_tribe_default_ticket_provider":"","_tribe_ticket_capacity":"15","_ticket_start_date":"","_ticket_end_date":"","_tribe_ticket_show_description":"","_tribe_ticket_show_not_going":false,"_tribe_ticket_use_global_stock":"","_tribe_ticket_global_stock_level":"","_global_stock_mode":"","_global_stock_cap":"","_tribe_rsvp_for_event":"","_tribe_ticket_going_count":"","_tribe_ticket_not_going_count":"","_tribe_tickets_list":"[]","_tribe_ticket_has_attendee_info_fields":false,"_EventAllDay":false,"_EventTimezone":"","_EventStartDate":"","_EventEndDate":"","_EventStartDateUTC":"","_EventEndDateUTC":"","_EventShowMap":false,"_EventShowMapLink":false,"_EventURL":"","_EventCost":"","_EventCostDescription":"","_EventCurrencySymbol":"","_EventCurrencyCode":"","_EventCurrencyPosition":"","_EventDateTimeSeparator":"","_EventTimeRangeSeparator":"","_EventOrganizerID":[],"_EventVenueID":[],"_OrganizerEmail":"","_OrganizerPhone":"","_OrganizerWebsite":"","_VenueAddress":"","_VenueCity":"","_VenueCountry":"","_VenueProvince":"","_VenueState":"","_VenueZip":"","_VenuePhone":"","_VenueURL":"","_VenueStateProvince":"","_VenueLat":"","_VenueLng":"","_VenueShowMap":false,"_VenueShowMapLink":false},"product_brand":[],"product_cat":[44],"product_tag":[],"class_list":{"0":"post-1854","1":"product","2":"type-product","3":"status-publish","4":"has-post-thumbnail","6":"product_cat-pecasimplementosagricolas","8":"first","9":"instock","10":"shipping-taxable","11":"purchasable","12":"product-type-simple"},"jetpack_sharing_enabled":true,"_links":{"self":[{"href":"https:\/\/agriomac.com.br\/loja\/wp-json\/wp\/v2\/product\/1854","targetHints":{"allow":["GET"]}}],"collection":[{"href":"https:\/\/agriomac.com.br\/loja\/wp-json\/wp\/v2\/product"}],"about":[{"href":"https:\/\/agriomac.com.br\/loja\/wp-json\/wp\/v2\/types\/product"}],"replies":[{"embeddable":true,"href":"https:\/\/agriomac.com.br\/loja\/wp-json\/wp\/v2\/comments?post=1854"}],"version-history":[{"count":1,"href":"https:\/\/agriomac.com.br\/loja\/wp-json\/wp\/v2\/product\/1854\/revisions"}],"predecessor-version":[{"id":1856,"href":"https:\/\/agriomac.com.br\/loja\/wp-json\/wp\/v2\/product\/1854\/revisions\/1856"}],"wp:featuredmedia":[{"embeddable":true,"href":"https:\/\/agriomac.com.br\/loja\/wp-json\/wp\/v2\/media\/1865"}],"wp:attachment":[{"href":"https:\/\/agriomac.com.br\/loja\/wp-json\/wp\/v2\/media?parent=1854"}],"wp:term":[{"taxonomy":"product_brand","embeddable":true,"href":"https:\/\/agriomac.com.br\/loja\/wp-json\/wp\/v2\/product_brand?post=1854"},{"taxonomy":"product_cat","embeddable":true,"href":"https:\/\/agriomac.com.br\/loja\/wp-json\/wp\/v2\/product_cat?post=1854"},{"taxonomy":"product_tag","embeddable":true,"href":"https:\/\/agriomac.com.br\/loja\/wp-json\/wp\/v2\/product_tag?post=1854"}],"curies":[{"name":"wp","href":"https:\/\/api.w.org\/{rel}","templated":true}]}}