{"id":1862,"date":"2025-06-03T01:34:11","date_gmt":"2025-06-03T01:34:11","guid":{"rendered":"https:\/\/agriomac.com.br\/loja\/?post_type=product&#038;p=1862"},"modified":"2025-07-22T13:47:12","modified_gmt":"2025-07-22T13:47:12","slug":"junta-flexivel-csul","status":"publish","type":"product","link":"https:\/\/agriomac.com.br\/loja\/produto\/junta-flexivel-csul\/","title":{"rendered":"JUNTA FLEXIVEL CSUL"},"content":{"rendered":"<p data-start=\"4733\" data-end=\"4957\">A Junta Flex\u00edvel CSUL \u00e9 fabricada em borracha resistente, ideal para acoplar tubos de condu\u00e7\u00e3o de adubo ou semente. Compensa desalinhamentos e reduz danos causados por vibra\u00e7\u00f5es e impactos em campo.<\/p>\n<p data-start=\"4959\" data-end=\"4988\"><strong data-start=\"4959\" data-end=\"4988\">Caracter\u00edsticas t\u00e9cnicas:<\/strong><\/p>\n<ul data-start=\"4990\" data-end=\"5239\">\n<li data-start=\"4990\" data-end=\"5030\">\n<p data-start=\"4992\" data-end=\"5030\"><strong data-start=\"4992\" data-end=\"5001\">Tipo:<\/strong> Junta de borracha flex\u00edvel<\/p>\n<\/li>\n<li data-start=\"5031\" data-end=\"5055\">\n<p data-start=\"5033\" data-end=\"5055\"><strong data-start=\"5033\" data-end=\"5046\">Di\u00e2metro:<\/strong> ~50 mm<\/p>\n<\/li>\n<li data-start=\"5056\" data-end=\"5100\">\n<p data-start=\"5058\" data-end=\"5100\"><strong data-start=\"5058\" data-end=\"5071\">Material:<\/strong> Borracha nitr\u00edlica ou EPDM<\/p>\n<\/li>\n<li data-start=\"5101\" data-end=\"5148\">\n<p data-start=\"5103\" data-end=\"5148\"><strong data-start=\"5103\" data-end=\"5118\">Acabamento:<\/strong> Estrutura corrugada ou lisa<\/p>\n<\/li>\n<li data-start=\"5149\" data-end=\"5239\">\n<p data-start=\"5151\" data-end=\"5239\"><strong data-start=\"5151\" data-end=\"5166\">Aplica\u00e7\u00f5es:<\/strong> Conex\u00e3o entre tubos e bocais de semeadoras, adubadoras e pulverizadores.<\/p>\n<\/li>\n<\/ul>\n","protected":false},"excerpt":{"rendered":"<p data-start=\"4608\" data-end=\"4731\">Junta Flex\u00edvel CSUL \u2013 Conex\u00e3o emborrachada para absor\u00e7\u00e3o de vibra\u00e7\u00e3o e ajuste entre tubos agr\u00edcolas.<\/p>\n<p data-start=\"4733\" data-end=\"4957\">\n","protected":false},"featured_media":1869,"comment_status":"open","ping_status":"closed","template":"","meta":{"_price":"16","_stock":"10","_tribe_ticket_header":"","_tribe_default_ticket_provider":"","_tribe_ticket_capacity":"11","_ticket_start_date":"","_ticket_end_date":"","_tribe_ticket_show_description":"","_tribe_ticket_show_not_going":false,"_tribe_ticket_use_global_stock":"","_tribe_ticket_global_stock_level":"","_global_stock_mode":"","_global_stock_cap":"","_tribe_rsvp_for_event":"","_tribe_ticket_going_count":"","_tribe_ticket_not_going_count":"","_tribe_tickets_list":"[]","_tribe_ticket_has_attendee_info_fields":false,"_EventAllDay":false,"_EventTimezone":"","_EventStartDate":"","_EventEndDate":"","_EventStartDateUTC":"","_EventEndDateUTC":"","_EventShowMap":false,"_EventShowMapLink":false,"_EventURL":"","_EventCost":"","_EventCostDescription":"","_EventCurrencySymbol":"","_EventCurrencyCode":"","_EventCurrencyPosition":"","_EventDateTimeSeparator":"","_EventTimeRangeSeparator":"","_EventOrganizerID":[],"_EventVenueID":[],"_OrganizerEmail":"","_OrganizerPhone":"","_OrganizerWebsite":"","_VenueAddress":"","_VenueCity":"","_VenueCountry":"","_VenueProvince":"","_VenueState":"","_VenueZip":"","_VenuePhone":"","_VenueURL":"","_VenueStateProvince":"","_VenueLat":"","_VenueLng":"","_VenueShowMap":false,"_VenueShowMapLink":false},"product_brand":[],"product_cat":[42],"product_tag":[],"class_list":{"0":"post-1862","1":"product","2":"type-product","3":"status-publish","4":"has-post-thumbnail","6":"product_cat-mangueiraseconexoes","8":"first","9":"instock","10":"shipping-taxable","11":"purchasable","12":"product-type-simple"},"jetpack_sharing_enabled":true,"_links":{"self":[{"href":"https:\/\/agriomac.com.br\/loja\/wp-json\/wp\/v2\/product\/1862","targetHints":{"allow":["GET"]}}],"collection":[{"href":"https:\/\/agriomac.com.br\/loja\/wp-json\/wp\/v2\/product"}],"about":[{"href":"https:\/\/agriomac.com.br\/loja\/wp-json\/wp\/v2\/types\/product"}],"replies":[{"embeddable":true,"href":"https:\/\/agriomac.com.br\/loja\/wp-json\/wp\/v2\/comments?post=1862"}],"version-history":[{"count":1,"href":"https:\/\/agriomac.com.br\/loja\/wp-json\/wp\/v2\/product\/1862\/revisions"}],"predecessor-version":[{"id":1863,"href":"https:\/\/agriomac.com.br\/loja\/wp-json\/wp\/v2\/product\/1862\/revisions\/1863"}],"wp:featuredmedia":[{"embeddable":true,"href":"https:\/\/agriomac.com.br\/loja\/wp-json\/wp\/v2\/media\/1869"}],"wp:attachment":[{"href":"https:\/\/agriomac.com.br\/loja\/wp-json\/wp\/v2\/media?parent=1862"}],"wp:term":[{"taxonomy":"product_brand","embeddable":true,"href":"https:\/\/agriomac.com.br\/loja\/wp-json\/wp\/v2\/product_brand?post=1862"},{"taxonomy":"product_cat","embeddable":true,"href":"https:\/\/agriomac.com.br\/loja\/wp-json\/wp\/v2\/product_cat?post=1862"},{"taxonomy":"product_tag","embeddable":true,"href":"https:\/\/agriomac.com.br\/loja\/wp-json\/wp\/v2\/product_tag?post=1862"}],"curies":[{"name":"wp","href":"https:\/\/api.w.org\/{rel}","templated":true}]}}