{"id":1864,"date":"2025-06-03T01:34:50","date_gmt":"2025-06-03T01:34:50","guid":{"rendered":"https:\/\/agriomac.com.br\/loja\/?post_type=product&#038;p=1864"},"modified":"2025-07-22T13:47:04","modified_gmt":"2025-07-22T13:47:04","slug":"bocal-superior-csul","status":"publish","type":"product","link":"https:\/\/agriomac.com.br\/loja\/produto\/bocal-superior-csul\/","title":{"rendered":"BOCAL SUPERIOR CSUL"},"content":{"rendered":"<p data-start=\"5396\" data-end=\"5614\">O Bocal Superior CSUL \u00e9 utilizado no in\u00edcio do sistema de condu\u00e7\u00e3o de gr\u00e3os ou fertilizantes. Possui estrutura com flange para acoplamento seguro em tubos telesc\u00f3picos ou condutores verticais.<\/p>\n<p data-start=\"5616\" data-end=\"5645\"><strong data-start=\"5616\" data-end=\"5645\">Caracter\u00edsticas t\u00e9cnicas:<\/strong><\/p>\n<ul data-start=\"5647\" data-end=\"5885\">\n<li data-start=\"5647\" data-end=\"5686\">\n<p data-start=\"5649\" data-end=\"5686\"><strong data-start=\"5649\" data-end=\"5658\">Tipo:<\/strong> Bocal de encaixe superior<\/p>\n<\/li>\n<li data-start=\"5687\" data-end=\"5719\">\n<p data-start=\"5689\" data-end=\"5719\"><strong data-start=\"5689\" data-end=\"5710\">Di\u00e2metro externo:<\/strong> ~60 mm<\/p>\n<\/li>\n<li data-start=\"5720\" data-end=\"5773\">\n<p data-start=\"5722\" data-end=\"5773\"><strong data-start=\"5722\" data-end=\"5735\">Material:<\/strong> Pol\u00edmero de engenharia (PA ou PEAD)<\/p>\n<\/li>\n<li data-start=\"5774\" data-end=\"5819\">\n<p data-start=\"5776\" data-end=\"5819\"><strong data-start=\"5776\" data-end=\"5791\">Acabamento:<\/strong> Usinado ou moldado, preto<\/p>\n<\/li>\n<li data-start=\"5820\" data-end=\"5885\">\n<p data-start=\"5822\" data-end=\"5885\"><strong data-start=\"5822\" data-end=\"5837\">Aplica\u00e7\u00f5es:<\/strong> Conex\u00e3o inicial de tubos em sistemas agr\u00edcolas.<\/p>\n<\/li>\n<\/ul>\n","protected":false},"excerpt":{"rendered":"<p data-start=\"5278\" data-end=\"5394\">Bocal Superior CSUL \u2013 Pe\u00e7a de encaixe superior para sistemas de condu\u00e7\u00e3o de sementes e adubo.<\/p>\n<p data-start=\"5396\" data-end=\"5614\">\n","protected":false},"featured_media":1847,"comment_status":"open","ping_status":"closed","template":"","meta":{"_price":"7.10","_stock":"10","_tribe_ticket_header":"","_tribe_default_ticket_provider":"","_tribe_ticket_capacity":"12","_ticket_start_date":"","_ticket_end_date":"","_tribe_ticket_show_description":"","_tribe_ticket_show_not_going":false,"_tribe_ticket_use_global_stock":"","_tribe_ticket_global_stock_level":"","_global_stock_mode":"","_global_stock_cap":"","_tribe_rsvp_for_event":"","_tribe_ticket_going_count":"","_tribe_ticket_not_going_count":"","_tribe_tickets_list":"[]","_tribe_ticket_has_attendee_info_fields":false,"_EventAllDay":false,"_EventTimezone":"","_EventStartDate":"","_EventEndDate":"","_EventStartDateUTC":"","_EventEndDateUTC":"","_EventShowMap":false,"_EventShowMapLink":false,"_EventURL":"","_EventCost":"","_EventCostDescription":"","_EventCurrencySymbol":"","_EventCurrencyCode":"","_EventCurrencyPosition":"","_EventDateTimeSeparator":"","_EventTimeRangeSeparator":"","_EventOrganizerID":[],"_EventVenueID":[],"_OrganizerEmail":"","_OrganizerPhone":"","_OrganizerWebsite":"","_VenueAddress":"","_VenueCity":"","_VenueCountry":"","_VenueProvince":"","_VenueState":"","_VenueZip":"","_VenuePhone":"","_VenueURL":"","_VenueStateProvince":"","_VenueLat":"","_VenueLng":"","_VenueShowMap":false,"_VenueShowMapLink":false},"product_brand":[],"product_cat":[44],"product_tag":[],"class_list":{"0":"post-1864","1":"product","2":"type-product","3":"status-publish","4":"has-post-thumbnail","6":"product_cat-pecasimplementosagricolas","8":"first","9":"instock","10":"shipping-taxable","11":"purchasable","12":"product-type-simple"},"jetpack_sharing_enabled":true,"_links":{"self":[{"href":"https:\/\/agriomac.com.br\/loja\/wp-json\/wp\/v2\/product\/1864","targetHints":{"allow":["GET"]}}],"collection":[{"href":"https:\/\/agriomac.com.br\/loja\/wp-json\/wp\/v2\/product"}],"about":[{"href":"https:\/\/agriomac.com.br\/loja\/wp-json\/wp\/v2\/types\/product"}],"replies":[{"embeddable":true,"href":"https:\/\/agriomac.com.br\/loja\/wp-json\/wp\/v2\/comments?post=1864"}],"version-history":[{"count":1,"href":"https:\/\/agriomac.com.br\/loja\/wp-json\/wp\/v2\/product\/1864\/revisions"}],"predecessor-version":[{"id":1866,"href":"https:\/\/agriomac.com.br\/loja\/wp-json\/wp\/v2\/product\/1864\/revisions\/1866"}],"wp:featuredmedia":[{"embeddable":true,"href":"https:\/\/agriomac.com.br\/loja\/wp-json\/wp\/v2\/media\/1847"}],"wp:attachment":[{"href":"https:\/\/agriomac.com.br\/loja\/wp-json\/wp\/v2\/media?parent=1864"}],"wp:term":[{"taxonomy":"product_brand","embeddable":true,"href":"https:\/\/agriomac.com.br\/loja\/wp-json\/wp\/v2\/product_brand?post=1864"},{"taxonomy":"product_cat","embeddable":true,"href":"https:\/\/agriomac.com.br\/loja\/wp-json\/wp\/v2\/product_cat?post=1864"},{"taxonomy":"product_tag","embeddable":true,"href":"https:\/\/agriomac.com.br\/loja\/wp-json\/wp\/v2\/product_tag?post=1864"}],"curies":[{"name":"wp","href":"https:\/\/api.w.org\/{rel}","templated":true}]}}