{"id":1874,"date":"2025-06-03T02:05:05","date_gmt":"2025-06-03T02:05:05","guid":{"rendered":"https:\/\/agriomac.com.br\/loja\/?post_type=product&#038;p=1874"},"modified":"2025-07-02T14:00:42","modified_gmt":"2025-07-02T14:00:42","slug":"mancal-fundido-esteira-207","status":"publish","type":"product","link":"https:\/\/agriomac.com.br\/loja\/produto\/mancal-fundido-esteira-207\/","title":{"rendered":"MANCAL FUNDIDO ESTEIRA 207"},"content":{"rendered":"<p data-start=\"348\" data-end=\"619\">O Mancal Fundido Esteira 207 \u00e9 desenvolvido em ferro fundido de alta resist\u00eancia, ideal para aplica\u00e7\u00f5es industriais pesadas, como esteiras transportadoras. Compat\u00edvel com rolamentos s\u00e9rie UC207, oferece robustez, durabilidade e f\u00e1cil instala\u00e7\u00e3o.<\/p>\n<p data-start=\"621\" data-end=\"650\"><strong data-start=\"621\" data-end=\"650\">Caracter\u00edsticas t\u00e9cnicas:<\/strong><\/p>\n<ul data-start=\"651\" data-end=\"901\">\n<li data-start=\"651\" data-end=\"687\">\n<p data-start=\"653\" data-end=\"687\">Tipo: Mancal fundido tipo pedestal<\/p>\n<\/li>\n<li data-start=\"688\" data-end=\"746\">\n<p data-start=\"690\" data-end=\"746\">Compatibilidade: Rolamento UC207 (di\u00e2metro interno 35mm)<\/p>\n<\/li>\n<li data-start=\"747\" data-end=\"772\">\n<p data-start=\"749\" data-end=\"772\">Material: Ferro fundido<\/p>\n<\/li>\n<li data-start=\"773\" data-end=\"815\">\n<p data-start=\"775\" data-end=\"815\">Acabamento: Pintura protetiva industrial<\/p>\n<\/li>\n<li data-start=\"816\" data-end=\"901\">\n<p data-start=\"818\" data-end=\"901\">Aplica\u00e7\u00f5es: Esteiras transportadoras, equipamentos agr\u00edcolas e sistemas industriais<\/p>\n<\/li>\n<\/ul>\n","protected":false},"excerpt":{"rendered":"<p data-start=\"227\" data-end=\"346\">Mancal fundido 207 \u2013 Alta resist\u00eancia para sistemas de transporte por esteira com rolamento 207.<\/p>\n<p data-start=\"348\" data-end=\"619\">\n","protected":false},"featured_media":1899,"comment_status":"open","ping_status":"closed","template":"","meta":{"_price":"118.58","_stock":"2","_tribe_ticket_header":"","_tribe_default_ticket_provider":"","_tribe_ticket_capacity":"2","_ticket_start_date":"","_ticket_end_date":"","_tribe_ticket_show_description":"","_tribe_ticket_show_not_going":false,"_tribe_ticket_use_global_stock":"","_tribe_ticket_global_stock_level":"","_global_stock_mode":"","_global_stock_cap":"","_tribe_rsvp_for_event":"","_tribe_ticket_going_count":"","_tribe_ticket_not_going_count":"","_tribe_tickets_list":"[]","_tribe_ticket_has_attendee_info_fields":false,"_EventAllDay":false,"_EventTimezone":"","_EventStartDate":"","_EventEndDate":"","_EventStartDateUTC":"","_EventEndDateUTC":"","_EventShowMap":false,"_EventShowMapLink":false,"_EventURL":"","_EventCost":"","_EventCostDescription":"","_EventCurrencySymbol":"","_EventCurrencyCode":"","_EventCurrencyPosition":"","_EventDateTimeSeparator":"","_EventTimeRangeSeparator":"","_EventOrganizerID":[],"_EventVenueID":[],"_OrganizerEmail":"","_OrganizerPhone":"","_OrganizerWebsite":"","_VenueAddress":"","_VenueCity":"","_VenueCountry":"","_VenueProvince":"","_VenueState":"","_VenueZip":"","_VenuePhone":"","_VenueURL":"","_VenueStateProvince":"","_VenueLat":"","_VenueLng":"","_VenueShowMap":false,"_VenueShowMapLink":false},"product_brand":[],"product_cat":[71,44],"product_tag":[],"class_list":{"0":"post-1874","1":"product","2":"type-product","3":"status-publish","4":"has-post-thumbnail","6":"product_cat-mancais","7":"product_cat-pecasimplementosagricolas","9":"first","10":"instock","11":"shipping-taxable","12":"purchasable","13":"product-type-simple"},"jetpack_sharing_enabled":true,"_links":{"self":[{"href":"https:\/\/agriomac.com.br\/loja\/wp-json\/wp\/v2\/product\/1874","targetHints":{"allow":["GET"]}}],"collection":[{"href":"https:\/\/agriomac.com.br\/loja\/wp-json\/wp\/v2\/product"}],"about":[{"href":"https:\/\/agriomac.com.br\/loja\/wp-json\/wp\/v2\/types\/product"}],"replies":[{"embeddable":true,"href":"https:\/\/agriomac.com.br\/loja\/wp-json\/wp\/v2\/comments?post=1874"}],"version-history":[{"count":1,"href":"https:\/\/agriomac.com.br\/loja\/wp-json\/wp\/v2\/product\/1874\/revisions"}],"predecessor-version":[{"id":1875,"href":"https:\/\/agriomac.com.br\/loja\/wp-json\/wp\/v2\/product\/1874\/revisions\/1875"}],"wp:featuredmedia":[{"embeddable":true,"href":"https:\/\/agriomac.com.br\/loja\/wp-json\/wp\/v2\/media\/1899"}],"wp:attachment":[{"href":"https:\/\/agriomac.com.br\/loja\/wp-json\/wp\/v2\/media?parent=1874"}],"wp:term":[{"taxonomy":"product_brand","embeddable":true,"href":"https:\/\/agriomac.com.br\/loja\/wp-json\/wp\/v2\/product_brand?post=1874"},{"taxonomy":"product_cat","embeddable":true,"href":"https:\/\/agriomac.com.br\/loja\/wp-json\/wp\/v2\/product_cat?post=1874"},{"taxonomy":"product_tag","embeddable":true,"href":"https:\/\/agriomac.com.br\/loja\/wp-json\/wp\/v2\/product_tag?post=1874"}],"curies":[{"name":"wp","href":"https:\/\/api.w.org\/{rel}","templated":true}]}}