{"id":1876,"date":"2025-06-03T02:05:46","date_gmt":"2025-06-03T02:05:46","guid":{"rendered":"https:\/\/agriomac.com.br\/loja\/?post_type=product&#038;p=1876"},"modified":"2025-07-22T13:42:18","modified_gmt":"2025-07-22T13:42:18","slug":"mancal-fundido-208","status":"publish","type":"product","link":"https:\/\/agriomac.com.br\/loja\/produto\/mancal-fundido-208\/","title":{"rendered":"MANCAL FUNDIDO 208"},"content":{"rendered":"<p data-start=\"1050\" data-end=\"1314\">Projetado para uso em ambientes industriais exigentes, o Mancal Fundido 208 \u00e9 indicado para aplica\u00e7\u00f5es que requerem alta capacidade de carga e resist\u00eancia. Compat\u00edvel com o rolamento UC208, este mancal garante desempenho e confiabilidade.<\/p>\n<p data-start=\"1316\" data-end=\"1345\"><strong data-start=\"1316\" data-end=\"1345\">Caracter\u00edsticas t\u00e9cnicas:<\/strong><\/p>\n<ul data-start=\"1346\" data-end=\"1578\">\n<li data-start=\"1346\" data-end=\"1377\">\n<p data-start=\"1348\" data-end=\"1377\">Tipo: Mancal pedestal fundido<\/p>\n<\/li>\n<li data-start=\"1378\" data-end=\"1436\">\n<p data-start=\"1380\" data-end=\"1436\">Compatibilidade: Rolamento UC208 (di\u00e2metro interno 40mm)<\/p>\n<\/li>\n<li data-start=\"1437\" data-end=\"1470\">\n<p data-start=\"1439\" data-end=\"1470\">Material: Ferro fundido nodular<\/p>\n<\/li>\n<li data-start=\"1471\" data-end=\"1509\">\n<p data-start=\"1473\" data-end=\"1509\">Acabamento: Pintura ep\u00f3xi industrial<\/p>\n<\/li>\n<li data-start=\"1510\" data-end=\"1578\">\n<p data-start=\"1512\" data-end=\"1578\">Aplica\u00e7\u00f5es: M\u00e1quinas agr\u00edcolas, sistemas de transmiss\u00e3o e esteiras<\/p>\n<\/li>\n<\/ul>\n","protected":false},"excerpt":{"rendered":"<p data-start=\"939\" data-end=\"1048\">Mancal fundido 208 \u2013 Base refor\u00e7ada para rolamentos UC208, ideal para cargas elevadas.<\/p>\n<p data-start=\"1050\" data-end=\"1314\">\n","protected":false},"featured_media":1902,"comment_status":"open","ping_status":"closed","template":"","meta":{"_price":"126","_stock":"8","_tribe_ticket_header":"","_tribe_default_ticket_provider":"","_tribe_ticket_capacity":"8","_ticket_start_date":"","_ticket_end_date":"","_tribe_ticket_show_description":"","_tribe_ticket_show_not_going":false,"_tribe_ticket_use_global_stock":"","_tribe_ticket_global_stock_level":"","_global_stock_mode":"","_global_stock_cap":"","_tribe_rsvp_for_event":"","_tribe_ticket_going_count":"","_tribe_ticket_not_going_count":"","_tribe_tickets_list":"[]","_tribe_ticket_has_attendee_info_fields":false,"_EventAllDay":false,"_EventTimezone":"","_EventStartDate":"","_EventEndDate":"","_EventStartDateUTC":"","_EventEndDateUTC":"","_EventShowMap":false,"_EventShowMapLink":false,"_EventURL":"","_EventCost":"","_EventCostDescription":"","_EventCurrencySymbol":"","_EventCurrencyCode":"","_EventCurrencyPosition":"","_EventDateTimeSeparator":"","_EventTimeRangeSeparator":"","_EventOrganizerID":[],"_EventVenueID":[],"_OrganizerEmail":"","_OrganizerPhone":"","_OrganizerWebsite":"","_VenueAddress":"","_VenueCity":"","_VenueCountry":"","_VenueProvince":"","_VenueState":"","_VenueZip":"","_VenuePhone":"","_VenueURL":"","_VenueStateProvince":"","_VenueLat":"","_VenueLng":"","_VenueShowMap":false,"_VenueShowMapLink":false},"product_brand":[],"product_cat":[71,44],"product_tag":[],"class_list":{"0":"post-1876","1":"product","2":"type-product","3":"status-publish","4":"has-post-thumbnail","6":"product_cat-mancais","7":"product_cat-pecasimplementosagricolas","9":"first","10":"instock","11":"shipping-taxable","12":"purchasable","13":"product-type-simple"},"jetpack_sharing_enabled":true,"_links":{"self":[{"href":"https:\/\/agriomac.com.br\/loja\/wp-json\/wp\/v2\/product\/1876","targetHints":{"allow":["GET"]}}],"collection":[{"href":"https:\/\/agriomac.com.br\/loja\/wp-json\/wp\/v2\/product"}],"about":[{"href":"https:\/\/agriomac.com.br\/loja\/wp-json\/wp\/v2\/types\/product"}],"replies":[{"embeddable":true,"href":"https:\/\/agriomac.com.br\/loja\/wp-json\/wp\/v2\/comments?post=1876"}],"version-history":[{"count":1,"href":"https:\/\/agriomac.com.br\/loja\/wp-json\/wp\/v2\/product\/1876\/revisions"}],"predecessor-version":[{"id":1878,"href":"https:\/\/agriomac.com.br\/loja\/wp-json\/wp\/v2\/product\/1876\/revisions\/1878"}],"wp:featuredmedia":[{"embeddable":true,"href":"https:\/\/agriomac.com.br\/loja\/wp-json\/wp\/v2\/media\/1902"}],"wp:attachment":[{"href":"https:\/\/agriomac.com.br\/loja\/wp-json\/wp\/v2\/media?parent=1876"}],"wp:term":[{"taxonomy":"product_brand","embeddable":true,"href":"https:\/\/agriomac.com.br\/loja\/wp-json\/wp\/v2\/product_brand?post=1876"},{"taxonomy":"product_cat","embeddable":true,"href":"https:\/\/agriomac.com.br\/loja\/wp-json\/wp\/v2\/product_cat?post=1876"},{"taxonomy":"product_tag","embeddable":true,"href":"https:\/\/agriomac.com.br\/loja\/wp-json\/wp\/v2\/product_tag?post=1876"}],"curies":[{"name":"wp","href":"https:\/\/api.w.org\/{rel}","templated":true}]}}