{"id":1879,"date":"2025-06-03T02:06:25","date_gmt":"2025-06-03T02:06:25","guid":{"rendered":"https:\/\/agriomac.com.br\/loja\/?post_type=product&#038;p=1879"},"modified":"2025-07-02T14:00:24","modified_gmt":"2025-07-02T14:00:24","slug":"mancal-fundido-4-furos","status":"publish","type":"product","link":"https:\/\/agriomac.com.br\/loja\/produto\/mancal-fundido-4-furos\/","title":{"rendered":"MANCAL FUNDIDO 4 FUROS"},"content":{"rendered":"<p data-start=\"1724\" data-end=\"1952\">O Mancal Fundido 4 Furos oferece maior estabilidade e seguran\u00e7a na fixa\u00e7\u00e3o, sendo ideal para suportar cargas elevadas e vibra\u00e7\u00f5es. Seu design com 4 pontos de fixa\u00e7\u00e3o distribui uniformemente os esfor\u00e7os.<\/p>\n<p data-start=\"1954\" data-end=\"1983\"><strong data-start=\"1954\" data-end=\"1983\">Caracter\u00edsticas t\u00e9cnicas:<\/strong><\/p>\n<ul data-start=\"1984\" data-end=\"2205\">\n<li data-start=\"1984\" data-end=\"2020\">\n<p data-start=\"1986\" data-end=\"2020\">Tipo: Mancal flangeado com 4 furos<\/p>\n<\/li>\n<li data-start=\"2021\" data-end=\"2074\">\n<p data-start=\"2023\" data-end=\"2074\">Compatibilidade: Diversos rolamentos (sob consulta)<\/p>\n<\/li>\n<li data-start=\"2075\" data-end=\"2100\">\n<p data-start=\"2077\" data-end=\"2100\">Material: Ferro fundido<\/p>\n<\/li>\n<li data-start=\"2101\" data-end=\"2149\">\n<p data-start=\"2103\" data-end=\"2149\">Acabamento: Pintura industrial ou fosfatiza\u00e7\u00e3o<\/p>\n<\/li>\n<li data-start=\"2150\" data-end=\"2205\">\n<p data-start=\"2152\" data-end=\"2205\">Aplica\u00e7\u00f5es: Equipamentos pesados, motores e redutores<\/p>\n<\/li>\n<\/ul>\n","protected":false},"excerpt":{"rendered":"<p data-start=\"1620\" data-end=\"1722\">Mancal fundido com 4 furos \u2013 Fixa\u00e7\u00e3o robusta e est\u00e1vel para aplica\u00e7\u00f5es pesadas.<\/p>\n<p data-start=\"1724\" data-end=\"1952\">\n","protected":false},"featured_media":1901,"comment_status":"open","ping_status":"closed","template":"","meta":{"_price":"50","_stock":"1","_tribe_ticket_header":"","_tribe_default_ticket_provider":"","_tribe_ticket_capacity":"1","_ticket_start_date":"","_ticket_end_date":"","_tribe_ticket_show_description":"","_tribe_ticket_show_not_going":false,"_tribe_ticket_use_global_stock":"","_tribe_ticket_global_stock_level":"","_global_stock_mode":"","_global_stock_cap":"","_tribe_rsvp_for_event":"","_tribe_ticket_going_count":"","_tribe_ticket_not_going_count":"","_tribe_tickets_list":"[]","_tribe_ticket_has_attendee_info_fields":false,"_EventAllDay":false,"_EventTimezone":"","_EventStartDate":"","_EventEndDate":"","_EventStartDateUTC":"","_EventEndDateUTC":"","_EventShowMap":false,"_EventShowMapLink":false,"_EventURL":"","_EventCost":"","_EventCostDescription":"","_EventCurrencySymbol":"","_EventCurrencyCode":"","_EventCurrencyPosition":"","_EventDateTimeSeparator":"","_EventTimeRangeSeparator":"","_EventOrganizerID":[],"_EventVenueID":[],"_OrganizerEmail":"","_OrganizerPhone":"","_OrganizerWebsite":"","_VenueAddress":"","_VenueCity":"","_VenueCountry":"","_VenueProvince":"","_VenueState":"","_VenueZip":"","_VenuePhone":"","_VenueURL":"","_VenueStateProvince":"","_VenueLat":"","_VenueLng":"","_VenueShowMap":false,"_VenueShowMapLink":false},"product_brand":[],"product_cat":[71,44],"product_tag":[],"class_list":{"0":"post-1879","1":"product","2":"type-product","3":"status-publish","4":"has-post-thumbnail","6":"product_cat-mancais","7":"product_cat-pecasimplementosagricolas","9":"first","10":"instock","11":"shipping-taxable","12":"purchasable","13":"product-type-simple"},"jetpack_sharing_enabled":true,"_links":{"self":[{"href":"https:\/\/agriomac.com.br\/loja\/wp-json\/wp\/v2\/product\/1879","targetHints":{"allow":["GET"]}}],"collection":[{"href":"https:\/\/agriomac.com.br\/loja\/wp-json\/wp\/v2\/product"}],"about":[{"href":"https:\/\/agriomac.com.br\/loja\/wp-json\/wp\/v2\/types\/product"}],"replies":[{"embeddable":true,"href":"https:\/\/agriomac.com.br\/loja\/wp-json\/wp\/v2\/comments?post=1879"}],"version-history":[{"count":1,"href":"https:\/\/agriomac.com.br\/loja\/wp-json\/wp\/v2\/product\/1879\/revisions"}],"predecessor-version":[{"id":1881,"href":"https:\/\/agriomac.com.br\/loja\/wp-json\/wp\/v2\/product\/1879\/revisions\/1881"}],"wp:featuredmedia":[{"embeddable":true,"href":"https:\/\/agriomac.com.br\/loja\/wp-json\/wp\/v2\/media\/1901"}],"wp:attachment":[{"href":"https:\/\/agriomac.com.br\/loja\/wp-json\/wp\/v2\/media?parent=1879"}],"wp:term":[{"taxonomy":"product_brand","embeddable":true,"href":"https:\/\/agriomac.com.br\/loja\/wp-json\/wp\/v2\/product_brand?post=1879"},{"taxonomy":"product_cat","embeddable":true,"href":"https:\/\/agriomac.com.br\/loja\/wp-json\/wp\/v2\/product_cat?post=1879"},{"taxonomy":"product_tag","embeddable":true,"href":"https:\/\/agriomac.com.br\/loja\/wp-json\/wp\/v2\/product_tag?post=1879"}],"curies":[{"name":"wp","href":"https:\/\/api.w.org\/{rel}","templated":true}]}}