{"id":1882,"date":"2025-06-03T02:07:19","date_gmt":"2025-06-03T02:07:19","guid":{"rendered":"https:\/\/agriomac.com.br\/loja\/?post_type=product&#038;p=1882"},"modified":"2025-07-02T14:00:16","modified_gmt":"2025-07-02T14:00:16","slug":"mancal-fl-207","status":"publish","type":"product","link":"https:\/\/agriomac.com.br\/loja\/produto\/mancal-fl-207\/","title":{"rendered":"MANCAL FL-207"},"content":{"rendered":"<p data-start=\"2333\" data-end=\"2554\">O Mancal Flangeado FL207 possui corpo em ferro fundido e \u00e9 compat\u00edvel com rolamentos UC207, ideal para aplica\u00e7\u00f5es com fixa\u00e7\u00e3o lateral. Garante alta resist\u00eancia mec\u00e2nica e precis\u00e3o no acoplamento.<\/p>\n<p data-start=\"2556\" data-end=\"2585\"><strong data-start=\"2556\" data-end=\"2585\">Caracter\u00edsticas t\u00e9cnicas:<\/strong><\/p>\n<ul data-start=\"2586\" data-end=\"2788\">\n<li data-start=\"2586\" data-end=\"2620\">\n<p data-start=\"2588\" data-end=\"2620\">Tipo: Mancal flangeado tipo oval<\/p>\n<\/li>\n<li data-start=\"2621\" data-end=\"2671\">\n<p data-start=\"2623\" data-end=\"2671\">Compatibilidade: Rolamento UC207 (di\u00e2metro 35mm)<\/p>\n<\/li>\n<li data-start=\"2672\" data-end=\"2697\">\n<p data-start=\"2674\" data-end=\"2697\">Material: Ferro fundido<\/p>\n<\/li>\n<li data-start=\"2698\" data-end=\"2729\">\n<p data-start=\"2700\" data-end=\"2729\">Acabamento: Pintura protetiva<\/p>\n<\/li>\n<li data-start=\"2730\" data-end=\"2788\">\n<p data-start=\"2732\" data-end=\"2788\">Aplica\u00e7\u00f5es: M\u00e1quinas industriais, esteiras, ventiladores<\/p>\n<\/li>\n<\/ul>\n","protected":false},"excerpt":{"rendered":"<p data-start=\"2238\" data-end=\"2331\">Mancal FL207 \u2013 Corpo flangeado em ferro fundido para rolamentos UC207.<\/p>\n<p data-start=\"2333\" data-end=\"2554\">\n","protected":false},"featured_media":1893,"comment_status":"open","ping_status":"closed","template":"","meta":{"_price":"40","_stock":"3","_tribe_ticket_header":"","_tribe_default_ticket_provider":"","_tribe_ticket_capacity":"3","_ticket_start_date":"","_ticket_end_date":"","_tribe_ticket_show_description":"","_tribe_ticket_show_not_going":false,"_tribe_ticket_use_global_stock":"","_tribe_ticket_global_stock_level":"","_global_stock_mode":"","_global_stock_cap":"","_tribe_rsvp_for_event":"","_tribe_ticket_going_count":"","_tribe_ticket_not_going_count":"","_tribe_tickets_list":"[]","_tribe_ticket_has_attendee_info_fields":false,"_EventAllDay":false,"_EventTimezone":"","_EventStartDate":"","_EventEndDate":"","_EventStartDateUTC":"","_EventEndDateUTC":"","_EventShowMap":false,"_EventShowMapLink":false,"_EventURL":"","_EventCost":"","_EventCostDescription":"","_EventCurrencySymbol":"","_EventCurrencyCode":"","_EventCurrencyPosition":"","_EventDateTimeSeparator":"","_EventTimeRangeSeparator":"","_EventOrganizerID":[],"_EventVenueID":[],"_OrganizerEmail":"","_OrganizerPhone":"","_OrganizerWebsite":"","_VenueAddress":"","_VenueCity":"","_VenueCountry":"","_VenueProvince":"","_VenueState":"","_VenueZip":"","_VenuePhone":"","_VenueURL":"","_VenueStateProvince":"","_VenueLat":"","_VenueLng":"","_VenueShowMap":false,"_VenueShowMapLink":false},"product_brand":[],"product_cat":[71,44],"product_tag":[],"class_list":{"0":"post-1882","1":"product","2":"type-product","3":"status-publish","4":"has-post-thumbnail","6":"product_cat-mancais","7":"product_cat-pecasimplementosagricolas","9":"first","10":"instock","11":"shipping-taxable","12":"purchasable","13":"product-type-simple"},"jetpack_sharing_enabled":true,"_links":{"self":[{"href":"https:\/\/agriomac.com.br\/loja\/wp-json\/wp\/v2\/product\/1882","targetHints":{"allow":["GET"]}}],"collection":[{"href":"https:\/\/agriomac.com.br\/loja\/wp-json\/wp\/v2\/product"}],"about":[{"href":"https:\/\/agriomac.com.br\/loja\/wp-json\/wp\/v2\/types\/product"}],"replies":[{"embeddable":true,"href":"https:\/\/agriomac.com.br\/loja\/wp-json\/wp\/v2\/comments?post=1882"}],"version-history":[{"count":1,"href":"https:\/\/agriomac.com.br\/loja\/wp-json\/wp\/v2\/product\/1882\/revisions"}],"predecessor-version":[{"id":1883,"href":"https:\/\/agriomac.com.br\/loja\/wp-json\/wp\/v2\/product\/1882\/revisions\/1883"}],"wp:featuredmedia":[{"embeddable":true,"href":"https:\/\/agriomac.com.br\/loja\/wp-json\/wp\/v2\/media\/1893"}],"wp:attachment":[{"href":"https:\/\/agriomac.com.br\/loja\/wp-json\/wp\/v2\/media?parent=1882"}],"wp:term":[{"taxonomy":"product_brand","embeddable":true,"href":"https:\/\/agriomac.com.br\/loja\/wp-json\/wp\/v2\/product_brand?post=1882"},{"taxonomy":"product_cat","embeddable":true,"href":"https:\/\/agriomac.com.br\/loja\/wp-json\/wp\/v2\/product_cat?post=1882"},{"taxonomy":"product_tag","embeddable":true,"href":"https:\/\/agriomac.com.br\/loja\/wp-json\/wp\/v2\/product_tag?post=1882"}],"curies":[{"name":"wp","href":"https:\/\/api.w.org\/{rel}","templated":true}]}}