{"id":1884,"date":"2025-06-03T02:07:58","date_gmt":"2025-06-03T02:07:58","guid":{"rendered":"https:\/\/agriomac.com.br\/loja\/?post_type=product&#038;p=1884"},"modified":"2025-07-22T13:40:18","modified_gmt":"2025-07-22T13:40:18","slug":"mancal-flangeado-3f0372","status":"publish","type":"product","link":"https:\/\/agriomac.com.br\/loja\/produto\/mancal-flangeado-3f0372\/","title":{"rendered":"MANCAL FLANGEADO 3F0372"},"content":{"rendered":"<p data-start=\"2931\" data-end=\"3155\">O Mancal Flangeado 3F0372 \u00e9 ideal para fixa\u00e7\u00f5es em pain\u00e9is, estruturas met\u00e1licas e suportes industriais. Seu formato com tr\u00eas furos oferece excelente estabilidade em ambientes com vibra\u00e7\u00e3o moderada.<\/p>\n<p data-start=\"3157\" data-end=\"3186\"><strong data-start=\"3157\" data-end=\"3186\">Caracter\u00edsticas t\u00e9cnicas:<\/strong><\/p>\n<ul data-start=\"3187\" data-end=\"3367\">\n<li data-start=\"3187\" data-end=\"3219\">\n<p data-start=\"3189\" data-end=\"3219\">Tipo: Mancal flangeado 3 furos<\/p>\n<\/li>\n<li data-start=\"3220\" data-end=\"3236\">\n<p data-start=\"3222\" data-end=\"3236\">C\u00f3digo: 3F0372<\/p>\n<\/li>\n<li data-start=\"3237\" data-end=\"3262\">\n<p data-start=\"3239\" data-end=\"3262\">Material: Ferro fundido<\/p>\n<\/li>\n<li data-start=\"3263\" data-end=\"3295\">\n<p data-start=\"3265\" data-end=\"3295\">Acabamento: Pintura industrial<\/p>\n<\/li>\n<li data-start=\"3296\" data-end=\"3367\">\n<p data-start=\"3298\" data-end=\"3367\">Aplica\u00e7\u00f5es: M\u00e1quinas industriais, estruturas met\u00e1licas e transmiss\u00f5es<\/p>\n<\/li>\n<\/ul>\n","protected":false},"excerpt":{"rendered":"<p data-start=\"2831\" data-end=\"2929\">Mancal flangeado 3F0372 \u2013 Design especial para fixa\u00e7\u00e3o lateral com 3 furos.<\/p>\n<p data-start=\"2931\" data-end=\"3155\">\n","protected":false},"featured_media":1877,"comment_status":"open","ping_status":"closed","template":"","meta":{"_price":"29.95","_stock":"10","_tribe_ticket_header":"","_tribe_default_ticket_provider":"","_tribe_ticket_capacity":"15","_ticket_start_date":"","_ticket_end_date":"","_tribe_ticket_show_description":"","_tribe_ticket_show_not_going":false,"_tribe_ticket_use_global_stock":"","_tribe_ticket_global_stock_level":"","_global_stock_mode":"","_global_stock_cap":"","_tribe_rsvp_for_event":"","_tribe_ticket_going_count":"","_tribe_ticket_not_going_count":"","_tribe_tickets_list":"[]","_tribe_ticket_has_attendee_info_fields":false,"_EventAllDay":false,"_EventTimezone":"","_EventStartDate":"","_EventEndDate":"","_EventStartDateUTC":"","_EventEndDateUTC":"","_EventShowMap":false,"_EventShowMapLink":false,"_EventURL":"","_EventCost":"","_EventCostDescription":"","_EventCurrencySymbol":"","_EventCurrencyCode":"","_EventCurrencyPosition":"","_EventDateTimeSeparator":"","_EventTimeRangeSeparator":"","_EventOrganizerID":[],"_EventVenueID":[],"_OrganizerEmail":"","_OrganizerPhone":"","_OrganizerWebsite":"","_VenueAddress":"","_VenueCity":"","_VenueCountry":"","_VenueProvince":"","_VenueState":"","_VenueZip":"","_VenuePhone":"","_VenueURL":"","_VenueStateProvince":"","_VenueLat":"","_VenueLng":"","_VenueShowMap":false,"_VenueShowMapLink":false},"product_brand":[],"product_cat":[71,44],"product_tag":[],"class_list":{"0":"post-1884","1":"product","2":"type-product","3":"status-publish","4":"has-post-thumbnail","6":"product_cat-mancais","7":"product_cat-pecasimplementosagricolas","9":"first","10":"instock","11":"shipping-taxable","12":"purchasable","13":"product-type-simple"},"jetpack_sharing_enabled":true,"_links":{"self":[{"href":"https:\/\/agriomac.com.br\/loja\/wp-json\/wp\/v2\/product\/1884","targetHints":{"allow":["GET"]}}],"collection":[{"href":"https:\/\/agriomac.com.br\/loja\/wp-json\/wp\/v2\/product"}],"about":[{"href":"https:\/\/agriomac.com.br\/loja\/wp-json\/wp\/v2\/types\/product"}],"replies":[{"embeddable":true,"href":"https:\/\/agriomac.com.br\/loja\/wp-json\/wp\/v2\/comments?post=1884"}],"version-history":[{"count":1,"href":"https:\/\/agriomac.com.br\/loja\/wp-json\/wp\/v2\/product\/1884\/revisions"}],"predecessor-version":[{"id":1885,"href":"https:\/\/agriomac.com.br\/loja\/wp-json\/wp\/v2\/product\/1884\/revisions\/1885"}],"wp:featuredmedia":[{"embeddable":true,"href":"https:\/\/agriomac.com.br\/loja\/wp-json\/wp\/v2\/media\/1877"}],"wp:attachment":[{"href":"https:\/\/agriomac.com.br\/loja\/wp-json\/wp\/v2\/media?parent=1884"}],"wp:term":[{"taxonomy":"product_brand","embeddable":true,"href":"https:\/\/agriomac.com.br\/loja\/wp-json\/wp\/v2\/product_brand?post=1884"},{"taxonomy":"product_cat","embeddable":true,"href":"https:\/\/agriomac.com.br\/loja\/wp-json\/wp\/v2\/product_cat?post=1884"},{"taxonomy":"product_tag","embeddable":true,"href":"https:\/\/agriomac.com.br\/loja\/wp-json\/wp\/v2\/product_tag?post=1884"}],"curies":[{"name":"wp","href":"https:\/\/api.w.org\/{rel}","templated":true}]}}