{"id":1886,"date":"2025-06-03T02:08:42","date_gmt":"2025-06-03T02:08:42","guid":{"rendered":"https:\/\/agriomac.com.br\/loja\/?post_type=product&#038;p=1886"},"modified":"2025-07-02T14:00:00","modified_gmt":"2025-07-02T14:00:00","slug":"mancal-estampado-206","status":"publish","type":"product","link":"https:\/\/agriomac.com.br\/loja\/produto\/mancal-estampado-206\/","title":{"rendered":"MANCAL ESTAMPADO 206"},"content":{"rendered":"<p data-start=\"3505\" data-end=\"3709\">Fabricado em a\u00e7o estampado com tratamento anticorrosivo, o Mancal Estampado 206 \u00e9 ideal para aplica\u00e7\u00f5es que exigem leveza e praticidade de montagem, sem abrir m\u00e3o da resist\u00eancia.<\/p>\n<p data-start=\"3711\" data-end=\"3740\"><strong data-start=\"3711\" data-end=\"3740\">Caracter\u00edsticas t\u00e9cnicas:<\/strong><\/p>\n<ul data-start=\"3741\" data-end=\"3948\">\n<li data-start=\"3741\" data-end=\"3782\">\n<p data-start=\"3743\" data-end=\"3782\">Tipo: Mancal estampado tipo flange oval<\/p>\n<\/li>\n<li data-start=\"3783\" data-end=\"3831\">\n<p data-start=\"3785\" data-end=\"3831\">Compatibilidade: UC206 (di\u00e2metro interno 30mm)<\/p>\n<\/li>\n<li data-start=\"3832\" data-end=\"3857\">\n<p data-start=\"3834\" data-end=\"3857\">Material: A\u00e7o estampado<\/p>\n<\/li>\n<li data-start=\"3858\" data-end=\"3879\">\n<p data-start=\"3860\" data-end=\"3879\">Acabamento: Zincado<\/p>\n<\/li>\n<li data-start=\"3880\" data-end=\"3948\">\n<p data-start=\"3882\" data-end=\"3948\">Aplica\u00e7\u00f5es: Pequenas m\u00e1quinas, implementos agr\u00edcolas, ventiladores<\/p>\n<\/li>\n<\/ul>\n","protected":false},"excerpt":{"rendered":"<p data-start=\"3407\" data-end=\"3503\">Mancal estampado 206 \u2013 Leve e resistente, indicado para rolamentos UC206.<\/p>\n<p data-start=\"3505\" data-end=\"3709\">\n","protected":false},"featured_media":1873,"comment_status":"open","ping_status":"closed","template":"","meta":{"_price":"20.60","_stock":"10","_tribe_ticket_header":"","_tribe_default_ticket_provider":"","_tribe_ticket_capacity":"10","_ticket_start_date":"","_ticket_end_date":"","_tribe_ticket_show_description":"","_tribe_ticket_show_not_going":false,"_tribe_ticket_use_global_stock":"","_tribe_ticket_global_stock_level":"","_global_stock_mode":"","_global_stock_cap":"","_tribe_rsvp_for_event":"","_tribe_ticket_going_count":"","_tribe_ticket_not_going_count":"","_tribe_tickets_list":"[]","_tribe_ticket_has_attendee_info_fields":false,"_EventAllDay":false,"_EventTimezone":"","_EventStartDate":"","_EventEndDate":"","_EventStartDateUTC":"","_EventEndDateUTC":"","_EventShowMap":false,"_EventShowMapLink":false,"_EventURL":"","_EventCost":"","_EventCostDescription":"","_EventCurrencySymbol":"","_EventCurrencyCode":"","_EventCurrencyPosition":"","_EventDateTimeSeparator":"","_EventTimeRangeSeparator":"","_EventOrganizerID":[],"_EventVenueID":[],"_OrganizerEmail":"","_OrganizerPhone":"","_OrganizerWebsite":"","_VenueAddress":"","_VenueCity":"","_VenueCountry":"","_VenueProvince":"","_VenueState":"","_VenueZip":"","_VenuePhone":"","_VenueURL":"","_VenueStateProvince":"","_VenueLat":"","_VenueLng":"","_VenueShowMap":false,"_VenueShowMapLink":false},"product_brand":[],"product_cat":[71,44],"product_tag":[],"class_list":{"0":"post-1886","1":"product","2":"type-product","3":"status-publish","4":"has-post-thumbnail","6":"product_cat-mancais","7":"product_cat-pecasimplementosagricolas","9":"first","10":"instock","11":"shipping-taxable","12":"purchasable","13":"product-type-simple"},"jetpack_sharing_enabled":true,"_links":{"self":[{"href":"https:\/\/agriomac.com.br\/loja\/wp-json\/wp\/v2\/product\/1886","targetHints":{"allow":["GET"]}}],"collection":[{"href":"https:\/\/agriomac.com.br\/loja\/wp-json\/wp\/v2\/product"}],"about":[{"href":"https:\/\/agriomac.com.br\/loja\/wp-json\/wp\/v2\/types\/product"}],"replies":[{"embeddable":true,"href":"https:\/\/agriomac.com.br\/loja\/wp-json\/wp\/v2\/comments?post=1886"}],"version-history":[{"count":1,"href":"https:\/\/agriomac.com.br\/loja\/wp-json\/wp\/v2\/product\/1886\/revisions"}],"predecessor-version":[{"id":1888,"href":"https:\/\/agriomac.com.br\/loja\/wp-json\/wp\/v2\/product\/1886\/revisions\/1888"}],"wp:featuredmedia":[{"embeddable":true,"href":"https:\/\/agriomac.com.br\/loja\/wp-json\/wp\/v2\/media\/1873"}],"wp:attachment":[{"href":"https:\/\/agriomac.com.br\/loja\/wp-json\/wp\/v2\/media?parent=1886"}],"wp:term":[{"taxonomy":"product_brand","embeddable":true,"href":"https:\/\/agriomac.com.br\/loja\/wp-json\/wp\/v2\/product_brand?post=1886"},{"taxonomy":"product_cat","embeddable":true,"href":"https:\/\/agriomac.com.br\/loja\/wp-json\/wp\/v2\/product_cat?post=1886"},{"taxonomy":"product_tag","embeddable":true,"href":"https:\/\/agriomac.com.br\/loja\/wp-json\/wp\/v2\/product_tag?post=1886"}],"curies":[{"name":"wp","href":"https:\/\/api.w.org\/{rel}","templated":true}]}}