{"id":1891,"date":"2025-06-03T02:10:16","date_gmt":"2025-06-03T02:10:16","guid":{"rendered":"https:\/\/agriomac.com.br\/loja\/?post_type=product&#038;p=1891"},"modified":"2025-07-22T13:31:39","modified_gmt":"2025-07-22T13:31:39","slug":"mancal-rat-25mm","status":"publish","type":"product","link":"https:\/\/agriomac.com.br\/loja\/produto\/mancal-rat-25mm\/","title":{"rendered":"MANCAL RAT 25MM"},"content":{"rendered":"<p data-start=\"4681\" data-end=\"4903\">O Mancal RAT 25mm possui estrutura met\u00e1lica estampada com furos de fixa\u00e7\u00e3o quadrados e furo central de 25mm, sendo ideal para aplica\u00e7\u00f5es mec\u00e2nicas leves e m\u00e9dias que exigem facilidade na montagem.<\/p>\n<p data-start=\"4905\" data-end=\"4934\"><strong data-start=\"4905\" data-end=\"4934\">Caracter\u00edsticas t\u00e9cnicas:<\/strong><\/p>\n<ul data-start=\"4935\" data-end=\"5105\">\n<li data-start=\"4935\" data-end=\"4964\">\n<p data-start=\"4937\" data-end=\"4964\">Tipo: Mancal flangeado oval<\/p>\n<\/li>\n<li data-start=\"4965\" data-end=\"4985\">\n<p data-start=\"4967\" data-end=\"4985\">Furo central: 25mm<\/p>\n<\/li>\n<li data-start=\"4986\" data-end=\"5011\">\n<p data-start=\"4988\" data-end=\"5011\">Material: A\u00e7o estampado<\/p>\n<\/li>\n<li data-start=\"5012\" data-end=\"5033\">\n<p data-start=\"5014\" data-end=\"5033\">Acabamento: Zincado<\/p>\n<\/li>\n<li data-start=\"5034\" data-end=\"5105\">\n<p data-start=\"5036\" data-end=\"5105\">Aplica\u00e7\u00f5es: Ventiladores, m\u00e1quinas leves, equipamentos de transmiss\u00e3o<\/p>\n<\/li>\n<\/ul>\n","protected":false},"excerpt":{"rendered":"<p data-start=\"4583\" data-end=\"4679\">Mancal flangeado RAT 25mm \u2013 Ideal para eixos de 25mm com fixa\u00e7\u00e3o robusta.<\/p>\n<p data-start=\"4681\" data-end=\"4903\">\n","protected":false},"featured_media":1904,"comment_status":"open","ping_status":"closed","template":"","meta":{"_price":"10.50","_stock":"3","_tribe_ticket_header":"","_tribe_default_ticket_provider":"","_tribe_ticket_capacity":"5","_ticket_start_date":"","_ticket_end_date":"","_tribe_ticket_show_description":"","_tribe_ticket_show_not_going":false,"_tribe_ticket_use_global_stock":"","_tribe_ticket_global_stock_level":"","_global_stock_mode":"","_global_stock_cap":"","_tribe_rsvp_for_event":"","_tribe_ticket_going_count":"","_tribe_ticket_not_going_count":"","_tribe_tickets_list":"[]","_tribe_ticket_has_attendee_info_fields":false,"_EventAllDay":false,"_EventTimezone":"","_EventStartDate":"","_EventEndDate":"","_EventStartDateUTC":"","_EventEndDateUTC":"","_EventShowMap":false,"_EventShowMapLink":false,"_EventURL":"","_EventCost":"","_EventCostDescription":"","_EventCurrencySymbol":"","_EventCurrencyCode":"","_EventCurrencyPosition":"","_EventDateTimeSeparator":"","_EventTimeRangeSeparator":"","_EventOrganizerID":[],"_EventVenueID":[],"_OrganizerEmail":"","_OrganizerPhone":"","_OrganizerWebsite":"","_VenueAddress":"","_VenueCity":"","_VenueCountry":"","_VenueProvince":"","_VenueState":"","_VenueZip":"","_VenuePhone":"","_VenueURL":"","_VenueStateProvince":"","_VenueLat":"","_VenueLng":"","_VenueShowMap":false,"_VenueShowMapLink":false},"product_brand":[],"product_cat":[71,44],"product_tag":[],"class_list":{"0":"post-1891","1":"product","2":"type-product","3":"status-publish","4":"has-post-thumbnail","6":"product_cat-mancais","7":"product_cat-pecasimplementosagricolas","9":"first","10":"instock","11":"shipping-taxable","12":"purchasable","13":"product-type-simple"},"jetpack_sharing_enabled":true,"_links":{"self":[{"href":"https:\/\/agriomac.com.br\/loja\/wp-json\/wp\/v2\/product\/1891","targetHints":{"allow":["GET"]}}],"collection":[{"href":"https:\/\/agriomac.com.br\/loja\/wp-json\/wp\/v2\/product"}],"about":[{"href":"https:\/\/agriomac.com.br\/loja\/wp-json\/wp\/v2\/types\/product"}],"replies":[{"embeddable":true,"href":"https:\/\/agriomac.com.br\/loja\/wp-json\/wp\/v2\/comments?post=1891"}],"version-history":[{"count":1,"href":"https:\/\/agriomac.com.br\/loja\/wp-json\/wp\/v2\/product\/1891\/revisions"}],"predecessor-version":[{"id":1892,"href":"https:\/\/agriomac.com.br\/loja\/wp-json\/wp\/v2\/product\/1891\/revisions\/1892"}],"wp:featuredmedia":[{"embeddable":true,"href":"https:\/\/agriomac.com.br\/loja\/wp-json\/wp\/v2\/media\/1904"}],"wp:attachment":[{"href":"https:\/\/agriomac.com.br\/loja\/wp-json\/wp\/v2\/media?parent=1891"}],"wp:term":[{"taxonomy":"product_brand","embeddable":true,"href":"https:\/\/agriomac.com.br\/loja\/wp-json\/wp\/v2\/product_brand?post=1891"},{"taxonomy":"product_cat","embeddable":true,"href":"https:\/\/agriomac.com.br\/loja\/wp-json\/wp\/v2\/product_cat?post=1891"},{"taxonomy":"product_tag","embeddable":true,"href":"https:\/\/agriomac.com.br\/loja\/wp-json\/wp\/v2\/product_tag?post=1891"}],"curies":[{"name":"wp","href":"https:\/\/api.w.org\/{rel}","templated":true}]}}