{"id":1896,"date":"2025-06-03T02:11:42","date_gmt":"2025-06-03T02:11:42","guid":{"rendered":"https:\/\/agriomac.com.br\/loja\/?post_type=product&#038;p=1896"},"modified":"2025-07-02T13:59:22","modified_gmt":"2025-07-02T13:59:22","slug":"mancal-flangeado","status":"publish","type":"product","link":"https:\/\/agriomac.com.br\/loja\/produto\/mancal-flangeado\/","title":{"rendered":"MANCAL FLANGEADO"},"content":{"rendered":"<p data-start=\"5842\" data-end=\"6062\">Com design robusto e fura\u00e7\u00e3o sim\u00e9trica, o Mancal Flangeado \u00e9 uma solu\u00e7\u00e3o vers\u00e1til para fixa\u00e7\u00e3o lateral de rolamentos. Fabricado em a\u00e7o ou ferro fundido, garante seguran\u00e7a em diversas aplica\u00e7\u00f5es.<\/p>\n<p data-start=\"6064\" data-end=\"6093\"><strong data-start=\"6064\" data-end=\"6093\">Caracter\u00edsticas t\u00e9cnicas:<\/strong><\/p>\n<ul data-start=\"6094\" data-end=\"6288\">\n<li data-start=\"6094\" data-end=\"6118\">\n<p data-start=\"6096\" data-end=\"6118\">Tipo: Flangeado padr\u00e3o<\/p>\n<\/li>\n<li data-start=\"6119\" data-end=\"6151\">\n<p data-start=\"6121\" data-end=\"6151\">Compatibilidade: Rolamentos UC<\/p>\n<\/li>\n<li data-start=\"6152\" data-end=\"6188\">\n<p data-start=\"6154\" data-end=\"6188\">Material: A\u00e7o estampado ou fundido<\/p>\n<\/li>\n<li data-start=\"6189\" data-end=\"6221\">\n<p data-start=\"6191\" data-end=\"6221\">Acabamento: Zincado ou pintado<\/p>\n<\/li>\n<li data-start=\"6222\" data-end=\"6288\">\n<p data-start=\"6224\" data-end=\"6288\">Aplica\u00e7\u00f5es: Equipamentos industriais, transmiss\u00f5es, ventiladores<\/p>\n<\/li>\n<\/ul>\n","protected":false},"excerpt":{"rendered":"<p data-start=\"5722\" data-end=\"5840\">Mancal flangeado universal \u2013 Suporte resistente para aplica\u00e7\u00f5es fixas em pain\u00e9is ou estruturas.<\/p>\n<p data-start=\"5842\" data-end=\"6062\">\n","protected":false},"featured_media":1880,"comment_status":"open","ping_status":"closed","template":"","meta":{"_price":"9.99","_stock":"2","_tribe_ticket_header":"","_tribe_default_ticket_provider":"","_tribe_ticket_capacity":"2","_ticket_start_date":"","_ticket_end_date":"","_tribe_ticket_show_description":"","_tribe_ticket_show_not_going":false,"_tribe_ticket_use_global_stock":"","_tribe_ticket_global_stock_level":"","_global_stock_mode":"","_global_stock_cap":"","_tribe_rsvp_for_event":"","_tribe_ticket_going_count":"","_tribe_ticket_not_going_count":"","_tribe_tickets_list":"[]","_tribe_ticket_has_attendee_info_fields":false,"_EventAllDay":false,"_EventTimezone":"","_EventStartDate":"","_EventEndDate":"","_EventStartDateUTC":"","_EventEndDateUTC":"","_EventShowMap":false,"_EventShowMapLink":false,"_EventURL":"","_EventCost":"","_EventCostDescription":"","_EventCurrencySymbol":"","_EventCurrencyCode":"","_EventCurrencyPosition":"","_EventDateTimeSeparator":"","_EventTimeRangeSeparator":"","_EventOrganizerID":[],"_EventVenueID":[],"_OrganizerEmail":"","_OrganizerPhone":"","_OrganizerWebsite":"","_VenueAddress":"","_VenueCity":"","_VenueCountry":"","_VenueProvince":"","_VenueState":"","_VenueZip":"","_VenuePhone":"","_VenueURL":"","_VenueStateProvince":"","_VenueLat":"","_VenueLng":"","_VenueShowMap":false,"_VenueShowMapLink":false},"product_brand":[],"product_cat":[39,71,44],"product_tag":[],"class_list":{"0":"post-1896","1":"product","2":"type-product","3":"status-publish","4":"has-post-thumbnail","6":"product_cat-engatesrapidos","7":"product_cat-mancais","8":"product_cat-pecasimplementosagricolas","10":"first","11":"instock","12":"shipping-taxable","13":"purchasable","14":"product-type-simple"},"jetpack_sharing_enabled":true,"_links":{"self":[{"href":"https:\/\/agriomac.com.br\/loja\/wp-json\/wp\/v2\/product\/1896","targetHints":{"allow":["GET"]}}],"collection":[{"href":"https:\/\/agriomac.com.br\/loja\/wp-json\/wp\/v2\/product"}],"about":[{"href":"https:\/\/agriomac.com.br\/loja\/wp-json\/wp\/v2\/types\/product"}],"replies":[{"embeddable":true,"href":"https:\/\/agriomac.com.br\/loja\/wp-json\/wp\/v2\/comments?post=1896"}],"version-history":[{"count":1,"href":"https:\/\/agriomac.com.br\/loja\/wp-json\/wp\/v2\/product\/1896\/revisions"}],"predecessor-version":[{"id":1897,"href":"https:\/\/agriomac.com.br\/loja\/wp-json\/wp\/v2\/product\/1896\/revisions\/1897"}],"wp:featuredmedia":[{"embeddable":true,"href":"https:\/\/agriomac.com.br\/loja\/wp-json\/wp\/v2\/media\/1880"}],"wp:attachment":[{"href":"https:\/\/agriomac.com.br\/loja\/wp-json\/wp\/v2\/media?parent=1896"}],"wp:term":[{"taxonomy":"product_brand","embeddable":true,"href":"https:\/\/agriomac.com.br\/loja\/wp-json\/wp\/v2\/product_brand?post=1896"},{"taxonomy":"product_cat","embeddable":true,"href":"https:\/\/agriomac.com.br\/loja\/wp-json\/wp\/v2\/product_cat?post=1896"},{"taxonomy":"product_tag","embeddable":true,"href":"https:\/\/agriomac.com.br\/loja\/wp-json\/wp\/v2\/product_tag?post=1896"}],"curies":[{"name":"wp","href":"https:\/\/api.w.org\/{rel}","templated":true}]}}