{"id":1909,"date":"2025-06-03T03:37:39","date_gmt":"2025-06-03T03:37:39","guid":{"rendered":"https:\/\/agriomac.com.br\/loja\/?post_type=product&#038;p=1909"},"modified":"2025-06-05T02:31:17","modified_gmt":"2025-06-05T02:31:17","slug":"porca-sx-1-c-10un","status":"publish","type":"product","link":"https:\/\/agriomac.com.br\/loja\/produto\/porca-sx-1-c-10un\/","title":{"rendered":"PORCA SX 1&#8243; &#8211; C\/10un"},"content":{"rendered":"<p data-start=\"1122\" data-end=\"1354\">O conjunto com 10 Porcas Sextavadas 1&#8243; UNC oferece resist\u00eancia e seguran\u00e7a para aplica\u00e7\u00f5es robustas. Ideal para utiliza\u00e7\u00e3o em montagens industriais e agr\u00edcolas, proporciona encaixe preciso e torque elevado.<\/p>\n<p data-start=\"1356\" data-end=\"1385\"><strong data-start=\"1356\" data-end=\"1385\">Caracter\u00edsticas t\u00e9cnicas:<\/strong><\/p>\n<ul data-start=\"1386\" data-end=\"1634\">\n<li data-start=\"1386\" data-end=\"1409\">\n<p data-start=\"1388\" data-end=\"1409\">Tipo: Porca sextavada<\/p>\n<\/li>\n<li data-start=\"1410\" data-end=\"1440\">\n<p data-start=\"1412\" data-end=\"1440\">Rosca: UNC 1&#8243; (rosca grossa)<\/p>\n<\/li>\n<li data-start=\"1441\" data-end=\"1455\">\n<p data-start=\"1443\" data-end=\"1455\">Di\u00e2metro: 1&#8243;<\/p>\n<\/li>\n<li data-start=\"1456\" data-end=\"1481\">\n<p data-start=\"1458\" data-end=\"1481\">Quantidade: 10 unidades<\/p>\n<\/li>\n<li data-start=\"1482\" data-end=\"1502\">\n<p data-start=\"1484\" data-end=\"1502\">Classe: SAE padr\u00e3o<\/p>\n<\/li>\n<li data-start=\"1503\" data-end=\"1526\">\n<p data-start=\"1505\" data-end=\"1526\">Material: A\u00e7o carbono<\/p>\n<\/li>\n<li data-start=\"1527\" data-end=\"1548\">\n<p data-start=\"1529\" data-end=\"1548\">Acabamento: Zincado<\/p>\n<\/li>\n<li data-start=\"1549\" data-end=\"1634\">\n<p data-start=\"1551\" data-end=\"1634\">Aplica\u00e7\u00f5es: Fixa\u00e7\u00f5es de grande porte, equipamentos agr\u00edcolas e estruturas met\u00e1licas<\/p>\n<\/li>\n<\/ul>\n","protected":false},"excerpt":{"rendered":"<p data-start=\"989\" data-end=\"1120\">Kit com 10 Porcas Sextavadas 1&#8243; \u2013 Alta resist\u00eancia para fixa\u00e7\u00f5es em m\u00e1quinas pesadas e estruturas met\u00e1licas.<\/p>\n<p data-start=\"1122\" data-end=\"1354\">\n","protected":false},"featured_media":1975,"comment_status":"open","ping_status":"closed","template":"","meta":{"_price":"62","_stock":"2","_tribe_ticket_header":"","_tribe_default_ticket_provider":"","_tribe_ticket_capacity":"2","_ticket_start_date":"","_ticket_end_date":"","_tribe_ticket_show_description":"","_tribe_ticket_show_not_going":false,"_tribe_ticket_use_global_stock":"","_tribe_ticket_global_stock_level":"","_global_stock_mode":"","_global_stock_cap":"","_tribe_rsvp_for_event":"","_tribe_ticket_going_count":"","_tribe_ticket_not_going_count":"","_tribe_tickets_list":"[]","_tribe_ticket_has_attendee_info_fields":false,"_EventAllDay":false,"_EventTimezone":"","_EventStartDate":"","_EventEndDate":"","_EventStartDateUTC":"","_EventEndDateUTC":"","_EventShowMap":false,"_EventShowMapLink":false,"_EventURL":"","_EventCost":"","_EventCostDescription":"","_EventCurrencySymbol":"","_EventCurrencyCode":"","_EventCurrencyPosition":"","_EventDateTimeSeparator":"","_EventTimeRangeSeparator":"","_EventOrganizerID":[],"_EventVenueID":[],"_OrganizerEmail":"","_OrganizerPhone":"","_OrganizerWebsite":"","_VenueAddress":"","_VenueCity":"","_VenueCountry":"","_VenueProvince":"","_VenueState":"","_VenueZip":"","_VenuePhone":"","_VenueURL":"","_VenueStateProvince":"","_VenueLat":"","_VenueLng":"","_VenueShowMap":false,"_VenueShowMapLink":false},"product_brand":[],"product_cat":[35],"product_tag":[],"class_list":{"0":"post-1909","1":"product","2":"type-product","3":"status-publish","4":"has-post-thumbnail","6":"product_cat-parafusoseporcas","8":"first","9":"instock","10":"shipping-taxable","11":"purchasable","12":"product-type-simple"},"jetpack_sharing_enabled":true,"_links":{"self":[{"href":"https:\/\/agriomac.com.br\/loja\/wp-json\/wp\/v2\/product\/1909","targetHints":{"allow":["GET"]}}],"collection":[{"href":"https:\/\/agriomac.com.br\/loja\/wp-json\/wp\/v2\/product"}],"about":[{"href":"https:\/\/agriomac.com.br\/loja\/wp-json\/wp\/v2\/types\/product"}],"replies":[{"embeddable":true,"href":"https:\/\/agriomac.com.br\/loja\/wp-json\/wp\/v2\/comments?post=1909"}],"version-history":[{"count":1,"href":"https:\/\/agriomac.com.br\/loja\/wp-json\/wp\/v2\/product\/1909\/revisions"}],"predecessor-version":[{"id":1910,"href":"https:\/\/agriomac.com.br\/loja\/wp-json\/wp\/v2\/product\/1909\/revisions\/1910"}],"wp:featuredmedia":[{"embeddable":true,"href":"https:\/\/agriomac.com.br\/loja\/wp-json\/wp\/v2\/media\/1975"}],"wp:attachment":[{"href":"https:\/\/agriomac.com.br\/loja\/wp-json\/wp\/v2\/media?parent=1909"}],"wp:term":[{"taxonomy":"product_brand","embeddable":true,"href":"https:\/\/agriomac.com.br\/loja\/wp-json\/wp\/v2\/product_brand?post=1909"},{"taxonomy":"product_cat","embeddable":true,"href":"https:\/\/agriomac.com.br\/loja\/wp-json\/wp\/v2\/product_cat?post=1909"},{"taxonomy":"product_tag","embeddable":true,"href":"https:\/\/agriomac.com.br\/loja\/wp-json\/wp\/v2\/product_tag?post=1909"}],"curies":[{"name":"wp","href":"https:\/\/api.w.org\/{rel}","templated":true}]}}