{"id":1911,"date":"2025-06-03T03:38:50","date_gmt":"2025-06-03T03:38:50","guid":{"rendered":"https:\/\/agriomac.com.br\/loja\/?post_type=product&#038;p=1911"},"modified":"2025-06-05T02:33:19","modified_gmt":"2025-06-05T02:33:19","slug":"porca-sx-auto-travante-alta-nc-3-4-c-10un","status":"publish","type":"product","link":"https:\/\/agriomac.com.br\/loja\/produto\/porca-sx-auto-travante-alta-nc-3-4-c-10un\/","title":{"rendered":"PORCA SX AUTO TRAVANTE ALTA NC 3\/4 &#8211; C\/10un"},"content":{"rendered":"<p data-start=\"1826\" data-end=\"2055\">Este kit cont\u00e9m 10 Porcas Auto Travantes Altas 3\/4&#8243; NC, ideais para sistemas com alto n\u00edvel de vibra\u00e7\u00e3o. O anel de nylon interno garante travamento eficaz, mesmo em aplica\u00e7\u00f5es com movimenta\u00e7\u00e3o constante.<\/p>\n<p data-start=\"2057\" data-end=\"2086\"><strong data-start=\"2057\" data-end=\"2086\">Caracter\u00edsticas t\u00e9cnicas:<\/strong><\/p>\n<ul data-start=\"2087\" data-end=\"2310\">\n<li data-start=\"2087\" data-end=\"2119\">\n<p data-start=\"2089\" data-end=\"2119\">Tipo: Porca auto travante alta<\/p>\n<\/li>\n<li data-start=\"2120\" data-end=\"2142\">\n<p data-start=\"2122\" data-end=\"2142\">Rosca: UNC (NC) 3\/4&#8243;<\/p>\n<\/li>\n<li data-start=\"2143\" data-end=\"2168\">\n<p data-start=\"2145\" data-end=\"2168\">Quantidade: 10 unidades<\/p>\n<\/li>\n<li data-start=\"2169\" data-end=\"2210\">\n<p data-start=\"2171\" data-end=\"2210\">Material: A\u00e7o carbono com anel de nylon<\/p>\n<\/li>\n<li data-start=\"2211\" data-end=\"2232\">\n<p data-start=\"2213\" data-end=\"2232\">Acabamento: Zincado<\/p>\n<\/li>\n<li data-start=\"2233\" data-end=\"2310\">\n<p data-start=\"2235\" data-end=\"2310\">Aplica\u00e7\u00f5es: Equipamentos vibrat\u00f3rios, suspens\u00f5es, sistemas mec\u00e2nicos m\u00f3veis<\/p>\n<\/li>\n<\/ul>\n","protected":false},"excerpt":{"rendered":"<p data-start=\"1698\" data-end=\"1824\">Kit com 10 Porcas Auto Travantes Altas 3\/4&#8243; NC \u2013 Com anel de nylon para travamento seguro sob vibra\u00e7\u00e3o.<\/p>\n<p data-start=\"1826\" data-end=\"2055\">\n","protected":false},"featured_media":1976,"comment_status":"open","ping_status":"closed","template":"","meta":{"_price":"44.80","_stock":"2","_tribe_ticket_header":"","_tribe_default_ticket_provider":"","_tribe_ticket_capacity":"2","_ticket_start_date":"","_ticket_end_date":"","_tribe_ticket_show_description":"","_tribe_ticket_show_not_going":false,"_tribe_ticket_use_global_stock":"","_tribe_ticket_global_stock_level":"","_global_stock_mode":"","_global_stock_cap":"","_tribe_rsvp_for_event":"","_tribe_ticket_going_count":"","_tribe_ticket_not_going_count":"","_tribe_tickets_list":"[]","_tribe_ticket_has_attendee_info_fields":false,"_EventAllDay":false,"_EventTimezone":"","_EventStartDate":"","_EventEndDate":"","_EventStartDateUTC":"","_EventEndDateUTC":"","_EventShowMap":false,"_EventShowMapLink":false,"_EventURL":"","_EventCost":"","_EventCostDescription":"","_EventCurrencySymbol":"","_EventCurrencyCode":"","_EventCurrencyPosition":"","_EventDateTimeSeparator":"","_EventTimeRangeSeparator":"","_EventOrganizerID":[],"_EventVenueID":[],"_OrganizerEmail":"","_OrganizerPhone":"","_OrganizerWebsite":"","_VenueAddress":"","_VenueCity":"","_VenueCountry":"","_VenueProvince":"","_VenueState":"","_VenueZip":"","_VenuePhone":"","_VenueURL":"","_VenueStateProvince":"","_VenueLat":"","_VenueLng":"","_VenueShowMap":false,"_VenueShowMapLink":false},"product_brand":[],"product_cat":[35],"product_tag":[],"class_list":{"0":"post-1911","1":"product","2":"type-product","3":"status-publish","4":"has-post-thumbnail","6":"product_cat-parafusoseporcas","8":"first","9":"instock","10":"shipping-taxable","11":"purchasable","12":"product-type-simple"},"jetpack_sharing_enabled":true,"_links":{"self":[{"href":"https:\/\/agriomac.com.br\/loja\/wp-json\/wp\/v2\/product\/1911","targetHints":{"allow":["GET"]}}],"collection":[{"href":"https:\/\/agriomac.com.br\/loja\/wp-json\/wp\/v2\/product"}],"about":[{"href":"https:\/\/agriomac.com.br\/loja\/wp-json\/wp\/v2\/types\/product"}],"replies":[{"embeddable":true,"href":"https:\/\/agriomac.com.br\/loja\/wp-json\/wp\/v2\/comments?post=1911"}],"version-history":[{"count":1,"href":"https:\/\/agriomac.com.br\/loja\/wp-json\/wp\/v2\/product\/1911\/revisions"}],"predecessor-version":[{"id":1912,"href":"https:\/\/agriomac.com.br\/loja\/wp-json\/wp\/v2\/product\/1911\/revisions\/1912"}],"wp:featuredmedia":[{"embeddable":true,"href":"https:\/\/agriomac.com.br\/loja\/wp-json\/wp\/v2\/media\/1976"}],"wp:attachment":[{"href":"https:\/\/agriomac.com.br\/loja\/wp-json\/wp\/v2\/media?parent=1911"}],"wp:term":[{"taxonomy":"product_brand","embeddable":true,"href":"https:\/\/agriomac.com.br\/loja\/wp-json\/wp\/v2\/product_brand?post=1911"},{"taxonomy":"product_cat","embeddable":true,"href":"https:\/\/agriomac.com.br\/loja\/wp-json\/wp\/v2\/product_cat?post=1911"},{"taxonomy":"product_tag","embeddable":true,"href":"https:\/\/agriomac.com.br\/loja\/wp-json\/wp\/v2\/product_tag?post=1911"}],"curies":[{"name":"wp","href":"https:\/\/api.w.org\/{rel}","templated":true}]}}