{"id":1913,"date":"2025-06-03T03:39:32","date_gmt":"2025-06-03T03:39:32","guid":{"rendered":"https:\/\/agriomac.com.br\/loja\/?post_type=product&#038;p=1913"},"modified":"2025-06-05T02:35:20","modified_gmt":"2025-06-05T02:35:20","slug":"porca-sx-auto-travante-baixa-ma-20-c-10un","status":"publish","type":"product","link":"https:\/\/agriomac.com.br\/loja\/produto\/porca-sx-auto-travante-baixa-ma-20-c-10un\/","title":{"rendered":"PORCA SX AUTO TRAVANTE BAIXA MA 20 &#8211; C\/10un"},"content":{"rendered":"<p data-start=\"2501\" data-end=\"2758\">O Kit com 10 Porcas Auto Travantes M20 (perfil baixo) \u00e9 ideal para aplica\u00e7\u00f5es com pouco espa\u00e7o para fixa\u00e7\u00e3o. Seu inserto de nylon evita o afrouxamento por vibra\u00e7\u00e3o, sendo uma excelente escolha para m\u00e1quinas e implementos agr\u00edcolas.<\/p>\n<p data-start=\"2760\" data-end=\"2789\"><strong data-start=\"2760\" data-end=\"2789\">Caracter\u00edsticas t\u00e9cnicas:<\/strong><\/p>\n<ul data-start=\"2790\" data-end=\"3046\">\n<li data-start=\"2790\" data-end=\"2823\">\n<p data-start=\"2792\" data-end=\"2823\">Tipo: Porca auto travante baixa<\/p>\n<\/li>\n<li data-start=\"2824\" data-end=\"2844\">\n<p data-start=\"2826\" data-end=\"2844\">Rosca: M\u00e9trica M20<\/p>\n<\/li>\n<li data-start=\"2845\" data-end=\"2861\">\n<p data-start=\"2847\" data-end=\"2861\">Di\u00e2metro: 20mm<\/p>\n<\/li>\n<li data-start=\"2862\" data-end=\"2887\">\n<p data-start=\"2864\" data-end=\"2887\">Quantidade: 10 unidades<\/p>\n<\/li>\n<li data-start=\"2888\" data-end=\"2930\">\n<p data-start=\"2890\" data-end=\"2930\">Material: A\u00e7o carbono com trava em nylon<\/p>\n<\/li>\n<li data-start=\"2931\" data-end=\"2952\">\n<p data-start=\"2933\" data-end=\"2952\">Acabamento: Zincado<\/p>\n<\/li>\n<li data-start=\"2953\" data-end=\"3046\">\n<p data-start=\"2955\" data-end=\"3046\">Aplica\u00e7\u00f5es: Equipamentos com limita\u00e7\u00e3o de espa\u00e7o, implementos agr\u00edcolas, sistemas rotativos<\/p>\n<\/li>\n<\/ul>\n","protected":false},"excerpt":{"rendered":"<p data-start=\"2373\" data-end=\"2499\">Kit com 10 Porcas Auto Travantes Baixas M20 \u2013 Perfil compacto com trava de nylon para fixa\u00e7\u00f5es seguras.<\/p>\n<p data-start=\"2501\" data-end=\"2758\">\n","protected":false},"featured_media":1977,"comment_status":"open","ping_status":"closed","template":"","meta":{"_price":"39","_stock":"2","_tribe_ticket_header":"","_tribe_default_ticket_provider":"","_tribe_ticket_capacity":"2","_ticket_start_date":"","_ticket_end_date":"","_tribe_ticket_show_description":"","_tribe_ticket_show_not_going":false,"_tribe_ticket_use_global_stock":"","_tribe_ticket_global_stock_level":"","_global_stock_mode":"","_global_stock_cap":"","_tribe_rsvp_for_event":"","_tribe_ticket_going_count":"","_tribe_ticket_not_going_count":"","_tribe_tickets_list":"[]","_tribe_ticket_has_attendee_info_fields":false,"_EventAllDay":false,"_EventTimezone":"","_EventStartDate":"","_EventEndDate":"","_EventStartDateUTC":"","_EventEndDateUTC":"","_EventShowMap":false,"_EventShowMapLink":false,"_EventURL":"","_EventCost":"","_EventCostDescription":"","_EventCurrencySymbol":"","_EventCurrencyCode":"","_EventCurrencyPosition":"","_EventDateTimeSeparator":"","_EventTimeRangeSeparator":"","_EventOrganizerID":[],"_EventVenueID":[],"_OrganizerEmail":"","_OrganizerPhone":"","_OrganizerWebsite":"","_VenueAddress":"","_VenueCity":"","_VenueCountry":"","_VenueProvince":"","_VenueState":"","_VenueZip":"","_VenuePhone":"","_VenueURL":"","_VenueStateProvince":"","_VenueLat":"","_VenueLng":"","_VenueShowMap":false,"_VenueShowMapLink":false},"product_brand":[],"product_cat":[35],"product_tag":[],"class_list":{"0":"post-1913","1":"product","2":"type-product","3":"status-publish","4":"has-post-thumbnail","6":"product_cat-parafusoseporcas","8":"first","9":"instock","10":"shipping-taxable","11":"purchasable","12":"product-type-simple"},"jetpack_sharing_enabled":true,"_links":{"self":[{"href":"https:\/\/agriomac.com.br\/loja\/wp-json\/wp\/v2\/product\/1913","targetHints":{"allow":["GET"]}}],"collection":[{"href":"https:\/\/agriomac.com.br\/loja\/wp-json\/wp\/v2\/product"}],"about":[{"href":"https:\/\/agriomac.com.br\/loja\/wp-json\/wp\/v2\/types\/product"}],"replies":[{"embeddable":true,"href":"https:\/\/agriomac.com.br\/loja\/wp-json\/wp\/v2\/comments?post=1913"}],"version-history":[{"count":1,"href":"https:\/\/agriomac.com.br\/loja\/wp-json\/wp\/v2\/product\/1913\/revisions"}],"predecessor-version":[{"id":1914,"href":"https:\/\/agriomac.com.br\/loja\/wp-json\/wp\/v2\/product\/1913\/revisions\/1914"}],"wp:featuredmedia":[{"embeddable":true,"href":"https:\/\/agriomac.com.br\/loja\/wp-json\/wp\/v2\/media\/1977"}],"wp:attachment":[{"href":"https:\/\/agriomac.com.br\/loja\/wp-json\/wp\/v2\/media?parent=1913"}],"wp:term":[{"taxonomy":"product_brand","embeddable":true,"href":"https:\/\/agriomac.com.br\/loja\/wp-json\/wp\/v2\/product_brand?post=1913"},{"taxonomy":"product_cat","embeddable":true,"href":"https:\/\/agriomac.com.br\/loja\/wp-json\/wp\/v2\/product_cat?post=1913"},{"taxonomy":"product_tag","embeddable":true,"href":"https:\/\/agriomac.com.br\/loja\/wp-json\/wp\/v2\/product_tag?post=1913"}],"curies":[{"name":"wp","href":"https:\/\/api.w.org\/{rel}","templated":true}]}}