{"id":1926,"date":"2025-06-05T01:51:59","date_gmt":"2025-06-05T01:51:59","guid":{"rendered":"https:\/\/agriomac.com.br\/loja\/?post_type=product&#038;p=1926"},"modified":"2025-07-22T13:25:46","modified_gmt":"2025-07-22T13:25:46","slug":"adaptador-sae-m-1-1-16-jic-x-m-3-4-cod559","status":"publish","type":"product","link":"https:\/\/agriomac.com.br\/loja\/produto\/adaptador-sae-m-1-1-16-jic-x-m-3-4-cod559\/","title":{"rendered":"ADAPTADOR SAE M 1.1\/16&#8243; JIC X M 3\/4 &#8211; COD559"},"content":{"rendered":"<p data-start=\"2900\" data-end=\"3163\">Esse adaptador macho-macho permite conectar um terminal JIC com rosca UNF de 1.1\/16&#8243; a uma entrada SAE de 3\/4&#8243;, mantendo a veda\u00e7\u00e3o eficiente. Constru\u00eddo em a\u00e7o zincado, \u00e9 robusto e indicado para uso em linhas hidr\u00e1ulicas de alta press\u00e3o.<\/p>\n<p data-start=\"3165\" data-end=\"3194\"><strong data-start=\"3165\" data-end=\"3194\">Caracter\u00edsticas t\u00e9cnicas:<\/strong><\/p>\n<ul data-start=\"3195\" data-end=\"3420\">\n<li data-start=\"3195\" data-end=\"3226\">\n<p data-start=\"3197\" data-end=\"3226\">Tipo: Adaptador macho-macho<\/p>\n<\/li>\n<li data-start=\"3227\" data-end=\"3262\">\n<p data-start=\"3229\" data-end=\"3262\">Conex\u00e3o: JIC 1.1\/16&#8243; x SAE 3\/4&#8243;<\/p>\n<\/li>\n<li data-start=\"3263\" data-end=\"3288\">\n<p data-start=\"3265\" data-end=\"3288\">Material: A\u00e7o carbono<\/p>\n<\/li>\n<li data-start=\"3289\" data-end=\"3312\">\n<p data-start=\"3291\" data-end=\"3312\">Acabamento: Zincado<\/p>\n<\/li>\n<li data-start=\"3313\" data-end=\"3350\">\n<p data-start=\"3315\" data-end=\"3350\">Veda\u00e7\u00e3o: Cone JIC 37\u00b0 x rosca SAE<\/p>\n<\/li>\n<li data-start=\"3351\" data-end=\"3420\">\n<p data-start=\"3353\" data-end=\"3420\">Aplica\u00e7\u00f5es: Equipamentos agr\u00edcolas, industriais e hidr\u00e1ulica geral.<\/p>\n<\/li>\n<\/ul>\n","protected":false},"excerpt":{"rendered":"<p data-start=\"2777\" data-end=\"2898\">Adaptador macho-macho com conex\u00e3o JIC 1.1\/16&#8243; e rosca SAE 3\/4&#8243;, utilizado em sistemas hidr\u00e1ulicos.<\/p>\n<p data-start=\"2900\" data-end=\"3163\">\n","protected":false},"featured_media":1936,"comment_status":"open","ping_status":"closed","template":"","meta":{"_price":"30.36","_stock":"5","_tribe_ticket_header":"","_tribe_default_ticket_provider":"","_tribe_ticket_capacity":"10","_ticket_start_date":"","_ticket_end_date":"","_tribe_ticket_show_description":"","_tribe_ticket_show_not_going":false,"_tribe_ticket_use_global_stock":"","_tribe_ticket_global_stock_level":"","_global_stock_mode":"","_global_stock_cap":"","_tribe_rsvp_for_event":"","_tribe_ticket_going_count":"","_tribe_ticket_not_going_count":"","_tribe_tickets_list":"[]","_tribe_ticket_has_attendee_info_fields":false,"_EventAllDay":false,"_EventTimezone":"","_EventStartDate":"","_EventEndDate":"","_EventStartDateUTC":"","_EventEndDateUTC":"","_EventShowMap":false,"_EventShowMapLink":false,"_EventURL":"","_EventCost":"","_EventCostDescription":"","_EventCurrencySymbol":"","_EventCurrencyCode":"","_EventCurrencyPosition":"","_EventDateTimeSeparator":"","_EventTimeRangeSeparator":"","_EventOrganizerID":[],"_EventVenueID":[],"_OrganizerEmail":"","_OrganizerPhone":"","_OrganizerWebsite":"","_VenueAddress":"","_VenueCity":"","_VenueCountry":"","_VenueProvince":"","_VenueState":"","_VenueZip":"","_VenuePhone":"","_VenueURL":"","_VenueStateProvince":"","_VenueLat":"","_VenueLng":"","_VenueShowMap":false,"_VenueShowMapLink":false},"product_brand":[],"product_cat":[42],"product_tag":[],"class_list":{"0":"post-1926","1":"product","2":"type-product","3":"status-publish","4":"has-post-thumbnail","6":"product_cat-mangueiraseconexoes","8":"first","9":"instock","10":"shipping-taxable","11":"purchasable","12":"product-type-simple"},"jetpack_sharing_enabled":true,"_links":{"self":[{"href":"https:\/\/agriomac.com.br\/loja\/wp-json\/wp\/v2\/product\/1926","targetHints":{"allow":["GET"]}}],"collection":[{"href":"https:\/\/agriomac.com.br\/loja\/wp-json\/wp\/v2\/product"}],"about":[{"href":"https:\/\/agriomac.com.br\/loja\/wp-json\/wp\/v2\/types\/product"}],"replies":[{"embeddable":true,"href":"https:\/\/agriomac.com.br\/loja\/wp-json\/wp\/v2\/comments?post=1926"}],"version-history":[{"count":1,"href":"https:\/\/agriomac.com.br\/loja\/wp-json\/wp\/v2\/product\/1926\/revisions"}],"predecessor-version":[{"id":1927,"href":"https:\/\/agriomac.com.br\/loja\/wp-json\/wp\/v2\/product\/1926\/revisions\/1927"}],"wp:featuredmedia":[{"embeddable":true,"href":"https:\/\/agriomac.com.br\/loja\/wp-json\/wp\/v2\/media\/1936"}],"wp:attachment":[{"href":"https:\/\/agriomac.com.br\/loja\/wp-json\/wp\/v2\/media?parent=1926"}],"wp:term":[{"taxonomy":"product_brand","embeddable":true,"href":"https:\/\/agriomac.com.br\/loja\/wp-json\/wp\/v2\/product_brand?post=1926"},{"taxonomy":"product_cat","embeddable":true,"href":"https:\/\/agriomac.com.br\/loja\/wp-json\/wp\/v2\/product_cat?post=1926"},{"taxonomy":"product_tag","embeddable":true,"href":"https:\/\/agriomac.com.br\/loja\/wp-json\/wp\/v2\/product_tag?post=1926"}],"curies":[{"name":"wp","href":"https:\/\/api.w.org\/{rel}","templated":true}]}}