{"id":1932,"date":"2025-06-05T01:53:38","date_gmt":"2025-06-05T01:53:38","guid":{"rendered":"https:\/\/agriomac.com.br\/loja\/?post_type=product&#038;p=1932"},"modified":"2025-07-22T13:24:59","modified_gmt":"2025-07-22T13:24:59","slug":"adaptador-mf-1-1-16-jic-37-x-fg-1-5-16-nf-jic-37","status":"publish","type":"product","link":"https:\/\/agriomac.com.br\/loja\/produto\/adaptador-mf-1-1-16-jic-37-x-fg-1-5-16-nf-jic-37\/","title":{"rendered":"ADAPTADOR MF 1.1\/16  JIC 37 X FG 1.5\/16&#8243; NF JIC 37"},"content":{"rendered":"<p data-start=\"5167\" data-end=\"5404\">Permite conex\u00e3o entre componentes hidr\u00e1ulicos de diferentes di\u00e2metros com veda\u00e7\u00e3o por cone JIC 37\u00b0, utilizando uma ponta girat\u00f3ria para facilitar a montagem. Constru\u00e7\u00e3o robusta em a\u00e7o com prote\u00e7\u00e3o anticorrosiva.<\/p>\n<p data-start=\"5406\" data-end=\"5435\"><strong data-start=\"5406\" data-end=\"5435\">Caracter\u00edsticas t\u00e9cnicas:<\/strong><\/p>\n<ul data-start=\"5436\" data-end=\"5702\">\n<li data-start=\"5436\" data-end=\"5479\">\n<p data-start=\"5438\" data-end=\"5479\">Tipo: Adaptador hidr\u00e1ulico MF girat\u00f3rio<\/p>\n<\/li>\n<li data-start=\"5480\" data-end=\"5528\">\n<p data-start=\"5482\" data-end=\"5528\">Conex\u00e3o: JIC 1.1\/16&#8243; x JIC 1.5\/16&#8243; girat\u00f3ria<\/p>\n<\/li>\n<li data-start=\"5529\" data-end=\"5554\">\n<p data-start=\"5531\" data-end=\"5554\">Material: A\u00e7o carbono<\/p>\n<\/li>\n<li data-start=\"5555\" data-end=\"5578\">\n<p data-start=\"5557\" data-end=\"5578\">Acabamento: Zincado<\/p>\n<\/li>\n<li data-start=\"5579\" data-end=\"5600\">\n<p data-start=\"5581\" data-end=\"5600\">Veda\u00e7\u00e3o: Cone 37\u00b0<\/p>\n<\/li>\n<li data-start=\"5601\" data-end=\"5702\">\n<p data-start=\"5603\" data-end=\"5702\">Aplica\u00e7\u00f5es: Linhas hidr\u00e1ulicas de alta press\u00e3o, conex\u00f5es de tratores, colheitadeiras e implementos.<\/p>\n<\/li>\n<\/ul>\n","protected":false},"excerpt":{"rendered":"<p data-start=\"5009\" data-end=\"5165\">Adaptador hidr\u00e1ulico macho JIC 1.1\/16&#8243; x f\u00eamea girat\u00f3ria JIC 1.5\/16&#8243;, ideal para transi\u00e7\u00e3o entre bitolas em sistemas de alta press\u00e3o.<\/p>\n<p data-start=\"5167\" data-end=\"5404\">\n","protected":false},"featured_media":1919,"comment_status":"open","ping_status":"closed","template":"","meta":{"_price":"38","_stock":"5","_tribe_ticket_header":"","_tribe_default_ticket_provider":"","_tribe_ticket_capacity":"10","_ticket_start_date":"","_ticket_end_date":"","_tribe_ticket_show_description":"","_tribe_ticket_show_not_going":false,"_tribe_ticket_use_global_stock":"","_tribe_ticket_global_stock_level":"","_global_stock_mode":"","_global_stock_cap":"","_tribe_rsvp_for_event":"","_tribe_ticket_going_count":"","_tribe_ticket_not_going_count":"","_tribe_tickets_list":"[]","_tribe_ticket_has_attendee_info_fields":false,"_EventAllDay":false,"_EventTimezone":"","_EventStartDate":"","_EventEndDate":"","_EventStartDateUTC":"","_EventEndDateUTC":"","_EventShowMap":false,"_EventShowMapLink":false,"_EventURL":"","_EventCost":"","_EventCostDescription":"","_EventCurrencySymbol":"","_EventCurrencyCode":"","_EventCurrencyPosition":"","_EventDateTimeSeparator":"","_EventTimeRangeSeparator":"","_EventOrganizerID":[],"_EventVenueID":[],"_OrganizerEmail":"","_OrganizerPhone":"","_OrganizerWebsite":"","_VenueAddress":"","_VenueCity":"","_VenueCountry":"","_VenueProvince":"","_VenueState":"","_VenueZip":"","_VenuePhone":"","_VenueURL":"","_VenueStateProvince":"","_VenueLat":"","_VenueLng":"","_VenueShowMap":false,"_VenueShowMapLink":false},"product_brand":[],"product_cat":[42],"product_tag":[],"class_list":{"0":"post-1932","1":"product","2":"type-product","3":"status-publish","4":"has-post-thumbnail","6":"product_cat-mangueiraseconexoes","8":"first","9":"instock","10":"shipping-taxable","11":"purchasable","12":"product-type-simple"},"jetpack_sharing_enabled":true,"_links":{"self":[{"href":"https:\/\/agriomac.com.br\/loja\/wp-json\/wp\/v2\/product\/1932","targetHints":{"allow":["GET"]}}],"collection":[{"href":"https:\/\/agriomac.com.br\/loja\/wp-json\/wp\/v2\/product"}],"about":[{"href":"https:\/\/agriomac.com.br\/loja\/wp-json\/wp\/v2\/types\/product"}],"replies":[{"embeddable":true,"href":"https:\/\/agriomac.com.br\/loja\/wp-json\/wp\/v2\/comments?post=1932"}],"version-history":[{"count":1,"href":"https:\/\/agriomac.com.br\/loja\/wp-json\/wp\/v2\/product\/1932\/revisions"}],"predecessor-version":[{"id":1934,"href":"https:\/\/agriomac.com.br\/loja\/wp-json\/wp\/v2\/product\/1932\/revisions\/1934"}],"wp:featuredmedia":[{"embeddable":true,"href":"https:\/\/agriomac.com.br\/loja\/wp-json\/wp\/v2\/media\/1919"}],"wp:attachment":[{"href":"https:\/\/agriomac.com.br\/loja\/wp-json\/wp\/v2\/media?parent=1932"}],"wp:term":[{"taxonomy":"product_brand","embeddable":true,"href":"https:\/\/agriomac.com.br\/loja\/wp-json\/wp\/v2\/product_brand?post=1932"},{"taxonomy":"product_cat","embeddable":true,"href":"https:\/\/agriomac.com.br\/loja\/wp-json\/wp\/v2\/product_cat?post=1932"},{"taxonomy":"product_tag","embeddable":true,"href":"https:\/\/agriomac.com.br\/loja\/wp-json\/wp\/v2\/product_tag?post=1932"}],"curies":[{"name":"wp","href":"https:\/\/api.w.org\/{rel}","templated":true}]}}